{"id":4500,"date":"2025-05-17T05:03:39","date_gmt":"2025-05-17T05:03:39","guid":{"rendered":"https:\/\/presstix.com\/support\/?page_id=4500"},"modified":"2025-05-21T06:01:55","modified_gmt":"2025-05-21T06:01:55","slug":"ouvrez-un-ticket-support","status":"publish","type":"page","link":"https:\/\/presstix.com\/support\/ouvrez-un-ticket-support\/","title":{"rendered":"Ouvrez un ticket support"},"content":{"rendered":"<h2 style=\"text-align: center;\"><span style=\"color: #000000;\"><strong>Organisateurs \/ <\/strong><strong>Utilisateurs<\/strong><\/span><\/h2>\n<p><span style=\"color: #000000;\">Vous avez une question ou rencontrez un souci avec votre \u00e9v\u00e9nement ou vos billets ? <\/span><\/p>\n<p><span style=\"color: #000000;\">\ud83d\udc49 Notre \u00e9quipe est l\u00e0 pour vous aider si vous ne trouvez pas la r\u00e9ponse dans notre foire a<span style=\"color: #d18615;\"> <a style=\"color: #d18615;\" href=\"https:\/\/presstix.com\/support\/\">questions\/r\u00e9ponses<\/a>.<\/span><br \/>\n<\/span><\/p>\n<p><span style=\"color: #000000;\">\ud83d\udc49 Notre chat\/messagerie est disponible 7j\/7 pour vous garantir une exp\u00e9rience fluide et s\u00e9curis\u00e9e.<\/span><\/p>\n<p><span style=\"color: #000000;\">\ud83d\udc49 Contactez nous via le formulaire ci-dessous ou par e-mail \u00e0 <a href=\"mailto:support@presstix.sn\">support@presstix.sn<\/a>. <\/span><\/p>\n<p><span style=\"color: #000000;\">Nous vous r\u00e9pondrons dans les 48h.\u00a0<\/span><\/p>\n<p>&nbsp;<\/p>\n<p><span style=\"color: #000000;\">\n<div class=\"wpcf7 no-js\" id=\"wpcf7-f8-o1\" lang=\"en-US\" dir=\"ltr\" data-wpcf7-id=\"8\">\n<div class=\"screen-reader-response\"><p role=\"status\" aria-live=\"polite\" aria-atomic=\"true\"><\/p> <ul><\/ul><\/div>\n<form action=\"\/support\/wp-json\/wp\/v2\/pages\/4500#wpcf7-f8-o1\" method=\"post\" class=\"wpcf7-form init\" aria-label=\"Contact form\" enctype=\"multipart\/form-data\" novalidate=\"novalidate\" data-status=\"init\">\n<fieldset class=\"hidden-fields-container\"><input type=\"hidden\" name=\"_wpcf7\" value=\"8\" \/><input type=\"hidden\" name=\"_wpcf7_version\" value=\"6.1.5\" \/><input type=\"hidden\" name=\"_wpcf7_locale\" value=\"en_US\" \/><input type=\"hidden\" name=\"_wpcf7_unit_tag\" value=\"wpcf7-f8-o1\" \/><input type=\"hidden\" name=\"_wpcf7_container_post\" value=\"0\" \/><input type=\"hidden\" name=\"_wpcf7_posted_data_hash\" value=\"\" \/>\n<\/fieldset>\n<p>QUEL EST VOTRE STATUT (Requis)<br \/>\n<span class=\"wpcf7-form-control-wrap\" data-name=\"select-21\"><select class=\"wpcf7-form-control wpcf7-select wpcf7-validates-as-required\" aria-required=\"true\" aria-invalid=\"false\" name=\"select-21\"><option value=\"Organisateur\">Organisateur<\/option><option value=\"Utilisateur\">Utilisateur<\/option><option value=\"Ponts de Vente\">Ponts de Vente<\/option><\/select><\/span>\n<\/p>\n<p>Votre Nom (Requis)<br \/>\n<span class=\"wpcf7-form-control-wrap\" data-name=\"Name\"><input size=\"40\" maxlength=\"400\" class=\"wpcf7-form-control wpcf7-text wpcf7-validates-as-required\" aria-required=\"true\" aria-invalid=\"false\" value=\"\" type=\"text\" name=\"Name\" \/><\/span>\n<\/p>\n<p>Votre Email (Requis)<br \/>\n<span class=\"wpcf7-form-control-wrap\" data-name=\"email-290\"><input size=\"40\" maxlength=\"400\" class=\"wpcf7-form-control wpcf7-email wpcf7-validates-as-required wpcf7-text wpcf7-validates-as-email\" aria-required=\"true\" aria-invalid=\"false\" value=\"\" type=\"email\" name=\"email-290\" \/><\/span>\n<\/p>\n<p>T\u00e9l\u00e9phone<br \/>\n<span class=\"wpcf7-form-control-wrap\" data-name=\"tel-733\"><input size=\"40\" maxlength=\"400\" class=\"wpcf7-form-control wpcf7-tel wpcf7-text wpcf7-validates-as-tel\" aria-invalid=\"false\" value=\"\" type=\"tel\" name=\"tel-733\" \/><\/span>\n<\/p>\n<p>Sujet (Requis)<br \/>\n<span class=\"wpcf7-form-control-wrap\" data-name=\"text-872\"><input size=\"40\" maxlength=\"400\" class=\"wpcf7-form-control wpcf7-text wpcf7-validates-as-required\" aria-required=\"true\" aria-invalid=\"false\" value=\"\" type=\"text\" name=\"text-872\" \/><\/span>\n<\/p>\n<p>D\u00e9crivez votre probl\u00e8me (Requis)<br \/>\n<span class=\"wpcf7-form-control-wrap\" data-name=\"textarea-536\"><textarea cols=\"40\" rows=\"10\" maxlength=\"2000\" class=\"wpcf7-form-control wpcf7-textarea wpcf7-validates-as-required\" aria-required=\"true\" aria-invalid=\"false\" placeholder=\"D\u00e9crivez votre probl\u00e8me en d\u00e9tail pour permettre a notre team Support de bien comprendre votre demande d&#039;aide. N\u2019oubliez pas d&#039;inclure le lien s&#039;il s&#039;agit d&#039;un \u00e9v\u00e9nement ou d&#039;un achat de ticket.\" name=\"textarea-536\"><\/textarea><\/span>\n<\/p>\n<p>Postez le lien ici s'il s'agit d'un \u00e9v\u00e9nement<br \/>\n<span class=\"wpcf7-form-control-wrap\" data-name=\"url-875\"><input size=\"40\" maxlength=\"400\" class=\"wpcf7-form-control wpcf7-url wpcf7-text wpcf7-validates-as-url\" aria-invalid=\"false\" value=\"\" type=\"url\" name=\"url-875\" \/><\/span>\n<\/p>\n<p>Ajouter un fichier au besoin<br \/>\n<span class=\"wpcf7-form-control-wrap\" data-name=\"file-728\"><input size=\"40\" class=\"wpcf7-form-control wpcf7-file\" accept=\"audio\/*,video\/*,image\/*\" aria-invalid=\"false\" type=\"file\" name=\"file-728\" \/><\/span>\n<\/p>\n<p><button type=\"submit\" class=\"wpcf7-submit\">Envoyer<\/button>\n<\/p><p style=\"display: none !important;\" class=\"akismet-fields-container\" data-prefix=\"_wpcf7_ak_\"><label>&#916;<textarea name=\"_wpcf7_ak_hp_textarea\" cols=\"45\" rows=\"8\" maxlength=\"100\"><\/textarea><\/label><input type=\"hidden\" id=\"ak_js_1\" name=\"_wpcf7_ak_js\" value=\"138\"\/><script type=\"text\/javascript\">\n\/* <![CDATA[ *\/\ndocument.getElementById( \"ak_js_1\" ).setAttribute( \"value\", ( new Date() ).getTime() );\n\/* ]]> *\/\n<\/script>\n<\/p><div class=\"wpcf7-response-output\" aria-hidden=\"true\"><\/div>\n<\/form>\n<\/div>\n<\/span><\/p>\n","protected":false},"excerpt":{"rendered":"<p>Organisateurs \/ Utilisateurs Vous avez une question ou rencontrez un souci avec votre \u00e9v\u00e9nement ou vos billets ? \ud83d\udc49 Notre \u00e9quipe est l\u00e0 pour vous aider si vous ne trouvez pas la r\u00e9ponse dans notre foire a questions\/r\u00e9ponses. \ud83d\udc49 Notre chat\/messagerie est disponible 7j\/7 pour vous garantir une exp\u00e9rience fluide et s\u00e9curis\u00e9e. \ud83d\udc49 Contactez nous [&hellip;]<\/p>\n","protected":false},"author":1,"featured_media":3941,"parent":0,"menu_order":0,"comment_status":"closed","ping_status":"closed","template":"template-fullwidth.php","meta":{"_bbp_topic_count":0,"_bbp_reply_count":0,"_bbp_total_topic_count":0,"_bbp_total_reply_count":0,"_bbp_voice_count":0,"_bbp_anonymous_reply_count":0,"_bbp_topic_count_hidden":0,"_bbp_reply_count_hidden":0,"_bbp_forum_subforum_count":0,"om_disable_all_campaigns":false,"_monsterinsights_skip_tracking":false,"_monsterinsights_sitenote_active":false,"_monsterinsights_sitenote_note":"","_monsterinsights_sitenote_category":0,"_uf_show_specific_survey":0,"_uf_disable_surveys":false,"footnotes":""},"class_list":["post-4500","page","type-page","status-publish","has-post-thumbnail","hentry"],"yoast_head":"<!-- This site is optimized with the Yoast SEO plugin v27.5 - https:\/\/yoast.com\/product\/yoast-seo-wordpress\/ -->\n<title>Ouvrez un ticket support - Presstix<\/title>\n<meta name=\"description\" content=\"Le Service client\u00e8le et Support de PressTix est disponible 7j\/7 pour garantir une exp\u00e9rience fluide et s\u00e9curis\u00e9e a nos clients et usagers. Vous avez une question ou rencontrez un souci avec votre \u00e9v\u00e9nement ou vos billets... Notre \u00e9quipe est l\u00e0 pour vous aider.\" \/>\n<meta name=\"robots\" content=\"index, follow, max-snippet:-1, max-image-preview:large, max-video-preview:-1\" \/>\n<link rel=\"canonical\" href=\"https:\/\/presstix.com\/support\/ouvrez-un-ticket-support\/\" \/>\n<meta property=\"og:locale\" content=\"fr_FR\" \/>\n<meta property=\"og:type\" content=\"article\" \/>\n<meta property=\"og:title\" content=\"Ouvrez un ticket support - Presstix\" \/>\n<meta property=\"og:description\" content=\"Le Service client\u00e8le et Support de PressTix est disponible 7j\/7 pour garantir une exp\u00e9rience fluide et s\u00e9curis\u00e9e a nos clients et usagers. Vous avez une question ou rencontrez un souci avec votre \u00e9v\u00e9nement ou vos billets... Notre \u00e9quipe est l\u00e0 pour vous aider.\" \/>\n<meta property=\"og:url\" content=\"https:\/\/presstix.com\/support\/ouvrez-un-ticket-support\/\" \/>\n<meta property=\"og:site_name\" content=\"Presstix\" \/>\n<meta property=\"article:publisher\" content=\"https:\/\/www.facebook.com\/presstix\" \/>\n<meta property=\"article:modified_time\" content=\"2025-05-21T06:01:55+00:00\" \/>\n<meta property=\"og:image\" content=\"https:\/\/presstix.com\/support\/wp-content\/uploads\/2022\/09\/dngtjo36ojgnlee9cczh5apcdqfap1vsu7qewaa2dgbkdg8ms0v7dmxsbnmc5toy-.jpg\" \/>\n\t<meta property=\"og:image:width\" content=\"1820\" \/>\n\t<meta property=\"og:image:height\" content=\"1112\" \/>\n\t<meta property=\"og:image:type\" content=\"image\/jpeg\" \/>\n<meta name=\"twitter:card\" content=\"summary_large_image\" \/>\n<meta name=\"twitter:label1\" content=\"Dur\u00e9e de lecture estim\u00e9e\" \/>\n\t<meta name=\"twitter:data1\" content=\"1 minute\" \/>\n<script type=\"application\/ld+json\" class=\"yoast-schema-graph\">{\"@context\":\"https:\\\/\\\/schema.org\",\"@graph\":[{\"@type\":\"WebPage\",\"@id\":\"https:\\\/\\\/presstix.com\\\/support\\\/ouvrez-un-ticket-support\\\/\",\"url\":\"https:\\\/\\\/presstix.com\\\/support\\\/ouvrez-un-ticket-support\\\/\",\"name\":\"Ouvrez un ticket support - Presstix\",\"isPartOf\":{\"@id\":\"https:\\\/\\\/presstix.com\\\/support\\\/#website\"},\"primaryImageOfPage\":{\"@id\":\"https:\\\/\\\/presstix.com\\\/support\\\/ouvrez-un-ticket-support\\\/#primaryimage\"},\"image\":{\"@id\":\"https:\\\/\\\/presstix.com\\\/support\\\/ouvrez-un-ticket-support\\\/#primaryimage\"},\"thumbnailUrl\":\"https:\\\/\\\/presstix.com\\\/support\\\/wp-content\\\/uploads\\\/2022\\\/09\\\/dngtjo36ojgnlee9cczh5apcdqfap1vsu7qewaa2dgbkdg8ms0v7dmxsbnmc5toy-.jpg\",\"datePublished\":\"2025-05-17T05:03:39+00:00\",\"dateModified\":\"2025-05-21T06:01:55+00:00\",\"description\":\"Le Service client\u00e8le et Support de PressTix est disponible 7j\\\/7 pour garantir une exp\u00e9rience fluide et s\u00e9curis\u00e9e a nos clients et usagers. Vous avez une question ou rencontrez un souci avec votre \u00e9v\u00e9nement ou vos billets... Notre \u00e9quipe est l\u00e0 pour vous aider.\",\"breadcrumb\":{\"@id\":\"https:\\\/\\\/presstix.com\\\/support\\\/ouvrez-un-ticket-support\\\/#breadcrumb\"},\"inLanguage\":\"fr-FR\",\"potentialAction\":[{\"@type\":\"ReadAction\",\"target\":[\"https:\\\/\\\/presstix.com\\\/support\\\/ouvrez-un-ticket-support\\\/\"]}]},{\"@type\":\"ImageObject\",\"inLanguage\":\"fr-FR\",\"@id\":\"https:\\\/\\\/presstix.com\\\/support\\\/ouvrez-un-ticket-support\\\/#primaryimage\",\"url\":\"https:\\\/\\\/presstix.com\\\/support\\\/wp-content\\\/uploads\\\/2022\\\/09\\\/dngtjo36ojgnlee9cczh5apcdqfap1vsu7qewaa2dgbkdg8ms0v7dmxsbnmc5toy-.jpg\",\"contentUrl\":\"https:\\\/\\\/presstix.com\\\/support\\\/wp-content\\\/uploads\\\/2022\\\/09\\\/dngtjo36ojgnlee9cczh5apcdqfap1vsu7qewaa2dgbkdg8ms0v7dmxsbnmc5toy-.jpg\",\"width\":1820,\"height\":1112,\"caption\":\"PressTix Support\"},{\"@type\":\"BreadcrumbList\",\"@id\":\"https:\\\/\\\/presstix.com\\\/support\\\/ouvrez-un-ticket-support\\\/#breadcrumb\",\"itemListElement\":[{\"@type\":\"ListItem\",\"position\":1,\"name\":\"Acceuil\",\"item\":\"https:\\\/\\\/presstix.com\\\/support\\\/\"},{\"@type\":\"ListItem\",\"position\":2,\"name\":\"Ouvrez un ticket support\"}]},{\"@type\":\"WebSite\",\"@id\":\"https:\\\/\\\/presstix.com\\\/support\\\/#website\",\"url\":\"https:\\\/\\\/presstix.com\\\/support\\\/\",\"name\":\"Presstix\",\"description\":\"Support\",\"publisher\":{\"@id\":\"https:\\\/\\\/presstix.com\\\/support\\\/#organization\"},\"potentialAction\":[{\"@type\":\"SearchAction\",\"target\":{\"@type\":\"EntryPoint\",\"urlTemplate\":\"https:\\\/\\\/presstix.com\\\/support\\\/?s={search_term_string}\"},\"query-input\":{\"@type\":\"PropertyValueSpecification\",\"valueRequired\":true,\"valueName\":\"search_term_string\"}}],\"inLanguage\":\"fr-FR\"},{\"@type\":\"Organization\",\"@id\":\"https:\\\/\\\/presstix.com\\\/support\\\/#organization\",\"name\":\"PressTix\",\"url\":\"https:\\\/\\\/presstix.com\\\/support\\\/\",\"logo\":{\"@type\":\"ImageObject\",\"inLanguage\":\"fr-FR\",\"@id\":\"https:\\\/\\\/presstix.com\\\/support\\\/#\\\/schema\\\/logo\\\/image\\\/\",\"url\":\"https:\\\/\\\/presstix.com\\\/support\\\/wp-content\\\/uploads\\\/2024\\\/12\\\/cropped-p-carre-vert.png\",\"contentUrl\":\"https:\\\/\\\/presstix.com\\\/support\\\/wp-content\\\/uploads\\\/2024\\\/12\\\/cropped-p-carre-vert.png\",\"width\":512,\"height\":512,\"caption\":\"PressTix\"},\"image\":{\"@id\":\"https:\\\/\\\/presstix.com\\\/support\\\/#\\\/schema\\\/logo\\\/image\\\/\"},\"sameAs\":[\"https:\\\/\\\/www.facebook.com\\\/presstix\",\"https:\\\/\\\/www.linkedin.com\\\/company\\\/presstix\",\"https:\\\/\\\/twitter.com\\\/press_tix\\\/\",\"https:\\\/\\\/www.youtube.com\\\/channel\\\/presstix\",\"https:\\\/\\\/www.instagram.com\\\/presstix\\\/\"]}]}<\/script>\n<!-- \/ Yoast SEO plugin. -->","yoast_head_json":{"title":"Ouvrez un ticket support - Presstix","description":"Le Service client\u00e8le et Support de PressTix est disponible 7j\/7 pour garantir une exp\u00e9rience fluide et s\u00e9curis\u00e9e a nos clients et usagers. Vous avez une question ou rencontrez un souci avec votre \u00e9v\u00e9nement ou vos billets... Notre \u00e9quipe est l\u00e0 pour vous aider.","robots":{"index":"index","follow":"follow","max-snippet":"max-snippet:-1","max-image-preview":"max-image-preview:large","max-video-preview":"max-video-preview:-1"},"canonical":"https:\/\/presstix.com\/support\/ouvrez-un-ticket-support\/","og_locale":"fr_FR","og_type":"article","og_title":"Ouvrez un ticket support - Presstix","og_description":"Le Service client\u00e8le et Support de PressTix est disponible 7j\/7 pour garantir une exp\u00e9rience fluide et s\u00e9curis\u00e9e a nos clients et usagers. Vous avez une question ou rencontrez un souci avec votre \u00e9v\u00e9nement ou vos billets... Notre \u00e9quipe est l\u00e0 pour vous aider.","og_url":"https:\/\/presstix.com\/support\/ouvrez-un-ticket-support\/","og_site_name":"Presstix","article_publisher":"https:\/\/www.facebook.com\/presstix","article_modified_time":"2025-05-21T06:01:55+00:00","og_image":[{"width":1820,"height":1112,"url":"https:\/\/presstix.com\/support\/wp-content\/uploads\/2022\/09\/dngtjo36ojgnlee9cczh5apcdqfap1vsu7qewaa2dgbkdg8ms0v7dmxsbnmc5toy-.jpg","type":"image\/jpeg"}],"twitter_card":"summary_large_image","twitter_misc":{"Dur\u00e9e de lecture estim\u00e9e":"1 minute"},"schema":{"@context":"https:\/\/schema.org","@graph":[{"@type":"WebPage","@id":"https:\/\/presstix.com\/support\/ouvrez-un-ticket-support\/","url":"https:\/\/presstix.com\/support\/ouvrez-un-ticket-support\/","name":"Ouvrez un ticket support - Presstix","isPartOf":{"@id":"https:\/\/presstix.com\/support\/#website"},"primaryImageOfPage":{"@id":"https:\/\/presstix.com\/support\/ouvrez-un-ticket-support\/#primaryimage"},"image":{"@id":"https:\/\/presstix.com\/support\/ouvrez-un-ticket-support\/#primaryimage"},"thumbnailUrl":"https:\/\/presstix.com\/support\/wp-content\/uploads\/2022\/09\/dngtjo36ojgnlee9cczh5apcdqfap1vsu7qewaa2dgbkdg8ms0v7dmxsbnmc5toy-.jpg","datePublished":"2025-05-17T05:03:39+00:00","dateModified":"2025-05-21T06:01:55+00:00","description":"Le Service client\u00e8le et Support de PressTix est disponible 7j\/7 pour garantir une exp\u00e9rience fluide et s\u00e9curis\u00e9e a nos clients et usagers. Vous avez une question ou rencontrez un souci avec votre \u00e9v\u00e9nement ou vos billets... Notre \u00e9quipe est l\u00e0 pour vous aider.","breadcrumb":{"@id":"https:\/\/presstix.com\/support\/ouvrez-un-ticket-support\/#breadcrumb"},"inLanguage":"fr-FR","potentialAction":[{"@type":"ReadAction","target":["https:\/\/presstix.com\/support\/ouvrez-un-ticket-support\/"]}]},{"@type":"ImageObject","inLanguage":"fr-FR","@id":"https:\/\/presstix.com\/support\/ouvrez-un-ticket-support\/#primaryimage","url":"https:\/\/presstix.com\/support\/wp-content\/uploads\/2022\/09\/dngtjo36ojgnlee9cczh5apcdqfap1vsu7qewaa2dgbkdg8ms0v7dmxsbnmc5toy-.jpg","contentUrl":"https:\/\/presstix.com\/support\/wp-content\/uploads\/2022\/09\/dngtjo36ojgnlee9cczh5apcdqfap1vsu7qewaa2dgbkdg8ms0v7dmxsbnmc5toy-.jpg","width":1820,"height":1112,"caption":"PressTix Support"},{"@type":"BreadcrumbList","@id":"https:\/\/presstix.com\/support\/ouvrez-un-ticket-support\/#breadcrumb","itemListElement":[{"@type":"ListItem","position":1,"name":"Acceuil","item":"https:\/\/presstix.com\/support\/"},{"@type":"ListItem","position":2,"name":"Ouvrez un ticket support"}]},{"@type":"WebSite","@id":"https:\/\/presstix.com\/support\/#website","url":"https:\/\/presstix.com\/support\/","name":"Presstix","description":"Support","publisher":{"@id":"https:\/\/presstix.com\/support\/#organization"},"potentialAction":[{"@type":"SearchAction","target":{"@type":"EntryPoint","urlTemplate":"https:\/\/presstix.com\/support\/?s={search_term_string}"},"query-input":{"@type":"PropertyValueSpecification","valueRequired":true,"valueName":"search_term_string"}}],"inLanguage":"fr-FR"},{"@type":"Organization","@id":"https:\/\/presstix.com\/support\/#organization","name":"PressTix","url":"https:\/\/presstix.com\/support\/","logo":{"@type":"ImageObject","inLanguage":"fr-FR","@id":"https:\/\/presstix.com\/support\/#\/schema\/logo\/image\/","url":"https:\/\/presstix.com\/support\/wp-content\/uploads\/2024\/12\/cropped-p-carre-vert.png","contentUrl":"https:\/\/presstix.com\/support\/wp-content\/uploads\/2024\/12\/cropped-p-carre-vert.png","width":512,"height":512,"caption":"PressTix"},"image":{"@id":"https:\/\/presstix.com\/support\/#\/schema\/logo\/image\/"},"sameAs":["https:\/\/www.facebook.com\/presstix","https:\/\/www.linkedin.com\/company\/presstix","https:\/\/twitter.com\/press_tix\/","https:\/\/www.youtube.com\/channel\/presstix","https:\/\/www.instagram.com\/presstix\/"]}]}},"_hostinger_reach_plugin_has_subscription_block":false,"_hostinger_reach_plugin_is_elementor":false,"_links":{"self":[{"href":"https:\/\/presstix.com\/support\/wp-json\/wp\/v2\/pages\/4500","targetHints":{"allow":["GET"]}}],"collection":[{"href":"https:\/\/presstix.com\/support\/wp-json\/wp\/v2\/pages"}],"about":[{"href":"https:\/\/presstix.com\/support\/wp-json\/wp\/v2\/types\/page"}],"author":[{"embeddable":true,"href":"https:\/\/presstix.com\/support\/wp-json\/wp\/v2\/users\/1"}],"replies":[{"embeddable":true,"href":"https:\/\/presstix.com\/support\/wp-json\/wp\/v2\/comments?post=4500"}],"version-history":[{"count":0,"href":"https:\/\/presstix.com\/support\/wp-json\/wp\/v2\/pages\/4500\/revisions"}],"wp:featuredmedia":[{"embeddable":true,"href":"https:\/\/presstix.com\/support\/wp-json\/wp\/v2\/media\/3941"}],"wp:attachment":[{"href":"https:\/\/presstix.com\/support\/wp-json\/wp\/v2\/media?parent=4500"}],"curies":[{"name":"wp","href":"https:\/\/api.w.org\/{rel}","templated":true}]}}