{"id":4350,"date":"2023-02-16T06:37:06","date_gmt":"2023-02-16T06:37:06","guid":{"rendered":"https:\/\/www.presstix.com\/support\/?page_id=4350"},"modified":"2023-02-16T06:58:16","modified_gmt":"2023-02-16T06:58:16","slug":"telechargez-nos-apps","status":"publish","type":"page","link":"https:\/\/presstix.com\/support\/telechargez-nos-apps\/","title":{"rendered":"T\u00e9l\u00e9chargez nos Apps"},"content":{"rendered":"<div class=\"wpb-content-wrapper\">[vc_row kdesk_custom_class=\"section-content-block section-kb-categories\" css=\".vc_custom_1676529901256{background-color: #edf0f2 !important;}\"][vc_column css_animation=\"fadeIn\"]<div class=\"bkbm-grid bkbm-grid-pad bwl-kb bwl-row-cols-2\"><div class=\"bkbcol-1-2\">\r\n                                   <div class=\"bkb-content\"><h2 class=\"bwl-kb-category-title\"><a href=\"https:\/\/presstix.com\/support\/questions-reponses\/categorie\/app-utilisateur\/\" title=\"App Utilisateur\" ><i class=\"fa fa-file-o\"><\/i> App Utilisateur <span class=\"items-counter\"> 4 <\/span><\/a><\/h2><ol class=\"bwl-kb-categories none-list\"><li><a href=\"https:\/\/presstix.com\/support\/questions-reponses\/achat-de-ticket-en-ligne\/comment-acheter-un-billet-sur-presstix\/\" title=\"Comment acheter un billet sur PressTix ?\">Comment acheter un billet sur PressTix ?<\/a><\/li><li><a href=\"https:\/\/presstix.com\/support\/questions-reponses\/app-utilisateur\/telechargez-nos-applications\/\" title=\"Installez nos applications\">Installez nos applications<\/a><\/li><li><a href=\"https:\/\/presstix.com\/support\/questions-reponses\/app-utilisateur\/est-il-gratuit-de-telecharger-lapplication-presstix\/\" title=\"Est-il gratuit de t\u00e9l\u00e9charger l\u2019application PressTix?\">Est-il gratuit de t\u00e9l\u00e9charger l\u2019application PressTix?<\/a><\/li><li><a href=\"https:\/\/presstix.com\/support\/questions-reponses\/app-utilisateur\/comment-telecharger-lapplication-presstix\/\" title=\"Comment t\u00e9l\u00e9charger l'application PressTix?\">Comment t\u00e9l\u00e9charger l'application PressTix?<\/a><\/li><\/ol>    <\/div>\r\n                         <\/div><div class=\"bkbcol-1-2\">\r\n                                   <div class=\"bkb-content\"><h2 class=\"bwl-kb-category-title\"><a href=\"https:\/\/presstix.com\/support\/questions-reponses\/categorie\/app-organisateur\/\" title=\"App Organisateur\" ><i class=\"fa fa-file-o\"><\/i> App Organisateur <span class=\"items-counter\"> 5 <\/span><\/a><\/h2><ol class=\"bwl-kb-categories none-list\"><li><a href=\"https:\/\/presstix.com\/support\/questions-reponses\/app-organisateur\/quest-ce-que-presstix-pro-et-comment-le-telecharger\/\" title=\"Qu\u2019est ce que PressTix Pro et comment le t\u00e9l\u00e9charger ?\">Qu\u2019est ce que PressTix Pro et comment le t\u00e9l\u00e9charger ?<\/a><\/li><li><a href=\"https:\/\/presstix.com\/support\/questions-reponses\/app-organisateur\/comment-scanner-mes-billets-pour-reguler-mes-evenements\/\" title=\"Comment scanner mes billets pour r\u00e9guler mes \u00e9v\u00e8nements ?\">Comment scanner mes billets pour r\u00e9guler mes \u00e9v\u00e8nements ?<\/a><\/li><li><a href=\"https:\/\/presstix.com\/support\/questions-reponses\/app-organisateur\/image-comment-puis-je-suivre-mes-ventes-en-temps-reel\/\" title=\"(Image) Comment puis-je suivre mes ventes en temps r\u00e9el ?\">(Image) Comment puis-je suivre mes ventes en temps r\u00e9el ?<\/a><\/li><li><a href=\"https:\/\/presstix.com\/support\/questions-reponses\/app-organisateur\/lapplication-presstix-pro-est-elle-payante\/\" title=\"L\u2019application PressTix Pro est-elle payante ?\">L\u2019application PressTix Pro est-elle payante ?<\/a><\/li><li><a href=\"https:\/\/presstix.com\/support\/questions-reponses\/app-organisateur\/presstix-pro-marche-t-elle-sur-un-appareil-android-ou-iosiphone\/\" title=\"PressTix Pro marche-t-elle sur un appareil Android ou IOS ?\">PressTix Pro marche-t-elle sur un appareil Android ou IOS ?<\/a><\/li><\/ol>    <\/div>\r\n                         <\/div><\/div><!-- end of .grid -->[\/vc_column][\/vc_row][vc_row][vc_column]<a href=\"#\" title=\"CHARGER PLUS DE CAT\u00c9GORIES\"   class=\"btn   btn-theme   wpb_animate_when_almost_visible wpb_fadeIn fadeIn\" >CHARGER PLUS DE CAT\u00c9GORIES<\/a>[\/vc_column][\/vc_row]\n<\/div>","protected":false},"excerpt":{"rendered":"<p>[vc_row kdesk_custom_class=\"section-content-block section-kb-categories\" css=\".vc_custom_1676529901256{background-color: #edf0f2 !important;}\"][vc_column css_animation=\"fadeIn\"][\/vc_column][\/vc_row][vc_row][vc_column][\/vc_column][\/vc_row]<\/p>\n","protected":false},"author":2,"featured_media":0,"parent":0,"menu_order":0,"comment_status":"closed","ping_status":"closed","template":"template-fullwidth.php","meta":{"_bbp_topic_count":0,"_bbp_reply_count":0,"_bbp_total_topic_count":0,"_bbp_total_reply_count":0,"_bbp_voice_count":0,"_bbp_anonymous_reply_count":0,"_bbp_topic_count_hidden":0,"_bbp_reply_count_hidden":0,"_bbp_forum_subforum_count":0,"om_disable_all_campaigns":false,"_monsterinsights_skip_tracking":false,"_monsterinsights_sitenote_active":false,"_monsterinsights_sitenote_note":"","_monsterinsights_sitenote_category":0,"_uf_show_specific_survey":0,"_uf_disable_surveys":false,"footnotes":""},"class_list":["post-4350","page","type-page","status-publish","hentry"],"yoast_head":"<!-- This site is optimized with the Yoast SEO plugin v27.5 - https:\/\/yoast.com\/product\/yoast-seo-wordpress\/ -->\n<title>T\u00e9l\u00e9chargez nos Apps - Presstix<\/title>\n<meta name=\"robots\" content=\"index, follow, max-snippet:-1, max-image-preview:large, max-video-preview:-1\" \/>\n<link rel=\"canonical\" href=\"https:\/\/presstix.com\/support\/telechargez-nos-apps\/\" \/>\n<meta property=\"og:locale\" content=\"fr_FR\" \/>\n<meta property=\"og:type\" content=\"article\" \/>\n<meta property=\"og:title\" content=\"T\u00e9l\u00e9chargez nos Apps - Presstix\" \/>\n<meta property=\"og:description\" content=\"[vc_row kdesk_custom_class=&quot;section-content-block section-kb-categories&quot; css=&quot;.vc_custom_1676529901256{background-color: #edf0f2 !important;}&quot;][vc_column css_animation=&quot;fadeIn&quot;][\/vc_column][\/vc_row][vc_row][vc_column][\/vc_column][\/vc_row]\" \/>\n<meta property=\"og:url\" content=\"https:\/\/presstix.com\/support\/telechargez-nos-apps\/\" \/>\n<meta property=\"og:site_name\" content=\"Presstix\" \/>\n<meta property=\"article:publisher\" content=\"https:\/\/www.facebook.com\/presstix\" \/>\n<meta property=\"article:modified_time\" content=\"2023-02-16T06:58:16+00:00\" \/>\n<meta property=\"og:image\" content=\"https:\/\/presstix.com\/support\/wp-content\/uploads\/2022\/09\/dngtjo36ojgnlee9cczh5apcdqfap1vsu7qewaa2dgbkdg8ms0v7dmxsbnmc5toy-.jpg\" \/>\n\t<meta property=\"og:image:width\" content=\"1820\" \/>\n\t<meta property=\"og:image:height\" content=\"1112\" \/>\n\t<meta property=\"og:image:type\" content=\"image\/jpeg\" \/>\n<meta name=\"twitter:card\" content=\"summary_large_image\" \/>\n<script type=\"application\/ld+json\" class=\"yoast-schema-graph\">{\"@context\":\"https:\\\/\\\/schema.org\",\"@graph\":[{\"@type\":\"WebPage\",\"@id\":\"https:\\\/\\\/presstix.com\\\/support\\\/telechargez-nos-apps\\\/\",\"url\":\"https:\\\/\\\/presstix.com\\\/support\\\/telechargez-nos-apps\\\/\",\"name\":\"T\u00e9l\u00e9chargez nos Apps - Presstix\",\"isPartOf\":{\"@id\":\"https:\\\/\\\/presstix.com\\\/support\\\/#website\"},\"datePublished\":\"2023-02-16T06:37:06+00:00\",\"dateModified\":\"2023-02-16T06:58:16+00:00\",\"breadcrumb\":{\"@id\":\"https:\\\/\\\/presstix.com\\\/support\\\/telechargez-nos-apps\\\/#breadcrumb\"},\"inLanguage\":\"fr-FR\",\"potentialAction\":[{\"@type\":\"ReadAction\",\"target\":[\"https:\\\/\\\/presstix.com\\\/support\\\/telechargez-nos-apps\\\/\"]}]},{\"@type\":\"BreadcrumbList\",\"@id\":\"https:\\\/\\\/presstix.com\\\/support\\\/telechargez-nos-apps\\\/#breadcrumb\",\"itemListElement\":[{\"@type\":\"ListItem\",\"position\":1,\"name\":\"Acceuil\",\"item\":\"https:\\\/\\\/presstix.com\\\/support\\\/\"},{\"@type\":\"ListItem\",\"position\":2,\"name\":\"T\u00e9l\u00e9chargez nos Apps\"}]},{\"@type\":\"WebSite\",\"@id\":\"https:\\\/\\\/presstix.com\\\/support\\\/#website\",\"url\":\"https:\\\/\\\/presstix.com\\\/support\\\/\",\"name\":\"Presstix\",\"description\":\"Support\",\"publisher\":{\"@id\":\"https:\\\/\\\/presstix.com\\\/support\\\/#organization\"},\"potentialAction\":[{\"@type\":\"SearchAction\",\"target\":{\"@type\":\"EntryPoint\",\"urlTemplate\":\"https:\\\/\\\/presstix.com\\\/support\\\/?s={search_term_string}\"},\"query-input\":{\"@type\":\"PropertyValueSpecification\",\"valueRequired\":true,\"valueName\":\"search_term_string\"}}],\"inLanguage\":\"fr-FR\"},{\"@type\":\"Organization\",\"@id\":\"https:\\\/\\\/presstix.com\\\/support\\\/#organization\",\"name\":\"PressTix\",\"url\":\"https:\\\/\\\/presstix.com\\\/support\\\/\",\"logo\":{\"@type\":\"ImageObject\",\"inLanguage\":\"fr-FR\",\"@id\":\"https:\\\/\\\/presstix.com\\\/support\\\/#\\\/schema\\\/logo\\\/image\\\/\",\"url\":\"https:\\\/\\\/presstix.com\\\/support\\\/wp-content\\\/uploads\\\/2024\\\/12\\\/cropped-p-carre-vert.png\",\"contentUrl\":\"https:\\\/\\\/presstix.com\\\/support\\\/wp-content\\\/uploads\\\/2024\\\/12\\\/cropped-p-carre-vert.png\",\"width\":512,\"height\":512,\"caption\":\"PressTix\"},\"image\":{\"@id\":\"https:\\\/\\\/presstix.com\\\/support\\\/#\\\/schema\\\/logo\\\/image\\\/\"},\"sameAs\":[\"https:\\\/\\\/www.facebook.com\\\/presstix\",\"https:\\\/\\\/www.linkedin.com\\\/company\\\/presstix\",\"https:\\\/\\\/twitter.com\\\/press_tix\\\/\",\"https:\\\/\\\/www.youtube.com\\\/channel\\\/presstix\",\"https:\\\/\\\/www.instagram.com\\\/presstix\\\/\"]}]}<\/script>\n<!-- \/ Yoast SEO plugin. -->","yoast_head_json":{"title":"T\u00e9l\u00e9chargez nos Apps - Presstix","robots":{"index":"index","follow":"follow","max-snippet":"max-snippet:-1","max-image-preview":"max-image-preview:large","max-video-preview":"max-video-preview:-1"},"canonical":"https:\/\/presstix.com\/support\/telechargez-nos-apps\/","og_locale":"fr_FR","og_type":"article","og_title":"T\u00e9l\u00e9chargez nos Apps - Presstix","og_description":"[vc_row kdesk_custom_class=\"section-content-block section-kb-categories\" css=\".vc_custom_1676529901256{background-color: #edf0f2 !important;}\"][vc_column css_animation=\"fadeIn\"][\/vc_column][\/vc_row][vc_row][vc_column][\/vc_column][\/vc_row]","og_url":"https:\/\/presstix.com\/support\/telechargez-nos-apps\/","og_site_name":"Presstix","article_publisher":"https:\/\/www.facebook.com\/presstix","article_modified_time":"2023-02-16T06:58:16+00:00","og_image":[{"width":1820,"height":1112,"url":"https:\/\/presstix.com\/support\/wp-content\/uploads\/2022\/09\/dngtjo36ojgnlee9cczh5apcdqfap1vsu7qewaa2dgbkdg8ms0v7dmxsbnmc5toy-.jpg","type":"image\/jpeg"}],"twitter_card":"summary_large_image","schema":{"@context":"https:\/\/schema.org","@graph":[{"@type":"WebPage","@id":"https:\/\/presstix.com\/support\/telechargez-nos-apps\/","url":"https:\/\/presstix.com\/support\/telechargez-nos-apps\/","name":"T\u00e9l\u00e9chargez nos Apps - Presstix","isPartOf":{"@id":"https:\/\/presstix.com\/support\/#website"},"datePublished":"2023-02-16T06:37:06+00:00","dateModified":"2023-02-16T06:58:16+00:00","breadcrumb":{"@id":"https:\/\/presstix.com\/support\/telechargez-nos-apps\/#breadcrumb"},"inLanguage":"fr-FR","potentialAction":[{"@type":"ReadAction","target":["https:\/\/presstix.com\/support\/telechargez-nos-apps\/"]}]},{"@type":"BreadcrumbList","@id":"https:\/\/presstix.com\/support\/telechargez-nos-apps\/#breadcrumb","itemListElement":[{"@type":"ListItem","position":1,"name":"Acceuil","item":"https:\/\/presstix.com\/support\/"},{"@type":"ListItem","position":2,"name":"T\u00e9l\u00e9chargez nos Apps"}]},{"@type":"WebSite","@id":"https:\/\/presstix.com\/support\/#website","url":"https:\/\/presstix.com\/support\/","name":"Presstix","description":"Support","publisher":{"@id":"https:\/\/presstix.com\/support\/#organization"},"potentialAction":[{"@type":"SearchAction","target":{"@type":"EntryPoint","urlTemplate":"https:\/\/presstix.com\/support\/?s={search_term_string}"},"query-input":{"@type":"PropertyValueSpecification","valueRequired":true,"valueName":"search_term_string"}}],"inLanguage":"fr-FR"},{"@type":"Organization","@id":"https:\/\/presstix.com\/support\/#organization","name":"PressTix","url":"https:\/\/presstix.com\/support\/","logo":{"@type":"ImageObject","inLanguage":"fr-FR","@id":"https:\/\/presstix.com\/support\/#\/schema\/logo\/image\/","url":"https:\/\/presstix.com\/support\/wp-content\/uploads\/2024\/12\/cropped-p-carre-vert.png","contentUrl":"https:\/\/presstix.com\/support\/wp-content\/uploads\/2024\/12\/cropped-p-carre-vert.png","width":512,"height":512,"caption":"PressTix"},"image":{"@id":"https:\/\/presstix.com\/support\/#\/schema\/logo\/image\/"},"sameAs":["https:\/\/www.facebook.com\/presstix","https:\/\/www.linkedin.com\/company\/presstix","https:\/\/twitter.com\/press_tix\/","https:\/\/www.youtube.com\/channel\/presstix","https:\/\/www.instagram.com\/presstix\/"]}]}},"_hostinger_reach_plugin_has_subscription_block":false,"_hostinger_reach_plugin_is_elementor":false,"_links":{"self":[{"href":"https:\/\/presstix.com\/support\/wp-json\/wp\/v2\/pages\/4350","targetHints":{"allow":["GET"]}}],"collection":[{"href":"https:\/\/presstix.com\/support\/wp-json\/wp\/v2\/pages"}],"about":[{"href":"https:\/\/presstix.com\/support\/wp-json\/wp\/v2\/types\/page"}],"author":[{"embeddable":true,"href":"https:\/\/presstix.com\/support\/wp-json\/wp\/v2\/users\/2"}],"replies":[{"embeddable":true,"href":"https:\/\/presstix.com\/support\/wp-json\/wp\/v2\/comments?post=4350"}],"version-history":[{"count":0,"href":"https:\/\/presstix.com\/support\/wp-json\/wp\/v2\/pages\/4350\/revisions"}],"wp:attachment":[{"href":"https:\/\/presstix.com\/support\/wp-json\/wp\/v2\/media?parent=4350"}],"curies":[{"name":"wp","href":"https:\/\/api.w.org\/{rel}","templated":true}]}}