{"id":4323,"date":"2023-02-15T07:33:59","date_gmt":"2023-02-15T07:33:59","guid":{"rendered":"https:\/\/www.presstix.com\/support\/?page_id=4323"},"modified":"2023-02-17T06:23:04","modified_gmt":"2023-02-17T06:23:04","slug":"creation-et-management-devenement","status":"publish","type":"page","link":"https:\/\/presstix.com\/support\/creation-et-management-devenement\/","title":{"rendered":"Cr\u00e9ation et management d'\u00e9v\u00e8nement"},"content":{"rendered":"<div class=\"wpb-content-wrapper\">[vc_row kdesk_custom_class=\"section-content-block section-kb-categories\" css=\".vc_custom_1532428742664{background-color: #edf0f2 !important;}\"][vc_column css_animation=\"fadeIn\"]<div class=\"bkbm-grid bkbm-grid-pad bwl-kb bwl-row-cols-2\"><div class=\"bkbcol-1-2\">\r\n                                   <div class=\"bkb-content\"><h2 class=\"bwl-kb-category-title\"><a href=\"https:\/\/presstix.com\/support\/questions-reponses\/categorie\/creer-votre-compte-organisateur\/\" title=\"Cr\u00e9er votre compte Organisateur\" ><i class=\"fa fa-file-o\"><\/i> Cr\u00e9er votre compte Organisateur <span class=\"items-counter\"> 5 <\/span><\/a><\/h2><ol class=\"bwl-kb-categories none-list\"><li><a href=\"https:\/\/presstix.com\/support\/questions-reponses\/compte-organisateur\/comment-modifier-mes-donnees-personnelles-en-tant-que-promoteur\/\" title=\"Comment modifier mes donn\u00e9es personnelles en tant que Promoteur? ?\">Comment modifier mes donn\u00e9es personnelles en tant que Promoteur? ?<\/a><\/li><li><a href=\"https:\/\/presstix.com\/support\/questions-reponses\/compte-utilisateur\/theme-copyright-myths\/\" title=\"(Image) Comment g\u00e9rer mes inscriptions aux alertes et newsletters ?\">(Image) Comment g\u00e9rer mes inscriptions aux alertes et newsletters ?<\/a><\/li><li><a href=\"https:\/\/presstix.com\/support\/questions-reponses\/compte-organisateur\/ou-est-ma-boite-de-reception-et-comment-lire-mes-messages\/\" title=\"(Images) Ou est ma boite de r\u00e9ception et comment lire mes messages?\">(Images) Ou est ma boite de r\u00e9ception et comment lire mes messages?<\/a><\/li><li><a href=\"https:\/\/presstix.com\/support\/questions-reponses\/creation-devenement\/comment-publier-mon-evenement-sur-presstix\/\" title=\"Comment publier mon \u00e9v\u00e9nement sur PressTix ?\">Comment publier mon \u00e9v\u00e9nement sur PressTix ?<\/a><\/li><li><a href=\"https:\/\/presstix.com\/support\/questions-reponses\/achat-de-ticket-en-ligne\/dois-je-ouvrir-un-compte-pour-acheter-un-ticket\/\" title=\"Dois-je ouvrir un compte pour pouvoir acheter un ticket?\">Dois-je ouvrir un compte pour pouvoir acheter un ticket?<\/a><\/li><\/ol>    <\/div>\r\n                         <\/div><div class=\"bkbcol-1-2\">\r\n                                   <div class=\"bkb-content\"><h2 class=\"bwl-kb-category-title\"><a href=\"https:\/\/presstix.com\/support\/questions-reponses\/categorie\/creation-devenement\/\" title=\"Cr\u00e9ation d\u2019\u00e9v\u00e8nement\" ><i class=\"fa fa-file-o\"><\/i> Cr\u00e9ation d\u2019\u00e9v\u00e8nement <span class=\"items-counter\"> 14 <\/span><\/a><\/h2><ol class=\"bwl-kb-categories none-list\"><li><a href=\"https:\/\/presstix.com\/support\/questions-reponses\/compte-organisateur\/mon-evenement-est-gratuit-puis-je-le-poster-sur-presstix\/\" title=\"Mon \u00e9v\u00e8nement est gratuit. Puis je le poster sur PressTix ?\">Mon \u00e9v\u00e8nement est gratuit. Puis je le poster sur PressTix ?<\/a><\/li><li><a href=\"https:\/\/presstix.com\/support\/questions-reponses\/compte-organisateur\/puis-je-demander-des-donations-pour-mon-evenement\/\" title=\"(Image)Puis je demander des donations pour mon \u00e9v\u00e9nement?\">(Image)Puis je demander des donations pour mon \u00e9v\u00e9nement?<\/a><\/li><li><a href=\"https:\/\/presstix.com\/support\/questions-reponses\/compte-organisateur\/puis-je-publier-plusieurs-evenements-a-la-fois\/\" title=\"Puis je publier plusieurs \u00e9v\u00e8nements \u00e0 la fois ?\">Puis je publier plusieurs \u00e9v\u00e8nements \u00e0 la fois ?<\/a><\/li><li><a href=\"https:\/\/presstix.com\/support\/questions-reponses\/assistance-de-presstix\/presstix-maide-t-il-a-promouvoir-mon-evenement\/\" title=\"PressTix m\u2019aide-t-il \u00e0 promouvoir mon \u00e9v\u00e9nement ?\">PressTix m\u2019aide-t-il \u00e0 promouvoir mon \u00e9v\u00e9nement ?<\/a><\/li><li><a href=\"https:\/\/presstix.com\/support\/questions-reponses\/assistance-de-presstix\/presstix-peut-elle-gerer-mes-evenements-pour-mois\/\" title=\"PressTix peut-elle g\u00e9rer mes \u00c9v\u00e9nements pour moi?\">PressTix peut-elle g\u00e9rer mes \u00c9v\u00e9nements pour moi?<\/a><\/li><\/ol>    <\/div>\r\n                         <\/div><div class=\"bkbcol-1-2\">\r\n                                   <div class=\"bkb-content\"><h2 class=\"bwl-kb-category-title\"><a href=\"https:\/\/presstix.com\/support\/questions-reponses\/categorie\/vente-de-ticket\/\" title=\"Vente de ticket\" ><i class=\"fa fa-file-o\"><\/i> Vente de ticket <span class=\"items-counter\"> 7 <\/span><\/a><\/h2><ol class=\"bwl-kb-categories none-list\"><li><a href=\"https:\/\/presstix.com\/support\/questions-reponses\/compte-organisateur\/combien-de-tickets-puis-je-vendre-sur-presstix\/\" title=\"Combien de tickets puis je vendre sur PressTix ?\">Combien de tickets puis je vendre sur PressTix ?<\/a><\/li><li><a href=\"https:\/\/presstix.com\/support\/questions-reponses\/compte-organisateur\/puis-je-publier-plusieurs-evenements-a-la-fois\/\" title=\"Puis je publier plusieurs \u00e9v\u00e8nements \u00e0 la fois ?\">Puis je publier plusieurs \u00e9v\u00e8nements \u00e0 la fois ?<\/a><\/li><li><a href=\"https:\/\/presstix.com\/support\/questions-reponses\/creation-devenement\/videopuis-je-vendre-des-billets-physiques-avec-presstix\/\" title=\"(Vid\u00e9o)Puis-je vendre des billets physiques avec PressTix ?\">(Vid\u00e9o)Puis-je vendre des billets physiques avec PressTix ?<\/a><\/li><li><a href=\"https:\/\/presstix.com\/support\/questions-reponses\/compte-organisateur\/puis-accepter-des-dons-pour-mon-evenement\/\" title=\"(Image) Puis accepter des dons pour mon \u00e9v\u00e8nement ?\">(Image) Puis accepter des dons pour mon \u00e9v\u00e8nement ?<\/a><\/li><li><a href=\"https:\/\/presstix.com\/support\/questions-reponses\/app-organisateur\/image-comment-puis-je-suivre-mes-ventes-en-temps-reel\/\" title=\"(Image) Comment puis-je suivre mes ventes en temps r\u00e9el ?\">(Image) Comment puis-je suivre mes ventes en temps r\u00e9el ?<\/a><\/li><\/ol>    <\/div>\r\n                         <\/div><div class=\"bkbcol-1-2\">\r\n                                   <div class=\"bkb-content\"><h2 class=\"bwl-kb-category-title\"><a href=\"https:\/\/presstix.com\/support\/questions-reponses\/categorie\/management-devenements\/\" title=\"Management d\u2019\u00e9v\u00e8nements\" ><i class=\"fa fa-file-o\"><\/i> Management d\u2019\u00e9v\u00e8nements <span class=\"items-counter\"> 10 <\/span><\/a><\/h2><ol class=\"bwl-kb-categories none-list\"><li><a href=\"https:\/\/presstix.com\/support\/questions-reponses\/assistance-de-presstix\/presstix-maide-t-il-a-promouvoir-mon-evenement\/\" title=\"PressTix m\u2019aide-t-il \u00e0 promouvoir mon \u00e9v\u00e9nement ?\">PressTix m\u2019aide-t-il \u00e0 promouvoir mon \u00e9v\u00e9nement ?<\/a><\/li><li><a href=\"https:\/\/presstix.com\/support\/questions-reponses\/app-organisateur\/quest-ce-que-presstix-pro-et-comment-le-telecharger\/\" title=\"Qu\u2019est ce que PressTix Pro et comment le t\u00e9l\u00e9charger ?\">Qu\u2019est ce que PressTix Pro et comment le t\u00e9l\u00e9charger ?<\/a><\/li><li><a href=\"https:\/\/presstix.com\/support\/questions-reponses\/creation-devenement\/quels-types-devenements-peuvent-etre-publies-sur-presstix\/\" title=\"(Images) Quels types d\u2019\u00e9v\u00e9nements peuvent \u00eatre publi\u00e9s sur PressTix ?\">(Images) Quels types d\u2019\u00e9v\u00e9nements peuvent \u00eatre publi\u00e9s sur PressTix ?<\/a><\/li><li><a href=\"https:\/\/presstix.com\/support\/questions-reponses\/boostez-votre-evenement\/puis-je-faire-une-integration-du-logiciel-de-billetterie-en-ligne-sur-mon-site-internet\/\" title=\"Puis-je faire une int\u00e9gration du logiciel de billetterie en ligne sur mon site internet ?\">Puis-je faire une int\u00e9gration du logiciel de billetterie en ligne sur mon site internet ?<\/a><\/li><li><a href=\"https:\/\/presstix.com\/support\/questions-reponses\/compte-organisateur\/comment-voir-la-liste-de-mes-evenements\/\" title=\"(Images) Comment voir la liste de mes \u00e9v\u00e8nements?\">(Images) Comment voir la liste de mes \u00e9v\u00e8nements?<\/a><\/li><\/ol>    <\/div>\r\n                         <\/div><div class=\"bkbcol-1-2\">\r\n                                   <div class=\"bkb-content\"><h2 class=\"bwl-kb-category-title\"><a href=\"https:\/\/presstix.com\/support\/questions-reponses\/categorie\/promotion-devenements\/\" title=\"Promotion d\u2019\u00e9v\u00e8nements\" ><i class=\"fa fa-file-o\"><\/i> Promotion d\u2019\u00e9v\u00e8nements <span class=\"items-counter\"> 9 <\/span><\/a><\/h2><ol class=\"bwl-kb-categories none-list\"><li><a href=\"https:\/\/presstix.com\/support\/questions-reponses\/assistance-de-presstix\/presstix-peut-elle-maider-a-faire-la-promotion-de-mes-evenements\/\" title=\"PressTix peut-elle m'aider a faire la promotion de mes evenements?\">PressTix peut-elle m'aider a faire la promotion de mes evenements?<\/a><\/li><li><a href=\"https:\/\/presstix.com\/support\/questions-reponses\/boostez-votre-evenement\/combien-de-temps-mon-evenement-sera-booste\/\" title=\"Combien de temps mon \u00e9v\u00e8nement sera boost\u00e9 ?\">Combien de temps mon \u00e9v\u00e8nement sera boost\u00e9 ?<\/a><\/li><li><a href=\"https:\/\/presstix.com\/support\/questions-reponses\/boostez-votre-evenement\/quelle-est-la-difference-entre-booster-mon-evenement-et-passer-une-publicite-sur-presstix\/\" title=\"Quelle est la diff\u00e9rence entre booster mon \u00e9v\u00e8nement et passer une publicit\u00e9 sur PressTix ?\">Quelle est la diff\u00e9rence entre booster mon \u00e9v\u00e8nement et passer une publicit\u00e9 sur PressTix ?<\/a><\/li><li><a href=\"https:\/\/presstix.com\/support\/questions-reponses\/compte-organisateur\/renvoyer-un-e-mail-de-confirmation\/\" title=\"(Image) Votre \u00e9v\u00e9nement approche. Comment envoyer des e-mails de rappel a vos clients?\">(Image) Votre \u00e9v\u00e9nement approche. Comment envoyer des e-mails de rappel a vos clients?<\/a><\/li><li><a href=\"https:\/\/presstix.com\/support\/questions-reponses\/boostez-votre-evenement\/booster-mon-evenement-veut-dire-exactement-quoi\/\" title=\"Booster mon \u00e9v\u00e8nement veut dire exactement quoi ?\">Booster mon \u00e9v\u00e8nement veut dire exactement quoi ?<\/a><\/li><\/ol>    <\/div>\r\n                         <\/div><div class=\"bkbcol-1-2\">\r\n                                   <div class=\"bkb-content\"><h2 class=\"bwl-kb-category-title\"><a href=\"https:\/\/presstix.com\/support\/questions-reponses\/categorie\/boostez-votre-evenement\/\" title=\"Boostez votre Ev\u00e8nement\" ><i class=\"fa fa-file-o\"><\/i> Boostez votre Ev\u00e8nement <span class=\"items-counter\"> 9 <\/span><\/a><\/h2><ol class=\"bwl-kb-categories none-list\"><li><a href=\"https:\/\/presstix.com\/support\/questions-reponses\/boostez-votre-evenement\/quelle-est-la-difference-entre-booster-mon-evenement-et-passer-une-publicite-sur-presstix\/\" title=\"Quelle est la diff\u00e9rence entre booster mon \u00e9v\u00e8nement et passer une publicit\u00e9 sur PressTix ?\">Quelle est la diff\u00e9rence entre booster mon \u00e9v\u00e8nement et passer une publicit\u00e9 sur PressTix ?<\/a><\/li><li><a href=\"https:\/\/presstix.com\/support\/questions-reponses\/boostez-votre-evenement\/quel-genre-dannonces-dois-je-booster-sur-presstix\/\" title=\"Quelle genre d\u2019annonces dois-je booster sur PressTix ?\">Quelle genre d\u2019annonces dois-je booster sur PressTix ?<\/a><\/li><li><a href=\"https:\/\/presstix.com\/support\/questions-reponses\/boostez-votre-evenement\/puis-je-faire-une-integration-du-logiciel-de-billetterie-en-ligne-sur-mon-site-internet\/\" title=\"Puis-je faire une int\u00e9gration du logiciel de billetterie en ligne sur mon site internet ?\">Puis-je faire une int\u00e9gration du logiciel de billetterie en ligne sur mon site internet ?<\/a><\/li><li><a href=\"https:\/\/presstix.com\/support\/questions-reponses\/boostez-votre-evenement\/comment-booster-votre-evenement\/\" title=\"Comment Booster mon \u00e9v\u00e8nement ?\">Comment Booster mon \u00e9v\u00e8nement ?<\/a><\/li><li><a href=\"https:\/\/presstix.com\/support\/questions-reponses\/assistance-de-presstix\/presstix-maide-t-il-a-promouvoir-mon-evenement\/\" title=\"PressTix m\u2019aide-t-il \u00e0 promouvoir mon \u00e9v\u00e9nement ?\">PressTix m\u2019aide-t-il \u00e0 promouvoir mon \u00e9v\u00e9nement ?<\/a><\/li><\/ol>    <\/div>\r\n                         <\/div><div class=\"bkbcol-1-2\">\r\n                                   <div class=\"bkb-content\"><h2 class=\"bwl-kb-category-title\"><a href=\"https:\/\/presstix.com\/support\/questions-reponses\/categorie\/publicite-de-votre-evenement\/\" title=\"Publicit\u00e9 de votre \u00e9v\u00e8nement\" ><i class=\"fa fa-file-o\"><\/i> Publicit\u00e9 de votre \u00e9v\u00e8nement <span class=\"items-counter\"> 3 <\/span><\/a><\/h2><ol class=\"bwl-kb-categories none-list\"><li><a href=\"https:\/\/presstix.com\/support\/questions-reponses\/assistance-de-presstix\/presstix-peut-elle-gerer-mes-evenements-pour-mois\/\" title=\"PressTix peut-elle g\u00e9rer mes \u00c9v\u00e9nements pour moi?\">PressTix peut-elle g\u00e9rer mes \u00c9v\u00e9nements pour moi?<\/a><\/li><li><a href=\"https:\/\/presstix.com\/support\/questions-reponses\/boostez-votre-evenement\/comment-booster-votre-evenement\/\" title=\"Comment Booster mon \u00e9v\u00e8nement ?\">Comment Booster mon \u00e9v\u00e8nement ?<\/a><\/li><li><a href=\"https:\/\/presstix.com\/support\/questions-reponses\/assistance-de-presstix\/presstix-peut-elle-maider-a-faire-la-promotion-de-mes-evenements\/\" title=\"PressTix peut-elle m'aider a faire la promotion de mes evenements?\">PressTix peut-elle m'aider a faire la promotion de mes evenements?<\/a><\/li><\/ol>    <\/div>\r\n                         <\/div><div class=\"bkbcol-1-2\">\r\n                                   <div class=\"bkb-content\"><h2 class=\"bwl-kb-category-title\"><a href=\"https:\/\/presstix.com\/support\/questions-reponses\/categorie\/newsletter\/\" title=\"Newsletter\" ><i class=\"fa fa-file-o\"><\/i> Newsletter <span class=\"items-counter\"> 2 <\/span><\/a><\/h2><ol class=\"bwl-kb-categories none-list\"><li><a href=\"https:\/\/presstix.com\/support\/questions-reponses\/compte-utilisateur\/comment-me-tenir-informe-des-actualites-spectacles\/\" title=\"(Images) Comment me tenir inform\u00e9 des actualit\u00e9s spectacles ?\">(Images) Comment me tenir inform\u00e9 des actualit\u00e9s spectacles ?<\/a><\/li><li><a href=\"https:\/\/presstix.com\/support\/questions-reponses\/compte-utilisateur\/theme-copyright-myths\/\" title=\"(Image) Comment g\u00e9rer mes inscriptions aux alertes et newsletters ?\">(Image) Comment g\u00e9rer mes inscriptions aux alertes et newsletters ?<\/a><\/li><\/ol>    <\/div>\r\n                         <\/div><div class=\"bkbcol-1-2\">\r\n                                   <div class=\"bkb-content\"><h2 class=\"bwl-kb-category-title\"><a href=\"https:\/\/presstix.com\/support\/questions-reponses\/categorie\/nous-contacter\/\" title=\"Nous Contacter\" ><i class=\"fa fa-file-o\"><\/i> Nous Contacter <span class=\"items-counter\"> 7 <\/span><\/a><\/h2><ol class=\"bwl-kb-categories none-list\"><li><a href=\"https:\/\/presstix.com\/support\/questions-reponses\/compte-organisateur\/quel-est-votre-numero-de-telephone\/\" title=\"Quel est votre num\u00e9ro de t\u00e9l\u00e9phone ?\">Quel est votre num\u00e9ro de t\u00e9l\u00e9phone ?<\/a><\/li><li><a href=\"https:\/\/presstix.com\/support\/questions-reponses\/compte-organisateur\/avez-vous-une-succursale-dans-les-regions\/\" title=\"Avez-vous une succursale dans les r\u00e9gions ?\">Avez-vous une succursale dans les r\u00e9gions ?<\/a><\/li><li><a href=\"https:\/\/presstix.com\/support\/questions-reponses\/compte-organisateur\/comment-puis-je-contacter-votre-service-clientele\/\" title=\"Comment puis-je contacter votre Service Client\u00e8le\">Comment puis-je contacter votre Service Client\u00e8le<\/a><\/li><li><a href=\"https:\/\/presstix.com\/support\/questions-reponses\/assistance-de-presstix\/puis-je-contacter-un-conseiller-presstix\/\" title=\"Puis-je contacter un conseiller PressTix ?\">Puis-je contacter un conseiller PressTix ?<\/a><\/li><li><a href=\"https:\/\/presstix.com\/support\/questions-reponses\/compte-organisateur\/images-comment-contacter-lorganisateur-de-levenement\/\" title=\"(Images) Comment contacter l'Organisateur de l\u2019\u00e9v\u00e8nement ?\">(Images) Comment contacter l'Organisateur de l\u2019\u00e9v\u00e8nement ?<\/a><\/li><\/ol>    <\/div>\r\n                         <\/div><\/div><!-- end of .grid -->[\/vc_column][\/vc_row][vc_row][vc_column]<a href=\"#\" title=\"CHARGER PLUS DE CAT\u00c9GORIES\"   class=\"btn   btn-theme   wpb_animate_when_almost_visible wpb_fadeIn fadeIn\" >CHARGER PLUS DE CAT\u00c9GORIES<\/a>[\/vc_column][\/vc_row]\n<\/div>","protected":false},"excerpt":{"rendered":"<p>[vc_row kdesk_custom_class=\"section-content-block section-kb-categories\" css=\".vc_custom_1532428742664{background-color: #edf0f2 !important;}\"][vc_column css_animation=\"fadeIn\"][\/vc_column][\/vc_row][vc_row][vc_column][\/vc_column][\/vc_row]<\/p>\n","protected":false},"author":2,"featured_media":0,"parent":0,"menu_order":0,"comment_status":"closed","ping_status":"closed","template":"template-fullwidth.php","meta":{"_bbp_topic_count":0,"_bbp_reply_count":0,"_bbp_total_topic_count":0,"_bbp_total_reply_count":0,"_bbp_voice_count":0,"_bbp_anonymous_reply_count":0,"_bbp_topic_count_hidden":0,"_bbp_reply_count_hidden":0,"_bbp_forum_subforum_count":0,"om_disable_all_campaigns":false,"_monsterinsights_skip_tracking":false,"_monsterinsights_sitenote_active":false,"_monsterinsights_sitenote_note":"","_monsterinsights_sitenote_category":0,"_uf_show_specific_survey":0,"_uf_disable_surveys":false,"footnotes":""},"class_list":["post-4323","page","type-page","status-publish","hentry"],"yoast_head":"<!-- This site is optimized with the Yoast SEO plugin v27.5 - https:\/\/yoast.com\/product\/yoast-seo-wordpress\/ -->\n<title>Cr\u00e9ation et management d&#039;\u00e9v\u00e8nement - Presstix<\/title>\n<meta name=\"robots\" content=\"index, follow, max-snippet:-1, max-image-preview:large, max-video-preview:-1\" \/>\n<link rel=\"canonical\" href=\"https:\/\/presstix.com\/support\/creation-et-management-devenement\/\" \/>\n<meta property=\"og:locale\" content=\"fr_FR\" \/>\n<meta property=\"og:type\" content=\"article\" \/>\n<meta property=\"og:title\" content=\"Cr\u00e9ation et management d&#039;\u00e9v\u00e8nement - Presstix\" \/>\n<meta property=\"og:description\" content=\"[vc_row kdesk_custom_class=&quot;section-content-block section-kb-categories&quot; css=&quot;.vc_custom_1532428742664{background-color: #edf0f2 !important;}&quot;][vc_column css_animation=&quot;fadeIn&quot;][\/vc_column][\/vc_row][vc_row][vc_column][\/vc_column][\/vc_row]\" \/>\n<meta property=\"og:url\" content=\"https:\/\/presstix.com\/support\/creation-et-management-devenement\/\" \/>\n<meta property=\"og:site_name\" content=\"Presstix\" \/>\n<meta property=\"article:publisher\" content=\"https:\/\/www.facebook.com\/presstix\" \/>\n<meta property=\"article:modified_time\" content=\"2023-02-17T06:23:04+00:00\" \/>\n<meta property=\"og:image\" content=\"https:\/\/presstix.com\/support\/wp-content\/uploads\/2022\/09\/dngtjo36ojgnlee9cczh5apcdqfap1vsu7qewaa2dgbkdg8ms0v7dmxsbnmc5toy-.jpg\" \/>\n\t<meta property=\"og:image:width\" content=\"1820\" \/>\n\t<meta property=\"og:image:height\" content=\"1112\" \/>\n\t<meta property=\"og:image:type\" content=\"image\/jpeg\" \/>\n<meta name=\"twitter:card\" content=\"summary_large_image\" \/>\n<meta name=\"twitter:label1\" content=\"Dur\u00e9e de lecture estim\u00e9e\" \/>\n\t<meta name=\"twitter:data1\" content=\"1 minute\" \/>\n<script type=\"application\/ld+json\" class=\"yoast-schema-graph\">{\"@context\":\"https:\\\/\\\/schema.org\",\"@graph\":[{\"@type\":\"WebPage\",\"@id\":\"https:\\\/\\\/presstix.com\\\/support\\\/creation-et-management-devenement\\\/\",\"url\":\"https:\\\/\\\/presstix.com\\\/support\\\/creation-et-management-devenement\\\/\",\"name\":\"Cr\u00e9ation et management d'\u00e9v\u00e8nement - Presstix\",\"isPartOf\":{\"@id\":\"https:\\\/\\\/presstix.com\\\/support\\\/#website\"},\"datePublished\":\"2023-02-15T07:33:59+00:00\",\"dateModified\":\"2023-02-17T06:23:04+00:00\",\"breadcrumb\":{\"@id\":\"https:\\\/\\\/presstix.com\\\/support\\\/creation-et-management-devenement\\\/#breadcrumb\"},\"inLanguage\":\"fr-FR\",\"potentialAction\":[{\"@type\":\"ReadAction\",\"target\":[\"https:\\\/\\\/presstix.com\\\/support\\\/creation-et-management-devenement\\\/\"]}]},{\"@type\":\"BreadcrumbList\",\"@id\":\"https:\\\/\\\/presstix.com\\\/support\\\/creation-et-management-devenement\\\/#breadcrumb\",\"itemListElement\":[{\"@type\":\"ListItem\",\"position\":1,\"name\":\"Acceuil\",\"item\":\"https:\\\/\\\/presstix.com\\\/support\\\/\"},{\"@type\":\"ListItem\",\"position\":2,\"name\":\"Cr\u00e9ation et management d'\u00e9v\u00e8nement\"}]},{\"@type\":\"WebSite\",\"@id\":\"https:\\\/\\\/presstix.com\\\/support\\\/#website\",\"url\":\"https:\\\/\\\/presstix.com\\\/support\\\/\",\"name\":\"Presstix\",\"description\":\"Support\",\"publisher\":{\"@id\":\"https:\\\/\\\/presstix.com\\\/support\\\/#organization\"},\"potentialAction\":[{\"@type\":\"SearchAction\",\"target\":{\"@type\":\"EntryPoint\",\"urlTemplate\":\"https:\\\/\\\/presstix.com\\\/support\\\/?s={search_term_string}\"},\"query-input\":{\"@type\":\"PropertyValueSpecification\",\"valueRequired\":true,\"valueName\":\"search_term_string\"}}],\"inLanguage\":\"fr-FR\"},{\"@type\":\"Organization\",\"@id\":\"https:\\\/\\\/presstix.com\\\/support\\\/#organization\",\"name\":\"PressTix\",\"url\":\"https:\\\/\\\/presstix.com\\\/support\\\/\",\"logo\":{\"@type\":\"ImageObject\",\"inLanguage\":\"fr-FR\",\"@id\":\"https:\\\/\\\/presstix.com\\\/support\\\/#\\\/schema\\\/logo\\\/image\\\/\",\"url\":\"https:\\\/\\\/presstix.com\\\/support\\\/wp-content\\\/uploads\\\/2024\\\/12\\\/cropped-p-carre-vert.png\",\"contentUrl\":\"https:\\\/\\\/presstix.com\\\/support\\\/wp-content\\\/uploads\\\/2024\\\/12\\\/cropped-p-carre-vert.png\",\"width\":512,\"height\":512,\"caption\":\"PressTix\"},\"image\":{\"@id\":\"https:\\\/\\\/presstix.com\\\/support\\\/#\\\/schema\\\/logo\\\/image\\\/\"},\"sameAs\":[\"https:\\\/\\\/www.facebook.com\\\/presstix\",\"https:\\\/\\\/www.linkedin.com\\\/company\\\/presstix\",\"https:\\\/\\\/twitter.com\\\/press_tix\\\/\",\"https:\\\/\\\/www.youtube.com\\\/channel\\\/presstix\",\"https:\\\/\\\/www.instagram.com\\\/presstix\\\/\"]}]}<\/script>\n<!-- \/ Yoast SEO plugin. -->","yoast_head_json":{"title":"Cr\u00e9ation et management d'\u00e9v\u00e8nement - Presstix","robots":{"index":"index","follow":"follow","max-snippet":"max-snippet:-1","max-image-preview":"max-image-preview:large","max-video-preview":"max-video-preview:-1"},"canonical":"https:\/\/presstix.com\/support\/creation-et-management-devenement\/","og_locale":"fr_FR","og_type":"article","og_title":"Cr\u00e9ation et management d'\u00e9v\u00e8nement - Presstix","og_description":"[vc_row kdesk_custom_class=\"section-content-block section-kb-categories\" css=\".vc_custom_1532428742664{background-color: #edf0f2 !important;}\"][vc_column css_animation=\"fadeIn\"][\/vc_column][\/vc_row][vc_row][vc_column][\/vc_column][\/vc_row]","og_url":"https:\/\/presstix.com\/support\/creation-et-management-devenement\/","og_site_name":"Presstix","article_publisher":"https:\/\/www.facebook.com\/presstix","article_modified_time":"2023-02-17T06:23:04+00:00","og_image":[{"width":1820,"height":1112,"url":"https:\/\/presstix.com\/support\/wp-content\/uploads\/2022\/09\/dngtjo36ojgnlee9cczh5apcdqfap1vsu7qewaa2dgbkdg8ms0v7dmxsbnmc5toy-.jpg","type":"image\/jpeg"}],"twitter_card":"summary_large_image","twitter_misc":{"Dur\u00e9e de lecture estim\u00e9e":"1 minute"},"schema":{"@context":"https:\/\/schema.org","@graph":[{"@type":"WebPage","@id":"https:\/\/presstix.com\/support\/creation-et-management-devenement\/","url":"https:\/\/presstix.com\/support\/creation-et-management-devenement\/","name":"Cr\u00e9ation et management d'\u00e9v\u00e8nement - Presstix","isPartOf":{"@id":"https:\/\/presstix.com\/support\/#website"},"datePublished":"2023-02-15T07:33:59+00:00","dateModified":"2023-02-17T06:23:04+00:00","breadcrumb":{"@id":"https:\/\/presstix.com\/support\/creation-et-management-devenement\/#breadcrumb"},"inLanguage":"fr-FR","potentialAction":[{"@type":"ReadAction","target":["https:\/\/presstix.com\/support\/creation-et-management-devenement\/"]}]},{"@type":"BreadcrumbList","@id":"https:\/\/presstix.com\/support\/creation-et-management-devenement\/#breadcrumb","itemListElement":[{"@type":"ListItem","position":1,"name":"Acceuil","item":"https:\/\/presstix.com\/support\/"},{"@type":"ListItem","position":2,"name":"Cr\u00e9ation et management d'\u00e9v\u00e8nement"}]},{"@type":"WebSite","@id":"https:\/\/presstix.com\/support\/#website","url":"https:\/\/presstix.com\/support\/","name":"Presstix","description":"Support","publisher":{"@id":"https:\/\/presstix.com\/support\/#organization"},"potentialAction":[{"@type":"SearchAction","target":{"@type":"EntryPoint","urlTemplate":"https:\/\/presstix.com\/support\/?s={search_term_string}"},"query-input":{"@type":"PropertyValueSpecification","valueRequired":true,"valueName":"search_term_string"}}],"inLanguage":"fr-FR"},{"@type":"Organization","@id":"https:\/\/presstix.com\/support\/#organization","name":"PressTix","url":"https:\/\/presstix.com\/support\/","logo":{"@type":"ImageObject","inLanguage":"fr-FR","@id":"https:\/\/presstix.com\/support\/#\/schema\/logo\/image\/","url":"https:\/\/presstix.com\/support\/wp-content\/uploads\/2024\/12\/cropped-p-carre-vert.png","contentUrl":"https:\/\/presstix.com\/support\/wp-content\/uploads\/2024\/12\/cropped-p-carre-vert.png","width":512,"height":512,"caption":"PressTix"},"image":{"@id":"https:\/\/presstix.com\/support\/#\/schema\/logo\/image\/"},"sameAs":["https:\/\/www.facebook.com\/presstix","https:\/\/www.linkedin.com\/company\/presstix","https:\/\/twitter.com\/press_tix\/","https:\/\/www.youtube.com\/channel\/presstix","https:\/\/www.instagram.com\/presstix\/"]}]}},"_hostinger_reach_plugin_has_subscription_block":false,"_hostinger_reach_plugin_is_elementor":false,"_links":{"self":[{"href":"https:\/\/presstix.com\/support\/wp-json\/wp\/v2\/pages\/4323","targetHints":{"allow":["GET"]}}],"collection":[{"href":"https:\/\/presstix.com\/support\/wp-json\/wp\/v2\/pages"}],"about":[{"href":"https:\/\/presstix.com\/support\/wp-json\/wp\/v2\/types\/page"}],"author":[{"embeddable":true,"href":"https:\/\/presstix.com\/support\/wp-json\/wp\/v2\/users\/2"}],"replies":[{"embeddable":true,"href":"https:\/\/presstix.com\/support\/wp-json\/wp\/v2\/comments?post=4323"}],"version-history":[{"count":1,"href":"https:\/\/presstix.com\/support\/wp-json\/wp\/v2\/pages\/4323\/revisions"}],"predecessor-version":[{"id":4853,"href":"https:\/\/presstix.com\/support\/wp-json\/wp\/v2\/pages\/4323\/revisions\/4853"}],"wp:attachment":[{"href":"https:\/\/presstix.com\/support\/wp-json\/wp\/v2\/media?parent=4323"}],"curies":[{"name":"wp","href":"https:\/\/api.w.org\/{rel}","templated":true}]}}