{"id":2928,"date":"2026-03-30T05:24:41","date_gmt":"2026-03-30T05:24:41","guid":{"rendered":"https:\/\/presstix.com\/info\/?page_id=2928"},"modified":"2026-04-02T20:45:08","modified_gmt":"2026-04-02T20:45:08","slug":"decaissement-anticipe-des-recettes-avant-levenement","status":"publish","type":"page","link":"https:\/\/presstix.com\/info\/decaissement-anticipe-des-recettes-avant-levenement\/","title":{"rendered":"D\u00e9caissement anticip\u00e9 des recettes avant l\u2019\u00e9v\u00e9nement"},"content":{"rendered":"<div class=\"wpb-content-wrapper\">[vc_row][vc_column width=&#8221;2\/3&#8243;][vc_column_text css=&#8221;&#8221;]\n<h2 style=\"text-align: center;\"><span style=\"color: #000000;\">D\u00e9caissement anticip\u00e9 des recettes avant l\u2019\u00e9v\u00e9nement<\/span><\/h2>\n<p style=\"text-align: justify;\"><span style=\"color: #000000;\">Les recettes issues de la vente des billets sont conserv\u00e9es par PressTix jusqu\u2019\u00e0 la tenue de l\u2019\u00e9v\u00e9nement et la validation finale, conform\u00e9ment aux dispositions du pr\u00e9sent contrat.<\/span><\/p>\n<p style=\"text-align: justify;\"><span style=\"color: #000000;\">Toute demande de versement anticip\u00e9 par l\u2019Organisateur constitue une d\u00e9rogation exceptionnelle, soumise aux conditions strictes d\u00e9finies ci-apr\u00e8s.<\/span><\/p>\n<h4 style=\"text-align: left;\"><span style=\"color: #000000;\">1. P\u00e9riode d\u2019\u00e9ligibilit\u00e9<\/span><\/h4>\n<p style=\"text-align: justify;\"><span style=\"color: #000000;\">Les demandes de d\u00e9caissement anticip\u00e9 ne sont recevables qu\u2019\u00e0 partir de 30 jours avant la date de l\u2019\u00e9v\u00e9nement. Aucune demande ne pourra \u00eatre accept\u00e9e :<\/span><\/p>\n<p style=\"text-align: justify;\"><span style=\"color: #000000;\">\u00a0 \u00a0 \u00a0 \u00a0 \u00a0 &#8211; avant ce d\u00e9lai de trente (30) jours,<\/span><\/p>\n<p style=\"text-align: justify;\"><span style=\"color: #000000;\">\u00a0 \u00a0 \u00a0 \u00a0 \u00a0 &#8211; ni apr\u00e8s la tenue de l\u2019\u00e9v\u00e9nement avant validation finale.<\/span><\/p>\n<h4 style=\"text-align: left;\"><span style=\"color: #000000;\">2. Demande formelle de l\u2019Organisateur<\/span><\/h4>\n<p style=\"text-align: justify;\"><span style=\"color: #000000;\">Toute demande de versement anticip\u00e9 doit \u00eatre :<\/span><\/p>\n<p style=\"text-align: justify;\"><span style=\"color: #000000;\">\u00a0 \u00a0 \u00a0 \u00a0 \u00a0 &#8211; formul\u00e9e par \u00e9crit via email ou via la plateforme PressTix info.<\/span><\/p>\n<p style=\"text-align: justify;\"><span style=\"color: #000000;\">\u00a0 \u00a0 \u00a0 \u00a0 \u00a0 &#8211; accompagn\u00e9e d\u2019une description d\u00e9taill\u00e9e des besoins, pr\u00e9cisant la nature des d\u00e9penses et leur finalit\u00e9.<\/span><\/p>\n<p style=\"text-align: justify;\"><span style=\"color: #000000;\">\u00a0 \u00a0 \u00a0 \u00a0 \u00a0 &#8211; Au besoin, la demande peut \u00eatre faite en remplissant manuellement le formulaire de demande de d\u00e9caissement disponible sur demande ou t\u00e9l\u00e9chargeable via www.presstix.com\/info. Ce formulaire doit ensuite \u00eatre d\u00e9pos\u00e9 \u00e0 nos bureaux ou envoy\u00e9 par mail.<\/span><\/p>\n<h4 style=\"text-align: left;\"><span style=\"color: #000000;\">3. Modalit\u00e9s de traitement des demandes<\/span><\/h4>\n<p style=\"text-align: justify;\"><span style=\"color: #000000;\">Selon la nature de la demande, PressTix appliquera les modalit\u00e9s suivantes :<\/span><\/p>\n<h5 style=\"text-align: left;\"><span style=\"color: #000000;\"><strong>a) Paiement de factures ou prestations<\/strong><\/span><\/h5>\n<p style=\"text-align: justify;\"><span style=\"color: #000000;\">Si la demande concerne des factures ou des prestations :<\/span><\/p>\n<p style=\"text-align: justify;\"><span style=\"color: #000000;\">\u00a0 \u00a0 \u00a0 \u00a0 \u00a0 &#8211; l\u2019Organisateur doit fournir le d\u00e9tail des factures,<\/span><\/p>\n<p style=\"text-align: justify;\"><span style=\"color: #000000;\">\u00a0 \u00a0 \u00a0 \u00a0 \u00a0 &#8211; PressTix peut exiger une mise en relation avec le prestataire concern\u00e9,<\/span><\/p>\n<p style=\"text-align: justify;\"><span style=\"color: #000000;\">\u00a0 \u00a0 \u00a0 \u00a0 \u00a0&#8211; PressTix proc\u00e8de directement au paiement du prestataire, apr\u00e8s v\u00e9rification.<\/span><\/p>\n<h5 style=\"text-align: left;\"><span style=\"color: #000000;\"><strong>b) Achat de produits ou d\u2019accessoires<\/strong><\/span><\/h5>\n<p style=\"text-align: justify;\"><span style=\"color: #000000;\">Si la demande concerne l\u2019achat de produits ou d\u2019\u00e9quipements :<\/span><\/p>\n<p style=\"text-align: justify;\"><span style=\"color: #000000;\">\u00a0 \u00a0 \u00a0 \u00a0 \u00a0 &#8211; l\u2019Organisateur doit fournir la liste d\u00e9taill\u00e9e des besoins,<\/span><\/p>\n<p style=\"text-align: justify;\"><span style=\"color: #000000;\">\u00a0 \u00a0 \u00a0 \u00a0 \u00a0 &#8211; PressTix se r\u00e9serve le droit d\u2019effectuer les achats au nom et pour le compte de l\u2019Organisateur,<\/span><\/p>\n<p style=\"text-align: justify;\"><span style=\"color: #000000;\">\u00a0 \u00a0 \u00a0 \u00a0 \u00a0&#8211; les paiements sont effectu\u00e9s directement par PressTix aux fournisseurs.<\/span><\/p>\n<h5 style=\"text-align: left;\"><span style=\"color: #000000;\"><strong>c) Demande d\u2019avance en num\u00e9raire<\/strong><\/span><\/h5>\n<p style=\"text-align: justify;\"><span style=\"color: #000000;\">Si l\u2019Organisateur sollicite express\u00e9ment un versement en num\u00e9raire :<\/span><\/p>\n<p style=\"text-align: justify;\"><span style=\"color: #000000;\">\u00a0 \u00a0 \u00a0 \u00a0 \u00a0 &#8211; PressTix peut, \u00e0 sa discr\u00e9tion, accorder une avance.<\/span><\/p>\n<p style=\"text-align: justify;\"><span style=\"color: #000000;\">Cette avance est strictement limit\u00e9e \u00e0 50 % des recettes d\u00e9j\u00e0 encaiss\u00e9es au moment de la demande.<\/span><\/p>\n<h4 style=\"text-align: left;\"><span style=\"color: #000000;\">4. Conditions d\u2019approbation<\/span><\/h4>\n<p style=\"text-align: justify;\"><span style=\"color: #000000;\">Toute demande de d\u00e9caissement anticip\u00e9 reste soumise \u00e0 l\u2019approbation exclusive de PressTix qui se r\u00e9serve le droit d\u2019accepter ou de refuser toute demande, notamment en fonction :<\/span><\/p>\n<p style=\"text-align: justify;\"><span style=\"color: #000000;\">\u00a0 \u00a0 \u00a0 \u00a0 \u00a0 &#8211; du volume des ventes r\u00e9alis\u00e9es,<\/span><\/p>\n<p style=\"text-align: justify;\"><span style=\"color: #000000;\">\u00a0 \u00a0 \u00a0 \u00a0 \u00a0 &#8211; du niveau de risque de l\u2019\u00e9v\u00e9nement,<\/span><\/p>\n<p style=\"text-align: justify;\"><span style=\"color: #000000;\">\u00a0 \u00a0 \u00a0 \u00a0 \u00a0 &#8211; de la conformit\u00e9 KYC de l\u2019Organisateur,<\/span><\/p>\n<p style=\"text-align: justify;\"><span style=\"color: #000000;\">\u00a0 \u00a0 \u00a0 \u00a0 \u00a0 &#8211; de l\u2019absence de litige ou anomalie,<\/span><\/p>\n<p style=\"text-align: justify;\"><span style=\"color: #000000;\">\u00a0 \u00a0 \u00a0 \u00a0 \u00a0&#8211; de la coh\u00e9rence et de la justification des d\u00e9penses.<\/span><\/p>\n<h4 style=\"text-align: left;\"><span style=\"color: #000000;\">5. Limitation et contr\u00f4le<\/span><\/h4>\n<p style=\"text-align: justify;\"><span style=\"color: #000000;\">PressTix peut :<\/span><\/p>\n<p style=\"text-align: justify;\"><span style=\"color: #000000;\">\u00a0 \u00a0 \u00a0 \u00a0 \u00a0 &#8211; limiter le montant des d\u00e9caissements,<\/span><\/p>\n<p style=\"text-align: justify;\"><span style=\"color: #000000;\">\u00a0 \u00a0 \u00a0 \u00a0 \u00a0 &#8211; exiger des justificatifs compl\u00e9mentaires,<\/span><\/p>\n<p style=\"text-align: justify;\"><span style=\"color: #000000;\">\u00a0 \u00a0 \u00a0 \u00a0 \u00a0&#8211; privil\u00e9gier le paiement direct aux prestataires plut\u00f4t que le versement \u00e0 l\u2019Organisateur.<\/span><\/p>\n<p style=\"text-align: justify;\"><span style=\"color: #000000;\">PressTix peut \u00e9galement conserver une r\u00e9serve de s\u00e9curit\u00e9 sur les recettes.<\/span><\/p>\n<h4 style=\"text-align: left;\"><span style=\"color: #000000;\">6. Responsabilit\u00e9<\/span><\/h4>\n<p style=\"text-align: justify;\"><span style=\"color: #000000;\">L\u2019Organisateur demeure seul responsable :<\/span><\/p>\n<p style=\"text-align: justify;\"><span style=\"color: #000000;\">\u00a0 \u00a0 \u00a0 \u00a0 \u00a0 &#8211; de l\u2019utilisation des fonds,<\/span><\/p>\n<p style=\"text-align: justify;\"><span style=\"color: #000000;\">\u00a0 \u00a0 \u00a0 \u00a0 \u00a0&#8211; de l\u2019organisation et de la bonne ex\u00e9cution de l\u2019\u00e9v\u00e9nement,<\/span><\/p>\n<p style=\"text-align: justify;\"><span style=\"color: #000000;\">\u00a0 \u00a0 \u00a0 \u00a0 \u00a0&#8211; des engagements pris aupr\u00e8s de ses prestataires.<\/span><\/p>\n<h4 style=\"text-align: left;\"><span style=\"color: #000000;\">7. Droit de suspension<\/span><\/h4>\n<p style=\"text-align: justify;\"><span style=\"color: #000000;\">PressTix se r\u00e9serve le droit de :<\/span><\/p>\n<p style=\"text-align: justify;\"><span style=\"color: #000000;\">\u00a0 \u00a0 \u00a0 \u00a0 \u00a0 &#8211; suspendre tout versement anticip\u00e9,<\/span><\/p>\n<p style=\"text-align: justify;\"><span style=\"color: #000000;\">\u00a0 \u00a0 \u00a0 \u00a0 \u00a0 &#8211; refuser toute nouvelle demande,<\/span><\/p>\n<p style=\"text-align: justify;\"><span style=\"color: #000000;\">\u00a0 \u00a0 \u00a0 \u00a0 \u00a0&#8211; bloquer les fonds en cas de doute, fraude ou non-conformit\u00e9.<\/span><\/p>\n<h4 style=\"text-align: left;\"><span style=\"color: #000000;\"><strong>8. R\u00e8glement final<\/strong><\/span><\/h4>\n<p style=\"text-align: justify;\"><span style=\"color: #000000;\">Le solde restant des recettes sera vers\u00e9 \u00e0 l\u2019Organisateur conform\u00e9ment aux conditions standard de paiement, apr\u00e8s la tenue de l\u2019\u00e9v\u00e9nement et validation finale.<\/span><\/p>\n[\/vc_column_text][\/vc_column][vc_column width=&#8221;1\/3&#8243;][vc_empty_space height=&#8221;22px&#8221;][vc_column_text css=&#8221;&#8221;]\n<h4><span style=\"color: #000000;\"><strong>ESPACE PROMOTEUR<\/strong><\/span><\/h4>\n<p><span style=\"color: #000000;\">&#8211; D\u00e9caissement anticip\u00e9 des recettes<\/span><\/p>\n<p><a href=\"https:\/\/presstix.com\/info\/mandat-dencaissement\/\"><span style=\"color: #487a48;\">\u2013 Le Mandat d\u2019encaissement<\/span><\/a><\/p>\n<p><span style=\"color: #487a48;\">&#8211; Notre <a style=\"color: #487a48;\" href=\"https:\/\/presstix.com\/info\/accord-marchand\/\">Contrat marchand<\/a><\/span><\/p>\n<p><span style=\"color: #487a48;\"><a style=\"color: #487a48;\" href=\"https:\/\/presstix.com\/info\/politique-officielle-de-paiementorganisateurs-et-promoteurs\/\">&#8211; La politique officielle de paiement<\/a><\/span><\/p>\n<p><span style=\"color: #487a48;\">&#8211; <a style=\"color: #487a48;\" href=\"https:\/\/presstix.com\/info\/politique-de-publication-des-evenements-sur-les-plateformes-presstix\/\">Nos Politiques de publication<\/a><\/span><\/p>\n<p><span style=\"color: #487a48;\">&#8211; <a style=\"color: #487a48;\" href=\"https:\/\/presstix.com\/info\/termes-et-conditions-de-presstix\/\">Les Conditions d&#8217;utilisation<\/a><\/span><\/p>\n<p><span style=\"color: #487a48;\"><a style=\"color: #487a48;\" href=\"https:\/\/presstix.com\/info\/politique-de-confidentialite-de-presstix\/\">&#8211; Les Politiques de confidentialit\u00e9<\/a><\/span>[\/vc_column_text][vc_empty_space height=&#8221;22px&#8221;][vc_single_image image=&#8221;2944&#8243; img_size=&#8221;full&#8221; alignment=&#8221;center&#8221; onclick=&#8221;custom_link&#8221; img_link_target=&#8221;_blank&#8221; css=&#8221;&#8221; link=&#8221;https:\/\/presstix.com\/experiences\/&#8221;][\/vc_column][\/vc_row]\n<\/div>","protected":false},"excerpt":{"rendered":"<p>[vc_row][vc_column width=&#8221;2\/3&#8243;][vc_column_text css=&#8221;&#8221;] D\u00e9caissement anticip\u00e9 des recettes avant l\u2019\u00e9v\u00e9nement Les recettes issues de la vente des billets sont conserv\u00e9es par PressTix jusqu\u2019\u00e0 la tenue de l\u2019\u00e9v\u00e9nement et la validation finale, conform\u00e9ment aux dispositions du pr\u00e9sent contrat. Toute demande de versement anticip\u00e9 par l\u2019Organisateur constitue une d\u00e9rogation exceptionnelle, soumise aux conditions strictes d\u00e9finies ci-apr\u00e8s. 1. P\u00e9riode [&hellip;]<\/p>\n","protected":false},"author":1,"featured_media":1964,"parent":0,"menu_order":0,"comment_status":"closed","ping_status":"closed","template":"","meta":{"content-type":"","footnotes":""},"class_list":["post-2928","page","type-page","status-publish","has-post-thumbnail","hentry"],"yoast_head":"<!-- This site is optimized with the Yoast SEO plugin v27.4 - https:\/\/yoast.com\/product\/yoast-seo-wordpress\/ -->\n<title>D\u00e9caissement anticip\u00e9 des recettes avant l\u2019\u00e9v\u00e9nement - Tout savoir sur PressTix<\/title>\n<meta name=\"description\" content=\"Les recettes issues de la vente des billets sont conserv\u00e9es par PressTix jusqu\u2019\u00e0 la tenue de l\u2019\u00e9v\u00e9nement et la validation finale, conform\u00e9ment aux dispositions du pr\u00e9sent contrat.Toute demande de versement anticip\u00e9 par l\u2019Organisateur constitue une d\u00e9rogation exceptionnelle, soumise aux conditions strictes d\u00e9finies ci-apr\u00e8s.\" \/>\n<meta name=\"robots\" content=\"index, follow, max-snippet:-1, max-image-preview:large, max-video-preview:-1\" \/>\n<link rel=\"canonical\" href=\"https:\/\/presstix.com\/info\/decaissement-anticipe-des-recettes-avant-levenement\/\" \/>\n<meta property=\"og:locale\" content=\"fr_FR\" \/>\n<meta property=\"og:type\" content=\"article\" \/>\n<meta property=\"og:title\" content=\"D\u00e9caissement anticip\u00e9 des recettes avant l\u2019\u00e9v\u00e9nement - Tout savoir sur PressTix\" \/>\n<meta property=\"og:description\" content=\"Les recettes issues de la vente des billets sont conserv\u00e9es par PressTix jusqu\u2019\u00e0 la tenue de l\u2019\u00e9v\u00e9nement et la validation finale, conform\u00e9ment aux dispositions du pr\u00e9sent contrat.Toute demande de versement anticip\u00e9 par l\u2019Organisateur constitue une d\u00e9rogation exceptionnelle, soumise aux conditions strictes d\u00e9finies ci-apr\u00e8s.\" \/>\n<meta property=\"og:url\" content=\"https:\/\/presstix.com\/info\/decaissement-anticipe-des-recettes-avant-levenement\/\" \/>\n<meta property=\"og:site_name\" content=\"Tout savoir sur PressTix\" \/>\n<meta property=\"article:publisher\" content=\"https:\/\/www.facebook.com\/presstix\" \/>\n<meta property=\"article:modified_time\" content=\"2026-04-02T20:45:08+00:00\" \/>\n<meta property=\"og:image\" content=\"https:\/\/presstix.com\/info\/wp-content\/uploads\/2025\/01\/Photo-by-Cytonn-Photography-on-Unsplash-1200x800-1.webp\" \/>\n\t<meta property=\"og:image:width\" content=\"1200\" \/>\n\t<meta property=\"og:image:height\" content=\"800\" \/>\n\t<meta property=\"og:image:type\" content=\"image\/webp\" \/>\n<meta name=\"twitter:card\" content=\"summary_large_image\" \/>\n<meta name=\"twitter:label1\" content=\"Dur\u00e9e de lecture estim\u00e9e\" \/>\n\t<meta name=\"twitter:data1\" content=\"4 minutes\" \/>\n<script type=\"application\/ld+json\" class=\"yoast-schema-graph\">{\"@context\":\"https:\\\/\\\/schema.org\",\"@graph\":[{\"@type\":\"WebPage\",\"@id\":\"https:\\\/\\\/presstix.com\\\/info\\\/decaissement-anticipe-des-recettes-avant-levenement\\\/\",\"url\":\"https:\\\/\\\/presstix.com\\\/info\\\/decaissement-anticipe-des-recettes-avant-levenement\\\/\",\"name\":\"D\u00e9caissement anticip\u00e9 des recettes avant l\u2019\u00e9v\u00e9nement - Tout savoir sur PressTix\",\"isPartOf\":{\"@id\":\"https:\\\/\\\/presstix.com\\\/info\\\/#website\"},\"primaryImageOfPage\":{\"@id\":\"https:\\\/\\\/presstix.com\\\/info\\\/decaissement-anticipe-des-recettes-avant-levenement\\\/#primaryimage\"},\"image\":{\"@id\":\"https:\\\/\\\/presstix.com\\\/info\\\/decaissement-anticipe-des-recettes-avant-levenement\\\/#primaryimage\"},\"thumbnailUrl\":\"https:\\\/\\\/presstix.com\\\/info\\\/wp-content\\\/uploads\\\/2025\\\/01\\\/Photo-by-Cytonn-Photography-on-Unsplash-1200x800-1.webp\",\"datePublished\":\"2026-03-30T05:24:41+00:00\",\"dateModified\":\"2026-04-02T20:45:08+00:00\",\"description\":\"Les recettes issues de la vente des billets sont conserv\u00e9es par PressTix jusqu\u2019\u00e0 la tenue de l\u2019\u00e9v\u00e9nement et la validation finale, conform\u00e9ment aux dispositions du pr\u00e9sent contrat.Toute demande de versement anticip\u00e9 par l\u2019Organisateur constitue une d\u00e9rogation exceptionnelle, soumise aux conditions strictes d\u00e9finies ci-apr\u00e8s.\",\"breadcrumb\":{\"@id\":\"https:\\\/\\\/presstix.com\\\/info\\\/decaissement-anticipe-des-recettes-avant-levenement\\\/#breadcrumb\"},\"inLanguage\":\"fr-FR\",\"potentialAction\":[{\"@type\":\"ReadAction\",\"target\":[\"https:\\\/\\\/presstix.com\\\/info\\\/decaissement-anticipe-des-recettes-avant-levenement\\\/\"]}]},{\"@type\":\"ImageObject\",\"inLanguage\":\"fr-FR\",\"@id\":\"https:\\\/\\\/presstix.com\\\/info\\\/decaissement-anticipe-des-recettes-avant-levenement\\\/#primaryimage\",\"url\":\"https:\\\/\\\/presstix.com\\\/info\\\/wp-content\\\/uploads\\\/2025\\\/01\\\/Photo-by-Cytonn-Photography-on-Unsplash-1200x800-1.webp\",\"contentUrl\":\"https:\\\/\\\/presstix.com\\\/info\\\/wp-content\\\/uploads\\\/2025\\\/01\\\/Photo-by-Cytonn-Photography-on-Unsplash-1200x800-1.webp\",\"width\":1200,\"height\":800},{\"@type\":\"BreadcrumbList\",\"@id\":\"https:\\\/\\\/presstix.com\\\/info\\\/decaissement-anticipe-des-recettes-avant-levenement\\\/#breadcrumb\",\"itemListElement\":[{\"@type\":\"ListItem\",\"position\":1,\"name\":\"Acceuil\",\"item\":\"https:\\\/\\\/presstix.com\\\/info\\\/\"},{\"@type\":\"ListItem\",\"position\":2,\"name\":\"D\u00e9caissement anticip\u00e9 des recettes avant l\u2019\u00e9v\u00e9nement\"}]},{\"@type\":\"WebSite\",\"@id\":\"https:\\\/\\\/presstix.com\\\/info\\\/#website\",\"url\":\"https:\\\/\\\/presstix.com\\\/info\\\/\",\"name\":\"PressTix Info\",\"description\":\"\",\"publisher\":{\"@id\":\"https:\\\/\\\/presstix.com\\\/info\\\/#organization\"},\"potentialAction\":[{\"@type\":\"SearchAction\",\"target\":{\"@type\":\"EntryPoint\",\"urlTemplate\":\"https:\\\/\\\/presstix.com\\\/info\\\/?s={search_term_string}\"},\"query-input\":{\"@type\":\"PropertyValueSpecification\",\"valueRequired\":true,\"valueName\":\"search_term_string\"}}],\"inLanguage\":\"fr-FR\"},{\"@type\":\"Organization\",\"@id\":\"https:\\\/\\\/presstix.com\\\/info\\\/#organization\",\"name\":\"PressTix\",\"url\":\"https:\\\/\\\/presstix.com\\\/info\\\/\",\"logo\":{\"@type\":\"ImageObject\",\"inLanguage\":\"fr-FR\",\"@id\":\"https:\\\/\\\/presstix.com\\\/info\\\/#\\\/schema\\\/logo\\\/image\\\/\",\"url\":\"https:\\\/\\\/i0.wp.com\\\/presstix.com\\\/info\\\/wp-content\\\/uploads\\\/2024\\\/12\\\/cropped-p-carre-vert.png?fit=512%2C512&ssl=1\",\"contentUrl\":\"https:\\\/\\\/i0.wp.com\\\/presstix.com\\\/info\\\/wp-content\\\/uploads\\\/2024\\\/12\\\/cropped-p-carre-vert.png?fit=512%2C512&ssl=1\",\"width\":512,\"height\":512,\"caption\":\"PressTix\"},\"image\":{\"@id\":\"https:\\\/\\\/presstix.com\\\/info\\\/#\\\/schema\\\/logo\\\/image\\\/\"},\"sameAs\":[\"https:\\\/\\\/www.facebook.com\\\/presstix\",\"https:\\\/\\\/www.linkedin.com\\\/company\\\/presstix\",\"https:\\\/\\\/twitter.com\\\/press_tix\\\/\",\"https:\\\/\\\/www.youtube.com\\\/channel\\\/UCv608FueLovTZSdmpB9MDTw\",\"https:\\\/\\\/www.instagram.com\\\/presstix\\\/\"]}]}<\/script>\n<!-- \/ Yoast SEO plugin. -->","yoast_head_json":{"title":"D\u00e9caissement anticip\u00e9 des recettes avant l\u2019\u00e9v\u00e9nement - Tout savoir sur PressTix","description":"Les recettes issues de la vente des billets sont conserv\u00e9es par PressTix jusqu\u2019\u00e0 la tenue de l\u2019\u00e9v\u00e9nement et la validation finale, conform\u00e9ment aux dispositions du pr\u00e9sent contrat.Toute demande de versement anticip\u00e9 par l\u2019Organisateur constitue une d\u00e9rogation exceptionnelle, soumise aux conditions strictes d\u00e9finies ci-apr\u00e8s.","robots":{"index":"index","follow":"follow","max-snippet":"max-snippet:-1","max-image-preview":"max-image-preview:large","max-video-preview":"max-video-preview:-1"},"canonical":"https:\/\/presstix.com\/info\/decaissement-anticipe-des-recettes-avant-levenement\/","og_locale":"fr_FR","og_type":"article","og_title":"D\u00e9caissement anticip\u00e9 des recettes avant l\u2019\u00e9v\u00e9nement - Tout savoir sur PressTix","og_description":"Les recettes issues de la vente des billets sont conserv\u00e9es par PressTix jusqu\u2019\u00e0 la tenue de l\u2019\u00e9v\u00e9nement et la validation finale, conform\u00e9ment aux dispositions du pr\u00e9sent contrat.Toute demande de versement anticip\u00e9 par l\u2019Organisateur constitue une d\u00e9rogation exceptionnelle, soumise aux conditions strictes d\u00e9finies ci-apr\u00e8s.","og_url":"https:\/\/presstix.com\/info\/decaissement-anticipe-des-recettes-avant-levenement\/","og_site_name":"Tout savoir sur PressTix","article_publisher":"https:\/\/www.facebook.com\/presstix","article_modified_time":"2026-04-02T20:45:08+00:00","og_image":[{"width":1200,"height":800,"url":"https:\/\/presstix.com\/info\/wp-content\/uploads\/2025\/01\/Photo-by-Cytonn-Photography-on-Unsplash-1200x800-1.webp","type":"image\/webp"}],"twitter_card":"summary_large_image","twitter_misc":{"Dur\u00e9e de lecture estim\u00e9e":"4 minutes"},"schema":{"@context":"https:\/\/schema.org","@graph":[{"@type":"WebPage","@id":"https:\/\/presstix.com\/info\/decaissement-anticipe-des-recettes-avant-levenement\/","url":"https:\/\/presstix.com\/info\/decaissement-anticipe-des-recettes-avant-levenement\/","name":"D\u00e9caissement anticip\u00e9 des recettes avant l\u2019\u00e9v\u00e9nement - Tout savoir sur PressTix","isPartOf":{"@id":"https:\/\/presstix.com\/info\/#website"},"primaryImageOfPage":{"@id":"https:\/\/presstix.com\/info\/decaissement-anticipe-des-recettes-avant-levenement\/#primaryimage"},"image":{"@id":"https:\/\/presstix.com\/info\/decaissement-anticipe-des-recettes-avant-levenement\/#primaryimage"},"thumbnailUrl":"https:\/\/presstix.com\/info\/wp-content\/uploads\/2025\/01\/Photo-by-Cytonn-Photography-on-Unsplash-1200x800-1.webp","datePublished":"2026-03-30T05:24:41+00:00","dateModified":"2026-04-02T20:45:08+00:00","description":"Les recettes issues de la vente des billets sont conserv\u00e9es par PressTix jusqu\u2019\u00e0 la tenue de l\u2019\u00e9v\u00e9nement et la validation finale, conform\u00e9ment aux dispositions du pr\u00e9sent contrat.Toute demande de versement anticip\u00e9 par l\u2019Organisateur constitue une d\u00e9rogation exceptionnelle, soumise aux conditions strictes d\u00e9finies ci-apr\u00e8s.","breadcrumb":{"@id":"https:\/\/presstix.com\/info\/decaissement-anticipe-des-recettes-avant-levenement\/#breadcrumb"},"inLanguage":"fr-FR","potentialAction":[{"@type":"ReadAction","target":["https:\/\/presstix.com\/info\/decaissement-anticipe-des-recettes-avant-levenement\/"]}]},{"@type":"ImageObject","inLanguage":"fr-FR","@id":"https:\/\/presstix.com\/info\/decaissement-anticipe-des-recettes-avant-levenement\/#primaryimage","url":"https:\/\/presstix.com\/info\/wp-content\/uploads\/2025\/01\/Photo-by-Cytonn-Photography-on-Unsplash-1200x800-1.webp","contentUrl":"https:\/\/presstix.com\/info\/wp-content\/uploads\/2025\/01\/Photo-by-Cytonn-Photography-on-Unsplash-1200x800-1.webp","width":1200,"height":800},{"@type":"BreadcrumbList","@id":"https:\/\/presstix.com\/info\/decaissement-anticipe-des-recettes-avant-levenement\/#breadcrumb","itemListElement":[{"@type":"ListItem","position":1,"name":"Acceuil","item":"https:\/\/presstix.com\/info\/"},{"@type":"ListItem","position":2,"name":"D\u00e9caissement anticip\u00e9 des recettes avant l\u2019\u00e9v\u00e9nement"}]},{"@type":"WebSite","@id":"https:\/\/presstix.com\/info\/#website","url":"https:\/\/presstix.com\/info\/","name":"PressTix Info","description":"","publisher":{"@id":"https:\/\/presstix.com\/info\/#organization"},"potentialAction":[{"@type":"SearchAction","target":{"@type":"EntryPoint","urlTemplate":"https:\/\/presstix.com\/info\/?s={search_term_string}"},"query-input":{"@type":"PropertyValueSpecification","valueRequired":true,"valueName":"search_term_string"}}],"inLanguage":"fr-FR"},{"@type":"Organization","@id":"https:\/\/presstix.com\/info\/#organization","name":"PressTix","url":"https:\/\/presstix.com\/info\/","logo":{"@type":"ImageObject","inLanguage":"fr-FR","@id":"https:\/\/presstix.com\/info\/#\/schema\/logo\/image\/","url":"https:\/\/i0.wp.com\/presstix.com\/info\/wp-content\/uploads\/2024\/12\/cropped-p-carre-vert.png?fit=512%2C512&ssl=1","contentUrl":"https:\/\/i0.wp.com\/presstix.com\/info\/wp-content\/uploads\/2024\/12\/cropped-p-carre-vert.png?fit=512%2C512&ssl=1","width":512,"height":512,"caption":"PressTix"},"image":{"@id":"https:\/\/presstix.com\/info\/#\/schema\/logo\/image\/"},"sameAs":["https:\/\/www.facebook.com\/presstix","https:\/\/www.linkedin.com\/company\/presstix","https:\/\/twitter.com\/press_tix\/","https:\/\/www.youtube.com\/channel\/UCv608FueLovTZSdmpB9MDTw","https:\/\/www.instagram.com\/presstix\/"]}]}},"_links":{"self":[{"href":"https:\/\/presstix.com\/info\/wp-json\/wp\/v2\/pages\/2928","targetHints":{"allow":["GET"]}}],"collection":[{"href":"https:\/\/presstix.com\/info\/wp-json\/wp\/v2\/pages"}],"about":[{"href":"https:\/\/presstix.com\/info\/wp-json\/wp\/v2\/types\/page"}],"author":[{"embeddable":true,"href":"https:\/\/presstix.com\/info\/wp-json\/wp\/v2\/users\/1"}],"replies":[{"embeddable":true,"href":"https:\/\/presstix.com\/info\/wp-json\/wp\/v2\/comments?post=2928"}],"version-history":[{"count":11,"href":"https:\/\/presstix.com\/info\/wp-json\/wp\/v2\/pages\/2928\/revisions"}],"predecessor-version":[{"id":2970,"href":"https:\/\/presstix.com\/info\/wp-json\/wp\/v2\/pages\/2928\/revisions\/2970"}],"wp:featuredmedia":[{"embeddable":true,"href":"https:\/\/presstix.com\/info\/wp-json\/wp\/v2\/media\/1964"}],"wp:attachment":[{"href":"https:\/\/presstix.com\/info\/wp-json\/wp\/v2\/media?parent=2928"}],"curies":[{"name":"wp","href":"https:\/\/api.w.org\/{rel}","templated":true}]}}