{"id":2905,"date":"2026-02-26T05:24:51","date_gmt":"2026-02-26T05:24:51","guid":{"rendered":"https:\/\/presstix.com\/info\/?page_id=2905"},"modified":"2026-04-02T20:40:14","modified_gmt":"2026-04-02T20:40:14","slug":"politique-officielle-de-paiementorganisateurs-et-promoteurs","status":"publish","type":"page","link":"https:\/\/presstix.com\/info\/politique-officielle-de-paiementorganisateurs-et-promoteurs\/","title":{"rendered":"Politique Officielle de paiement(Organisateurs et promoteurs)"},"content":{"rendered":"<div class=\"wpb-content-wrapper\">[vc_row][vc_column width=&#8221;2\/3&#8243;][vc_column_text]\n<h3 style=\"text-align: center;\"><span style=\"color: #000000;\">POLITIQUE OFFICIELLE DE PAIEMENT<\/span><\/h3>\n<h5 style=\"text-align: center;\"><span style=\"color: #000000;\">(Organisateurs \/ Promoteurs )<\/span><\/h5>\n<h5><span style=\"color: #000000;\">1- <strong>OBJET<\/strong><\/span><\/h5>\n<p><span style=\"color: #000000;\">La pr\u00e9sente Politique de Paiement d\u00e9finit les modalit\u00e9s d\u2019encaissement, de conservation temporaire et de reversement des recettes issues de la vente de billets via la plateforme PressTix.<\/span><\/p>\n<p><span style=\"color: #000000;\">En utilisant PressTix, l\u2019Organisateur accepte les conditions ci-dessous.<\/span><\/p>\n<h5><strong><span style=\"color: #000000;\">2- ENCAISSEMENT DES VENTES<\/span><\/strong><\/h5>\n<p><span style=\"color: #000000;\">2.1 Tous les paiements des billets sont collect\u00e9s par PressTix via ses partenaires financiers (Mobile Money, carte bancaire, etc.).<\/span><\/p>\n<p><span style=\"color: #000000;\">2.2 Les fonds sont d\u00e9pos\u00e9s sur le compte professionnel de PressTix.<\/span><\/p>\n<p><span style=\"color: #000000;\">2.3 PressTix agit en qualit\u00e9 de mandataire d\u2019encaissement pour le compte de l\u2019Organisateur.<\/span><\/p>\n<h5><strong><span style=\"color: #000000;\">3- COMMISSION ET TAXES<\/span><\/strong><\/h5>\n<p><span style=\"color: #000000;\">3.1 PressTix per\u00e7oit une commission de 4,5 % sur le montant total des ventes.<\/span><\/p>\n<p><span style=\"color: #000000;\">3.2 La TVA en vigueur (18 %) est appliqu\u00e9e uniquement sur la commission PressTix.<\/span><\/p>\n<p><span style=\"color: #000000;\">3.3 Les frais li\u00e9s aux passerelles de paiement peuvent \u00eatre int\u00e9gr\u00e9s selon les conditions en vigueur.<\/span><\/p>\n<h5><strong><span style=\"color: #000000;\">4- D\u00c9LAI DE REVERSEMENT<\/span><\/strong><\/h5>\n<p><span style=\"color: #000000;\">4.1 Les recettes nettes sont revers\u00e9es dans un d\u00e9lai de 2 \u00e0 3 jours ouvrables apr\u00e8s :<\/span><\/p>\n<ul>\n<li><span style=\"color: #000000;\">&#8211; La fin effective de l\u2019\u00e9v\u00e9nement<\/span><\/li>\n<li><span style=\"color: #000000;\">&#8211; La validation des ventes<\/span><\/li>\n<li><span style=\"color: #000000;\">&#8211; L\u2019absence de litige ou demande de remboursement<\/span><\/li>\n<\/ul>\n<p><span style=\"color: #000000;\">4.2 En cas d\u2019\u00e9v\u00e9nement \u00e0 risque \u00e9lev\u00e9 ou volume important, PressTix peut appliquer un d\u00e9lai de v\u00e9rification suppl\u00e9mentaire.<\/span><\/p>\n<h5><span style=\"color: #000000;\">5- CONDITIONS PR\u00c9ALABLES AU PAIEMENT<\/span><\/h5>\n<p><span style=\"color: #000000;\">Avant tout reversement, l\u2019Organisateur doit avoir fourni :<\/span><\/p>\n<ul>\n<li><span style=\"color: #000000;\">&#8211; Pi\u00e8ce d\u2019identit\u00e9 valide<\/span><\/li>\n<li><span style=\"color: #000000;\">&#8211; Coordonn\u00e9es bancaires ou Mobile Money professionnel<\/span><\/li>\n<li><span style=\"color: #000000;\">&#8211; RCCM \/ NINEA (si soci\u00e9t\u00e9)<\/span><\/li>\n<\/ul>\n<p><span style=\"color: #000000;\">Tout dossier incomplet peut entra\u00eener un retard de paiement.<\/span><\/p>\n<h5><strong><span style=\"color: #000000;\">6- SUSPENSION OU RETARD DE PAIEMENT<\/span><\/strong><\/h5>\n<p><span style=\"color: #000000;\">PressTix se r\u00e9serve le droit de suspendre temporairement un paiement en cas de :<\/span><\/p>\n<ul>\n<li><span style=\"color: #000000;\">&#8211; Litige client<\/span><\/li>\n<li><span style=\"color: #000000;\">&#8211; Suspicion de fraude<\/span><\/li>\n<li><span style=\"color: #000000;\">&#8211; Non-respect des obligations contractuelles<\/span><\/li>\n<li><span style=\"color: #000000;\">&#8211; Demande d\u2019autorit\u00e9 administrative<\/span><\/li>\n<\/ul>\n<h5><strong><span style=\"color: #000000;\">7- ANNULATION D\u2019\u00c9V\u00c9NEMENT<\/span><\/strong><\/h5>\n<p><span style=\"color: #000000;\">En cas d\u2019annulation :<\/span><\/p>\n<ul>\n<li><span style=\"color: #000000;\">&#8211; L\u2019Organisateur demeure responsable des remboursements aux acheteurs.<\/span><\/li>\n<li><span style=\"color: #000000;\">&#8211; PressTix peut d\u00e9duire les frais techniques d\u00e9j\u00e0 engag\u00e9s.<\/span><\/li>\n<\/ul>\n<p><span style=\"color: #000000;\">Voir les <span style=\"color: #003300;\"><a style=\"color: #003300;\" href=\"https:\/\/presstix.com\/info\/annulation-report-et-remboursement\/\">Conditions de remboursement en cas d&#8217;annulation ou de report<\/a><\/span>.\u00a0<\/span><\/p>\n<h5><strong><span style=\"color: #000000;\">8- RAPPORT DE PAIEMENT<\/span><\/strong><\/h5>\n<p><span style=\"color: #000000;\">Chaque reversement donne lieu \u00e0 l\u2019\u00e9mission d\u2019un Relev\u00e9 Officiel de Paiement indiquant :<\/span><\/p>\n<ul>\n<li><span style=\"color: #000000;\">&#8211; Nombre de billets vendus<\/span><\/li>\n<li><span style=\"color: #000000;\">&#8211; Montant brut<\/span><\/li>\n<li><span style=\"color: #000000;\">&#8211; Commission PressTix<\/span><\/li>\n<li><span style=\"color: #000000;\">&#8211; TVA appliqu\u00e9e<\/span><\/li>\n<li><span style=\"color: #000000;\">&#8211; Montant net vers\u00e9<\/span><\/li>\n<li><span style=\"color: #000000;\">&#8211; Date et r\u00e9f\u00e9rence du paiement<\/span><\/li>\n<\/ul>\n<h5><strong><span style=\"color: #000000;\">9- RESPONSABILIT\u00c9 FISCALE<\/span><\/strong><\/h5>\n<p><span style=\"color: #000000;\">L\u2019Organisateur est seul responsable :<\/span><\/p>\n<ul>\n<li><span style=\"color: #000000;\">&#8211; De la d\u00e9claration de son chiffre d\u2019affaires<\/span><\/li>\n<li><span style=\"color: #000000;\">&#8211; Du paiement de ses propres obligations fiscales<\/span><\/li>\n<\/ul>\n<p><span style=\"color: #000000;\">PressTix d\u00e9clare uniquement la TVA li\u00e9e \u00e0 sa commission.<\/span><\/p>\n<h5><strong><span style=\"color: #000000;\">10- MODIFICATION DE LA POLITIQUE<\/span><\/strong><\/h5>\n<p><span style=\"color: #000000;\">PressTix se r\u00e9serve le droit de modifier la pr\u00e9sente politique \u00e0 tout moment.<\/span><\/p>\n<p><span style=\"color: #000000;\">Les Organisateurs seront inform\u00e9s via l\u2019application ou par email.<\/span>[\/vc_column_text][\/vc_column][vc_column width=&#8221;1\/3&#8243;][vc_empty_space][vc_column_text css=&#8221;&#8221;]\n<div class=\"wpb_text_column wpb_content_element\">\n<div class=\"wpb_wrapper\">\n<h4><span style=\"color: #000000;\"><strong>ESPACE PROMOTEUR<\/strong><\/span><\/h4>\n<p><span style=\"color: #000000;\">\u2013 La politique officielle de paiement<\/span><\/p>\n<p><a href=\"https:\/\/presstix.com\/info\/mandat-dencaissement\/\"><span style=\"color: #487a48;\">&#8211; Le Mandat d&#8217;encaissement<\/span><\/a><\/p>\n<p><span style=\"color: #487a48;\"><a style=\"color: #487a48;\" href=\"https:\/\/presstix.com\/info\/accord-marchand\/\">\u2013 Contrat marchand<\/a><\/span><\/p>\n<p><span style=\"color: #487a48;\"><a style=\"color: #487a48;\" href=\"https:\/\/presstix.com\/info\/decaissement-anticipe-des-recettes-avant-levenement\/\">&#8211; D\u00e9caissement anticip\u00e9 des recettes<\/a><\/span><\/p>\n<p><span style=\"color: #487a48;\">\u2013 <a style=\"color: #487a48;\" href=\"https:\/\/presstix.com\/info\/politique-de-publication-des-evenements-sur-les-plateformes-presstix\/\">Nos Politiques de publication<\/a><\/span><\/p>\n<p><span style=\"color: #487a48;\">\u2013 <a style=\"color: #487a48;\" href=\"https:\/\/presstix.com\/info\/termes-et-conditions-de-presstix\/\">Les Conditions d\u2019utilisation<\/a><\/span><\/p>\n<p><span style=\"color: #487a48;\"><a style=\"color: #487a48;\" href=\"https:\/\/presstix.com\/info\/politique-de-confidentialite-de-presstix\/\">\u2013 Nos Politiques de confidentialit\u00e9<\/a><\/span><\/p>\n<\/div>\n<\/div>\n[\/vc_column_text][vc_empty_space][vc_single_image image=&#8221;2697&#8243; img_size=&#8221;FULL&#8221; onclick=&#8221;custom_link&#8221; img_link_target=&#8221;_blank&#8221; css=&#8221;&#8221; link=&#8221;https:\/\/www.youtube.com\/channel\/UCv608FueLovTZSdmpB9MDTw&#8221;][\/vc_column][\/vc_row]\n<\/div>","protected":false},"excerpt":{"rendered":"<p>[vc_row][vc_column width=&#8221;2\/3&#8243;][vc_column_text] POLITIQUE OFFICIELLE DE PAIEMENT (Organisateurs \/ Promoteurs ) 1- OBJET La pr\u00e9sente Politique de Paiement d\u00e9finit les modalit\u00e9s d\u2019encaissement, de conservation temporaire et de reversement des recettes issues de la vente de billets via la plateforme PressTix. En utilisant PressTix, l\u2019Organisateur accepte les conditions ci-dessous. 2- ENCAISSEMENT DES VENTES 2.1 Tous les paiements [&hellip;]<\/p>\n","protected":false},"author":1,"featured_media":1479,"parent":0,"menu_order":0,"comment_status":"closed","ping_status":"closed","template":"","meta":{"content-type":"","footnotes":""},"class_list":["post-2905","page","type-page","status-publish","has-post-thumbnail","hentry"],"yoast_head":"<!-- This site is optimized with the Yoast SEO plugin v27.4 - https:\/\/yoast.com\/product\/yoast-seo-wordpress\/ -->\n<title>Politique Officielle de paiement(Organisateurs et promoteurs) - Tout savoir sur PressTix<\/title>\n<meta name=\"description\" content=\"La pr\u00e9sente Politique de Paiement d\u00e9finit les modalit\u00e9s d\u2019encaissement, de conservation temporaire et de reversement des recettes issues de la vente de billets via la plateforme PressTix.\" \/>\n<meta name=\"robots\" content=\"index, follow, max-snippet:-1, max-image-preview:large, max-video-preview:-1\" \/>\n<link rel=\"canonical\" href=\"https:\/\/presstix.com\/info\/politique-officielle-de-paiementorganisateurs-et-promoteurs\/\" \/>\n<meta property=\"og:locale\" content=\"fr_FR\" \/>\n<meta property=\"og:type\" content=\"article\" \/>\n<meta property=\"og:title\" content=\"Politique Officielle de paiement(Organisateurs et promoteurs) - Tout savoir sur PressTix\" \/>\n<meta property=\"og:description\" content=\"La pr\u00e9sente Politique de Paiement d\u00e9finit les modalit\u00e9s d\u2019encaissement, de conservation temporaire et de reversement des recettes issues de la vente de billets via la plateforme PressTix.\" \/>\n<meta property=\"og:url\" content=\"https:\/\/presstix.com\/info\/politique-officielle-de-paiementorganisateurs-et-promoteurs\/\" \/>\n<meta property=\"og:site_name\" content=\"Tout savoir sur PressTix\" \/>\n<meta property=\"article:publisher\" content=\"https:\/\/www.facebook.com\/presstix\" \/>\n<meta property=\"article:modified_time\" content=\"2026-04-02T20:40:14+00:00\" \/>\n<meta property=\"og:image\" content=\"https:\/\/presstix.com\/info\/wp-content\/uploads\/2022\/11\/79507-19.P35-QH-JF_Article-810x380-1.jpg\" \/>\n\t<meta property=\"og:image:width\" content=\"810\" \/>\n\t<meta property=\"og:image:height\" content=\"380\" \/>\n\t<meta property=\"og:image:type\" content=\"image\/jpeg\" \/>\n<meta name=\"twitter:card\" content=\"summary_large_image\" \/>\n<meta name=\"twitter:label1\" content=\"Dur\u00e9e de lecture estim\u00e9e\" \/>\n\t<meta name=\"twitter:data1\" content=\"3 minutes\" \/>\n<script type=\"application\/ld+json\" class=\"yoast-schema-graph\">{\"@context\":\"https:\\\/\\\/schema.org\",\"@graph\":[{\"@type\":\"WebPage\",\"@id\":\"https:\\\/\\\/presstix.com\\\/info\\\/politique-officielle-de-paiementorganisateurs-et-promoteurs\\\/\",\"url\":\"https:\\\/\\\/presstix.com\\\/info\\\/politique-officielle-de-paiementorganisateurs-et-promoteurs\\\/\",\"name\":\"Politique Officielle de paiement(Organisateurs et promoteurs) - Tout savoir sur PressTix\",\"isPartOf\":{\"@id\":\"https:\\\/\\\/presstix.com\\\/info\\\/#website\"},\"primaryImageOfPage\":{\"@id\":\"https:\\\/\\\/presstix.com\\\/info\\\/politique-officielle-de-paiementorganisateurs-et-promoteurs\\\/#primaryimage\"},\"image\":{\"@id\":\"https:\\\/\\\/presstix.com\\\/info\\\/politique-officielle-de-paiementorganisateurs-et-promoteurs\\\/#primaryimage\"},\"thumbnailUrl\":\"https:\\\/\\\/presstix.com\\\/info\\\/wp-content\\\/uploads\\\/2022\\\/11\\\/79507-19.P35-QH-JF_Article-810x380-1.jpg\",\"datePublished\":\"2026-02-26T05:24:51+00:00\",\"dateModified\":\"2026-04-02T20:40:14+00:00\",\"description\":\"La pr\u00e9sente Politique de Paiement d\u00e9finit les modalit\u00e9s d\u2019encaissement, de conservation temporaire et de reversement des recettes issues de la vente de billets via la plateforme PressTix.\",\"breadcrumb\":{\"@id\":\"https:\\\/\\\/presstix.com\\\/info\\\/politique-officielle-de-paiementorganisateurs-et-promoteurs\\\/#breadcrumb\"},\"inLanguage\":\"fr-FR\",\"potentialAction\":[{\"@type\":\"ReadAction\",\"target\":[\"https:\\\/\\\/presstix.com\\\/info\\\/politique-officielle-de-paiementorganisateurs-et-promoteurs\\\/\"]}]},{\"@type\":\"ImageObject\",\"inLanguage\":\"fr-FR\",\"@id\":\"https:\\\/\\\/presstix.com\\\/info\\\/politique-officielle-de-paiementorganisateurs-et-promoteurs\\\/#primaryimage\",\"url\":\"https:\\\/\\\/presstix.com\\\/info\\\/wp-content\\\/uploads\\\/2022\\\/11\\\/79507-19.P35-QH-JF_Article-810x380-1.jpg\",\"contentUrl\":\"https:\\\/\\\/presstix.com\\\/info\\\/wp-content\\\/uploads\\\/2022\\\/11\\\/79507-19.P35-QH-JF_Article-810x380-1.jpg\",\"width\":810,\"height\":380},{\"@type\":\"BreadcrumbList\",\"@id\":\"https:\\\/\\\/presstix.com\\\/info\\\/politique-officielle-de-paiementorganisateurs-et-promoteurs\\\/#breadcrumb\",\"itemListElement\":[{\"@type\":\"ListItem\",\"position\":1,\"name\":\"Acceuil\",\"item\":\"https:\\\/\\\/presstix.com\\\/info\\\/\"},{\"@type\":\"ListItem\",\"position\":2,\"name\":\"Politique Officielle de paiement(Organisateurs et promoteurs)\"}]},{\"@type\":\"WebSite\",\"@id\":\"https:\\\/\\\/presstix.com\\\/info\\\/#website\",\"url\":\"https:\\\/\\\/presstix.com\\\/info\\\/\",\"name\":\"PressTix Info\",\"description\":\"\",\"publisher\":{\"@id\":\"https:\\\/\\\/presstix.com\\\/info\\\/#organization\"},\"potentialAction\":[{\"@type\":\"SearchAction\",\"target\":{\"@type\":\"EntryPoint\",\"urlTemplate\":\"https:\\\/\\\/presstix.com\\\/info\\\/?s={search_term_string}\"},\"query-input\":{\"@type\":\"PropertyValueSpecification\",\"valueRequired\":true,\"valueName\":\"search_term_string\"}}],\"inLanguage\":\"fr-FR\"},{\"@type\":\"Organization\",\"@id\":\"https:\\\/\\\/presstix.com\\\/info\\\/#organization\",\"name\":\"PressTix\",\"url\":\"https:\\\/\\\/presstix.com\\\/info\\\/\",\"logo\":{\"@type\":\"ImageObject\",\"inLanguage\":\"fr-FR\",\"@id\":\"https:\\\/\\\/presstix.com\\\/info\\\/#\\\/schema\\\/logo\\\/image\\\/\",\"url\":\"https:\\\/\\\/i0.wp.com\\\/presstix.com\\\/info\\\/wp-content\\\/uploads\\\/2024\\\/12\\\/cropped-p-carre-vert.png?fit=512%2C512&ssl=1\",\"contentUrl\":\"https:\\\/\\\/i0.wp.com\\\/presstix.com\\\/info\\\/wp-content\\\/uploads\\\/2024\\\/12\\\/cropped-p-carre-vert.png?fit=512%2C512&ssl=1\",\"width\":512,\"height\":512,\"caption\":\"PressTix\"},\"image\":{\"@id\":\"https:\\\/\\\/presstix.com\\\/info\\\/#\\\/schema\\\/logo\\\/image\\\/\"},\"sameAs\":[\"https:\\\/\\\/www.facebook.com\\\/presstix\",\"https:\\\/\\\/www.linkedin.com\\\/company\\\/presstix\",\"https:\\\/\\\/twitter.com\\\/press_tix\\\/\",\"https:\\\/\\\/www.youtube.com\\\/channel\\\/UCv608FueLovTZSdmpB9MDTw\",\"https:\\\/\\\/www.instagram.com\\\/presstix\\\/\"]}]}<\/script>\n<!-- \/ Yoast SEO plugin. -->","yoast_head_json":{"title":"Politique Officielle de paiement(Organisateurs et promoteurs) - Tout savoir sur PressTix","description":"La pr\u00e9sente Politique de Paiement d\u00e9finit les modalit\u00e9s d\u2019encaissement, de conservation temporaire et de reversement des recettes issues de la vente de billets via la plateforme PressTix.","robots":{"index":"index","follow":"follow","max-snippet":"max-snippet:-1","max-image-preview":"max-image-preview:large","max-video-preview":"max-video-preview:-1"},"canonical":"https:\/\/presstix.com\/info\/politique-officielle-de-paiementorganisateurs-et-promoteurs\/","og_locale":"fr_FR","og_type":"article","og_title":"Politique Officielle de paiement(Organisateurs et promoteurs) - Tout savoir sur PressTix","og_description":"La pr\u00e9sente Politique de Paiement d\u00e9finit les modalit\u00e9s d\u2019encaissement, de conservation temporaire et de reversement des recettes issues de la vente de billets via la plateforme PressTix.","og_url":"https:\/\/presstix.com\/info\/politique-officielle-de-paiementorganisateurs-et-promoteurs\/","og_site_name":"Tout savoir sur PressTix","article_publisher":"https:\/\/www.facebook.com\/presstix","article_modified_time":"2026-04-02T20:40:14+00:00","og_image":[{"width":810,"height":380,"url":"https:\/\/presstix.com\/info\/wp-content\/uploads\/2022\/11\/79507-19.P35-QH-JF_Article-810x380-1.jpg","type":"image\/jpeg"}],"twitter_card":"summary_large_image","twitter_misc":{"Dur\u00e9e de lecture estim\u00e9e":"3 minutes"},"schema":{"@context":"https:\/\/schema.org","@graph":[{"@type":"WebPage","@id":"https:\/\/presstix.com\/info\/politique-officielle-de-paiementorganisateurs-et-promoteurs\/","url":"https:\/\/presstix.com\/info\/politique-officielle-de-paiementorganisateurs-et-promoteurs\/","name":"Politique Officielle de paiement(Organisateurs et promoteurs) - Tout savoir sur PressTix","isPartOf":{"@id":"https:\/\/presstix.com\/info\/#website"},"primaryImageOfPage":{"@id":"https:\/\/presstix.com\/info\/politique-officielle-de-paiementorganisateurs-et-promoteurs\/#primaryimage"},"image":{"@id":"https:\/\/presstix.com\/info\/politique-officielle-de-paiementorganisateurs-et-promoteurs\/#primaryimage"},"thumbnailUrl":"https:\/\/presstix.com\/info\/wp-content\/uploads\/2022\/11\/79507-19.P35-QH-JF_Article-810x380-1.jpg","datePublished":"2026-02-26T05:24:51+00:00","dateModified":"2026-04-02T20:40:14+00:00","description":"La pr\u00e9sente Politique de Paiement d\u00e9finit les modalit\u00e9s d\u2019encaissement, de conservation temporaire et de reversement des recettes issues de la vente de billets via la plateforme PressTix.","breadcrumb":{"@id":"https:\/\/presstix.com\/info\/politique-officielle-de-paiementorganisateurs-et-promoteurs\/#breadcrumb"},"inLanguage":"fr-FR","potentialAction":[{"@type":"ReadAction","target":["https:\/\/presstix.com\/info\/politique-officielle-de-paiementorganisateurs-et-promoteurs\/"]}]},{"@type":"ImageObject","inLanguage":"fr-FR","@id":"https:\/\/presstix.com\/info\/politique-officielle-de-paiementorganisateurs-et-promoteurs\/#primaryimage","url":"https:\/\/presstix.com\/info\/wp-content\/uploads\/2022\/11\/79507-19.P35-QH-JF_Article-810x380-1.jpg","contentUrl":"https:\/\/presstix.com\/info\/wp-content\/uploads\/2022\/11\/79507-19.P35-QH-JF_Article-810x380-1.jpg","width":810,"height":380},{"@type":"BreadcrumbList","@id":"https:\/\/presstix.com\/info\/politique-officielle-de-paiementorganisateurs-et-promoteurs\/#breadcrumb","itemListElement":[{"@type":"ListItem","position":1,"name":"Acceuil","item":"https:\/\/presstix.com\/info\/"},{"@type":"ListItem","position":2,"name":"Politique Officielle de paiement(Organisateurs et promoteurs)"}]},{"@type":"WebSite","@id":"https:\/\/presstix.com\/info\/#website","url":"https:\/\/presstix.com\/info\/","name":"PressTix Info","description":"","publisher":{"@id":"https:\/\/presstix.com\/info\/#organization"},"potentialAction":[{"@type":"SearchAction","target":{"@type":"EntryPoint","urlTemplate":"https:\/\/presstix.com\/info\/?s={search_term_string}"},"query-input":{"@type":"PropertyValueSpecification","valueRequired":true,"valueName":"search_term_string"}}],"inLanguage":"fr-FR"},{"@type":"Organization","@id":"https:\/\/presstix.com\/info\/#organization","name":"PressTix","url":"https:\/\/presstix.com\/info\/","logo":{"@type":"ImageObject","inLanguage":"fr-FR","@id":"https:\/\/presstix.com\/info\/#\/schema\/logo\/image\/","url":"https:\/\/i0.wp.com\/presstix.com\/info\/wp-content\/uploads\/2024\/12\/cropped-p-carre-vert.png?fit=512%2C512&ssl=1","contentUrl":"https:\/\/i0.wp.com\/presstix.com\/info\/wp-content\/uploads\/2024\/12\/cropped-p-carre-vert.png?fit=512%2C512&ssl=1","width":512,"height":512,"caption":"PressTix"},"image":{"@id":"https:\/\/presstix.com\/info\/#\/schema\/logo\/image\/"},"sameAs":["https:\/\/www.facebook.com\/presstix","https:\/\/www.linkedin.com\/company\/presstix","https:\/\/twitter.com\/press_tix\/","https:\/\/www.youtube.com\/channel\/UCv608FueLovTZSdmpB9MDTw","https:\/\/www.instagram.com\/presstix\/"]}]}},"_links":{"self":[{"href":"https:\/\/presstix.com\/info\/wp-json\/wp\/v2\/pages\/2905","targetHints":{"allow":["GET"]}}],"collection":[{"href":"https:\/\/presstix.com\/info\/wp-json\/wp\/v2\/pages"}],"about":[{"href":"https:\/\/presstix.com\/info\/wp-json\/wp\/v2\/types\/page"}],"author":[{"embeddable":true,"href":"https:\/\/presstix.com\/info\/wp-json\/wp\/v2\/users\/1"}],"replies":[{"embeddable":true,"href":"https:\/\/presstix.com\/info\/wp-json\/wp\/v2\/comments?post=2905"}],"version-history":[{"count":13,"href":"https:\/\/presstix.com\/info\/wp-json\/wp\/v2\/pages\/2905\/revisions"}],"predecessor-version":[{"id":2968,"href":"https:\/\/presstix.com\/info\/wp-json\/wp\/v2\/pages\/2905\/revisions\/2968"}],"wp:featuredmedia":[{"embeddable":true,"href":"https:\/\/presstix.com\/info\/wp-json\/wp\/v2\/media\/1479"}],"wp:attachment":[{"href":"https:\/\/presstix.com\/info\/wp-json\/wp\/v2\/media?parent=2905"}],"curies":[{"name":"wp","href":"https:\/\/api.w.org\/{rel}","templated":true}]}}