{"id":2870,"date":"2026-02-23T06:39:14","date_gmt":"2026-02-23T06:39:14","guid":{"rendered":"https:\/\/presstix.com\/info\/?page_id=2870"},"modified":"2026-02-26T06:46:34","modified_gmt":"2026-02-26T06:46:34","slug":"politique-de-publication-des-evenements-sur-les-plateformes-presstix","status":"publish","type":"page","link":"https:\/\/presstix.com\/info\/politique-de-publication-des-evenements-sur-les-plateformes-presstix\/","title":{"rendered":"Politique de publication des \u00e9v\u00e9nements  sur les plateformes PressTix"},"content":{"rendered":"<div class=\"wpb-content-wrapper\">[vc_row][vc_column width=&#8221;2\/3&#8243;][vc_column_text]\n<h3 style=\"text-align: center;\"><span style=\"color: #000000;\">Politique de publication des \u00e9v\u00e9nements sur les plateformes PressTix<\/span><\/h3>\n<h5 style=\"text-align: justify;\"><span style=\"color: #000000;\"><strong>1- Objet de la politique<\/strong><\/span><\/h5>\n<p style=\"text-align: justify;\"><span style=\"color: #000000;\">PressTix s\u2019engage \u00e0 offrir une plateforme fiable et s\u00e9curis\u00e9e pour les organisateurs et les acheteurs de billets, tout en garantissant la qualit\u00e9 et la l\u00e9gitimit\u00e9 des \u00e9v\u00e9nements propos\u00e9s. La pr\u00e9sente politique a pour objectif de d\u00e9finir les r\u00e8gles applicables \u00e0 la cr\u00e9ation, la v\u00e9rification et la publication des \u00e9v\u00e9nements sur la plateforme PressTix.<\/span><\/p>\n<h5 style=\"text-align: justify;\"><span style=\"color: #000000;\"><strong>2- Responsabilit\u00e9 de l\u2019organisateur<\/strong><\/span><\/h5>\n<p style=\"text-align: justify;\"><span style=\"color: #000000;\">En publiant un \u00e9v\u00e9nement sur PressTix, l\u2019organisateur s\u2019engage \u00e0 :<\/span><\/p>\n<ul style=\"text-align: justify;\">\n<li><span style=\"color: #000000;\">&#8211; Fournir des informations exactes, compl\u00e8tes et v\u00e9ridiques<\/span><\/li>\n<li><span style=\"color: #000000;\">&#8211; \u00catre l\u00e9galement autoris\u00e9 \u00e0 organiser l\u2019\u00e9v\u00e9nement<\/span><\/li>\n<li><span style=\"color: #000000;\">&#8211; Respecter les lois et r\u00e8glements en vigueur<\/span><\/li>\n<li><span style=\"color: #000000;\">&#8211; Honorer les billets vendus via la plateforme<\/span><\/li>\n<li><span style=\"color: #000000;\">&#8211; Ne pas induire les utilisateurs en erreur<\/span><\/li>\n<\/ul>\n<p style=\"text-align: justify;\"><span style=\"color: #000000;\">L\u2019organisateur est seul responsable du bon d\u00e9roulement de son \u00e9v\u00e9nement.<\/span><\/p>\n<h5 style=\"text-align: justify;\"><span style=\"color: #000000;\"><strong>3- Processus de publication des \u00e9v\u00e8nements<\/strong><\/span><\/h5>\n<p style=\"text-align: justify;\"><span style=\"color: #000000;\"><strong>\u00a0 \u00a0 \u00a0 \u00a0 \u00a0 3.1 Cr\u00e9ation de l\u2019\u00e9v\u00e9nement<\/strong><\/span><\/p>\n<p style=\"text-align: justify;\"><span style=\"color: #000000;\">Tout organisateur peut cr\u00e9er un \u00e9v\u00e9nement depuis son espace PressTix Pro. Cependant, la cr\u00e9ation ne garantit pas la publication imm\u00e9diate.<\/span><\/p>\n<p style=\"text-align: justify;\"><span style=\"color: #000000;\"><strong>\u00a0 \u00a0 \u00a0 \u00a0 \u00a03.2 V\u00e9rification &amp; Validation<\/strong><\/span><\/p>\n<p style=\"text-align: justify;\"><span style=\"color: #000000;\">Avant publication, chaque \u00e9v\u00e9nement peut \u00eatre soumis \u00e0 une v\u00e9rification incluant notamment :<\/span><\/p>\n<ul style=\"text-align: justify;\">\n<li><span style=\"color: #000000;\">&#8211; L\u2019identit\u00e9 et le profil de l\u2019organisateur<\/span><\/li>\n<li><span style=\"color: #000000;\">&#8211; La coh\u00e9rence des informations fournies<\/span><\/li>\n<li><span style=\"color: #000000;\">&#8211; Le lieu, la date et la tarification<\/span><\/li>\n<li><span style=\"color: #000000;\">&#8211; Les visuels et contenus promotionnels<\/span><\/li>\n<li><span style=\"color: #000000;\">&#8211; Les moyens de paiement utilis\u00e9s<\/span><\/li>\n<\/ul>\n<p style=\"text-align: justify;\"><span style=\"color: #000000;\">Certains \u00e9v\u00e9nements peuvent \u00eatre publi\u00e9s automatiquement, tandis que d\u2019autres n\u00e9cessitent une validation manuelle.<\/span><\/p>\n<p style=\"text-align: justify;\"><span style=\"color: #000000;\"><strong>\u00a0 \u00a0 \u00a0 \u00a0 \u00a03.3 D\u00e9lai de traitement<\/strong><\/span><\/p>\n<p style=\"text-align: justify;\"><span style=\"color: #000000;\">Les \u00e9v\u00e9nements soumis sont g\u00e9n\u00e9ralement trait\u00e9s dans un d\u00e9lai de 12 heure ouvrable.<\/span><\/p>\n<h5 style=\"text-align: justify;\"><span style=\"color: #000000;\"><strong>4- Statut des \u00e9v\u00e8nements<\/strong><\/span><\/h5>\n<p style=\"text-align: justify;\"><span style=\"color: #000000;\">Un \u00e9v\u00e9nement peut avoir l\u2019un des statuts suivants :<\/span><\/p>\n<ul style=\"text-align: justify;\">\n<li><span style=\"color: #000000;\">&#8211; Brouillon : non soumis \u00e0 publication<\/span><\/li>\n<li><span style=\"color: #000000;\">&#8211; En attente de v\u00e9rification : en cours d\u2019examen<\/span><\/li>\n<li><span style=\"color: #000000;\">&#8211; Publi\u00e9 : visible et accessible au public<\/span><\/li>\n<li><span style=\"color: #000000;\">&#8211; Refus\u00e9 : non publi\u00e9 (motif communiqu\u00e9)<\/span><\/li>\n<li><span style=\"color: #000000;\">&#8211; Suspendu : retir\u00e9 temporairement ou d\u00e9finitivement<\/span><\/li>\n<\/ul>\n<h5 style=\"text-align: justify;\"><span style=\"color: #000000;\"><strong>5- Contenus et \u00e9v\u00e8nements interdits<\/strong><\/span><\/h5>\n<p style=\"text-align: justify;\"><span style=\"color: #000000;\">PressTix se r\u00e9serve le droit de refuser ou de suspendre tout \u00e9v\u00e9nement contenant :<\/span><\/p>\n<ul style=\"text-align: justify;\">\n<li><span style=\"color: #000000;\">&#8211; Des informations fausses ou trompeuses<\/span><\/li>\n<li><span style=\"color: #000000;\">&#8211; Des visuels vol\u00e9s ou non autoris\u00e9s<\/span><\/li>\n<li><span style=\"color: #000000;\">&#8211; Une usurpation d\u2019identit\u00e9 (artiste, marque, institution)<\/span><\/li>\n<li><span style=\"color: #000000;\">&#8211; Des promesses irr\u00e9alistes ou mensong\u00e8res<\/span><\/li>\n<li><span style=\"color: #000000;\">&#8211; Des incitations \u00e0 des paiements en dehors de PressTix<\/span><\/li>\n<li><span style=\"color: #000000;\">&#8211; Tout contenu ill\u00e9gal, frauduleux ou contraire \u00e0 l\u2019ordre public<\/span><\/li>\n<\/ul>\n<h5 style=\"text-align: justify;\"><span style=\"color: #000000;\"><strong>6- Modifications apr\u00e8s publication<\/strong><\/span><\/h5>\n<p style=\"text-align: justify;\"><span style=\"color: #000000;\">Toute modification substantielle apport\u00e9e \u00e0 un \u00e9v\u00e9nement publi\u00e9 (date, lieu, prix, capacit\u00e9, contenu) peut entra\u00eener :<\/span><\/p>\n<ul style=\"text-align: justify;\">\n<li><span style=\"color: #000000;\">&#8211; Une nouvelle v\u00e9rification<\/span><\/li>\n<li><span style=\"color: #000000;\">&#8211; Une suspension temporaire de l\u2019\u00e9v\u00e9nement<\/span><\/li>\n<\/ul>\n<h5 style=\"text-align: justify;\"><span style=\"color: #000000;\"><strong>7- Suspension et retrait d\u2019\u00e9v\u00e8nement<\/strong><\/span><\/h5>\n<p style=\"text-align: justify;\"><span style=\"color: #000000;\">PressTix se r\u00e9serve le droit, \u00e0 tout moment, de :<\/span><\/p>\n<ul style=\"text-align: justify;\">\n<li><span style=\"color: #000000;\">&#8211; Suspendre un \u00e9v\u00e9nement<\/span><\/li>\n<li><span style=\"color: #000000;\">&#8211; Retirer un \u00e9v\u00e9nement d\u00e9j\u00e0 publi\u00e9<\/span><\/li>\n<li><span style=\"color: #000000;\">&#8211; Geler les ventes de billets<\/span><\/li>\n<li><span style=\"color: #000000;\">&#8211; Suspendre ou restreindre un compte organisateur<\/span><\/li>\n<\/ul>\n<h5 style=\"text-align: justify;\"><span style=\"color: #000000;\"><strong>8- Refus et nouvelles soumissions<\/strong><\/span><\/h5>\n<p style=\"text-align: justify;\"><span style=\"color: #000000;\">En cas de refus :<\/span><\/p>\n<ul style=\"text-align: justify;\">\n<li><span style=\"color: #000000;\">Le motif est communiqu\u00e9 \u00e0 l\u2019organisateur<\/span><\/li>\n<li><span style=\"color: #000000;\">L\u2019organisateur peut corriger l\u2019\u00e9v\u00e9nement<\/span><\/li>\n<li><span style=\"color: #000000;\">Une nouvelle soumission est possible<\/span><\/li>\n<\/ul>\n<p style=\"text-align: justify;\"><span style=\"color: #000000;\"><strong>9- Confidentialit\u00e9s et donn\u00e9es<\/strong><\/span><\/p>\n<p style=\"text-align: justify;\"><span style=\"color: #000000;\">Les documents et informations fournis par les organisateurs sont :<\/span><\/p>\n<ul style=\"text-align: justify;\">\n<li><span style=\"color: #000000;\">&#8211; Trait\u00e9s de mani\u00e8re confidentielle<\/span><\/li>\n<li><span style=\"color: #000000;\">&#8211; Utilis\u00e9s uniquement \u00e0 des fins de v\u00e9rification<\/span><\/li>\n<li><span style=\"color: #000000;\">&#8211; Jamais partag\u00e9s publiquement<\/span><\/li>\n<\/ul>\n<h5 style=\"text-align: justify;\"><span style=\"color: #000000;\"><strong>10- Engagement de PressTix<\/strong><\/span><\/h5>\n<p style=\"text-align: justify;\"><span style=\"color: #000000;\">PressTix s\u2019engage \u00e0 :<\/span><\/p>\n<ul style=\"text-align: justify;\">\n<li><span style=\"color: #000000;\">&#8211; Appliquer cette politique de mani\u00e8re \u00e9quitable<\/span><\/li>\n<li><span style=\"color: #000000;\">&#8211; Traiter les \u00e9v\u00e9nements dans des d\u00e9lais raisonnables<\/span><\/li>\n<li><span style=\"color: #000000;\">&#8211; Communiquer clairement avec les organisateurs<\/span><\/li>\n<li><span style=\"color: #000000;\">&#8211; Maintenir un \u00e9quilibre entre s\u00e9curit\u00e9 et accessibilit\u00e9<\/span><\/li>\n<\/ul>\n<h5 style=\"text-align: justify;\"><span style=\"color: #000000;\"><strong>11- Acceptation de la politique<\/strong><\/span><\/h5>\n<p style=\"text-align: justify;\"><span style=\"color: #000000;\">En utilisant PressTix et en soumettant un \u00e9v\u00e9nement, l\u2019organisateur reconna\u00eet avoir lu, compris et accept\u00e9 la pr\u00e9sente politique de publication.<\/span><\/p>\n<p style=\"text-align: justify;\"><span style=\"color: #000000;\">Derni\u00e8re mise \u00e0 jour : 1\/1\/2026<\/span><\/p>\n<table style=\"height: 18px;\" width=\"448\">\n<tbody>\n<tr>\n<td width=\"287\"><\/td>\n<\/tr>\n<\/tbody>\n<\/table>\n[\/vc_column_text][\/vc_column][vc_column width=&#8221;1\/3&#8243;][vc_column_text css=&#8221;&#8221;]\n<div class=\"wpb_text_column wpb_content_element\">\n<div class=\"wpb_wrapper\">\n<h4><span style=\"color: #000000;\"><strong>IMPORTANT<\/strong><\/span><\/h4>\n<p><span style=\"color: #000000;\">\u2013 Nos Politiques de publication<\/span><\/p>\n<p><a href=\"https:\/\/presstix.com\/info\/accord-marchand\/\"><span style=\"color: #000000;\"><span style=\"color: #003300;\">\u2013 Contrat marchand<\/span><\/span><\/a><\/p>\n<p><span style=\"color: #003300;\"><a style=\"color: #003300;\" href=\"https:\/\/presstix.com\/info\/politique-officielle-de-paiementorganisateurs-et-promoteurs\/\">\u2013 La politique officielle de paiement<\/a><\/span><\/p>\n<p><span style=\"color: #003300;\">\u2013 <a style=\"color: #003300;\" href=\"https:\/\/presstix.com\/info\/termes-et-conditions-de-presstix\/\">Les Conditions d\u2019utilisation<\/a><\/span><\/p>\n<p><span style=\"color: #003300;\"><a style=\"color: #003300;\" href=\"https:\/\/presstix.com\/info\/politique-de-confidentialite-de-presstix\/\">\u2013 Les Politiques de confidentialit\u00e9<\/a><\/span><\/p>\n<\/div>\n<\/div>\n[\/vc_column_text][vc_single_image image=&#8221;2697&#8243; img_size=&#8221;FULL&#8221; onclick=&#8221;custom_link&#8221; img_link_target=&#8221;_blank&#8221; css=&#8221;&#8221; link=&#8221;https:\/\/www.youtube.com\/channel\/UCv608FueLovTZSdmpB9MDTw&#8221;][\/vc_column][\/vc_row]\n<\/div>","protected":false},"excerpt":{"rendered":"<p>[vc_row][vc_column width=&#8221;2\/3&#8243;][vc_column_text] Politique de publication des \u00e9v\u00e9nements sur les plateformes PressTix 1- Objet de la politique PressTix s\u2019engage \u00e0 offrir une plateforme fiable et s\u00e9curis\u00e9e pour les organisateurs et les acheteurs de billets, tout en garantissant la qualit\u00e9 et la l\u00e9gitimit\u00e9 des \u00e9v\u00e9nements propos\u00e9s. La pr\u00e9sente politique a pour objectif de d\u00e9finir les r\u00e8gles applicables [&hellip;]<\/p>\n","protected":false},"author":1,"featured_media":0,"parent":0,"menu_order":0,"comment_status":"closed","ping_status":"closed","template":"","meta":{"content-type":"","footnotes":""},"class_list":["post-2870","page","type-page","status-publish","hentry"],"yoast_head":"<!-- This site is optimized with the Yoast SEO plugin v27.3 - https:\/\/yoast.com\/product\/yoast-seo-wordpress\/ -->\n<title>Politique de publication des \u00e9v\u00e9nements sur les plateformes PressTix - Tout savoir sur PressTix<\/title>\n<meta name=\"description\" content=\"PressTix s\u2019engage \u00e0 offrir une plateforme fiable et s\u00e9curis\u00e9e pour les organisateurs et les acheteurs de billets, tout en garantissant la qualit\u00e9 et la l\u00e9gitimit\u00e9 des \u00e9v\u00e9nements propos\u00e9s. La pr\u00e9sente politique a pour objectif de d\u00e9finir les r\u00e8gles applicables \u00e0 la cr\u00e9ation, la v\u00e9rification et la publication des \u00e9v\u00e9nements sur la plateforme PressTix.\" \/>\n<meta name=\"robots\" content=\"index, follow, max-snippet:-1, max-image-preview:large, max-video-preview:-1\" \/>\n<link rel=\"canonical\" href=\"https:\/\/presstix.com\/info\/politique-de-publication-des-evenements-sur-les-plateformes-presstix\/\" \/>\n<meta property=\"og:locale\" content=\"fr_FR\" \/>\n<meta property=\"og:type\" content=\"article\" \/>\n<meta property=\"og:title\" content=\"Politique de publication des \u00e9v\u00e9nements sur les plateformes PressTix - Tout savoir sur PressTix\" \/>\n<meta property=\"og:description\" content=\"PressTix s\u2019engage \u00e0 offrir une plateforme fiable et s\u00e9curis\u00e9e pour les organisateurs et les acheteurs de billets, tout en garantissant la qualit\u00e9 et la l\u00e9gitimit\u00e9 des \u00e9v\u00e9nements propos\u00e9s. La pr\u00e9sente politique a pour objectif de d\u00e9finir les r\u00e8gles applicables \u00e0 la cr\u00e9ation, la v\u00e9rification et la publication des \u00e9v\u00e9nements sur la plateforme PressTix.\" \/>\n<meta property=\"og:url\" content=\"https:\/\/presstix.com\/info\/politique-de-publication-des-evenements-sur-les-plateformes-presstix\/\" \/>\n<meta property=\"og:site_name\" content=\"Tout savoir sur PressTix\" \/>\n<meta property=\"article:publisher\" content=\"https:\/\/www.facebook.com\/presstix\" \/>\n<meta property=\"article:modified_time\" content=\"2026-02-26T06:46:34+00:00\" \/>\n<meta property=\"og:image\" content=\"https:\/\/presstix.com\/info\/wp-content\/uploads\/2025\/01\/Arise-IIP-Africa-organizational-structure.jpg\" \/>\n\t<meta property=\"og:image:width\" content=\"1200\" \/>\n\t<meta property=\"og:image:height\" content=\"777\" \/>\n\t<meta property=\"og:image:type\" content=\"image\/jpeg\" \/>\n<meta name=\"twitter:card\" content=\"summary_large_image\" \/>\n<meta name=\"twitter:label1\" content=\"Dur\u00e9e de lecture estim\u00e9e\" \/>\n\t<meta name=\"twitter:data1\" content=\"3 minutes\" \/>\n<script type=\"application\/ld+json\" class=\"yoast-schema-graph\">{\"@context\":\"https:\\\/\\\/schema.org\",\"@graph\":[{\"@type\":\"WebPage\",\"@id\":\"https:\\\/\\\/presstix.com\\\/info\\\/politique-de-publication-des-evenements-sur-les-plateformes-presstix\\\/\",\"url\":\"https:\\\/\\\/presstix.com\\\/info\\\/politique-de-publication-des-evenements-sur-les-plateformes-presstix\\\/\",\"name\":\"Politique de publication des \u00e9v\u00e9nements sur les plateformes PressTix - Tout savoir sur PressTix\",\"isPartOf\":{\"@id\":\"https:\\\/\\\/presstix.com\\\/info\\\/#website\"},\"datePublished\":\"2026-02-23T06:39:14+00:00\",\"dateModified\":\"2026-02-26T06:46:34+00:00\",\"description\":\"PressTix s\u2019engage \u00e0 offrir une plateforme fiable et s\u00e9curis\u00e9e pour les organisateurs et les acheteurs de billets, tout en garantissant la qualit\u00e9 et la l\u00e9gitimit\u00e9 des \u00e9v\u00e9nements propos\u00e9s. La pr\u00e9sente politique a pour objectif de d\u00e9finir les r\u00e8gles applicables \u00e0 la cr\u00e9ation, la v\u00e9rification et la publication des \u00e9v\u00e9nements sur la plateforme PressTix.\",\"breadcrumb\":{\"@id\":\"https:\\\/\\\/presstix.com\\\/info\\\/politique-de-publication-des-evenements-sur-les-plateformes-presstix\\\/#breadcrumb\"},\"inLanguage\":\"fr-FR\",\"potentialAction\":[{\"@type\":\"ReadAction\",\"target\":[\"https:\\\/\\\/presstix.com\\\/info\\\/politique-de-publication-des-evenements-sur-les-plateformes-presstix\\\/\"]}]},{\"@type\":\"BreadcrumbList\",\"@id\":\"https:\\\/\\\/presstix.com\\\/info\\\/politique-de-publication-des-evenements-sur-les-plateformes-presstix\\\/#breadcrumb\",\"itemListElement\":[{\"@type\":\"ListItem\",\"position\":1,\"name\":\"Acceuil\",\"item\":\"https:\\\/\\\/presstix.com\\\/info\\\/\"},{\"@type\":\"ListItem\",\"position\":2,\"name\":\"Politique de publication des \u00e9v\u00e9nements sur les plateformes PressTix\"}]},{\"@type\":\"WebSite\",\"@id\":\"https:\\\/\\\/presstix.com\\\/info\\\/#website\",\"url\":\"https:\\\/\\\/presstix.com\\\/info\\\/\",\"name\":\"PressTix Info\",\"description\":\"\",\"publisher\":{\"@id\":\"https:\\\/\\\/presstix.com\\\/info\\\/#organization\"},\"potentialAction\":[{\"@type\":\"SearchAction\",\"target\":{\"@type\":\"EntryPoint\",\"urlTemplate\":\"https:\\\/\\\/presstix.com\\\/info\\\/?s={search_term_string}\"},\"query-input\":{\"@type\":\"PropertyValueSpecification\",\"valueRequired\":true,\"valueName\":\"search_term_string\"}}],\"inLanguage\":\"fr-FR\"},{\"@type\":\"Organization\",\"@id\":\"https:\\\/\\\/presstix.com\\\/info\\\/#organization\",\"name\":\"PressTix\",\"url\":\"https:\\\/\\\/presstix.com\\\/info\\\/\",\"logo\":{\"@type\":\"ImageObject\",\"inLanguage\":\"fr-FR\",\"@id\":\"https:\\\/\\\/presstix.com\\\/info\\\/#\\\/schema\\\/logo\\\/image\\\/\",\"url\":\"https:\\\/\\\/i0.wp.com\\\/presstix.com\\\/info\\\/wp-content\\\/uploads\\\/2024\\\/12\\\/cropped-p-carre-vert.png?fit=512%2C512&ssl=1\",\"contentUrl\":\"https:\\\/\\\/i0.wp.com\\\/presstix.com\\\/info\\\/wp-content\\\/uploads\\\/2024\\\/12\\\/cropped-p-carre-vert.png?fit=512%2C512&ssl=1\",\"width\":512,\"height\":512,\"caption\":\"PressTix\"},\"image\":{\"@id\":\"https:\\\/\\\/presstix.com\\\/info\\\/#\\\/schema\\\/logo\\\/image\\\/\"},\"sameAs\":[\"https:\\\/\\\/www.facebook.com\\\/presstix\",\"https:\\\/\\\/www.linkedin.com\\\/company\\\/presstix\",\"https:\\\/\\\/twitter.com\\\/press_tix\\\/\",\"https:\\\/\\\/www.youtube.com\\\/channel\\\/UCv608FueLovTZSdmpB9MDTw\",\"https:\\\/\\\/www.instagram.com\\\/presstix\\\/\"]}]}<\/script>\n<!-- \/ Yoast SEO plugin. -->","yoast_head_json":{"title":"Politique de publication des \u00e9v\u00e9nements sur les plateformes PressTix - Tout savoir sur PressTix","description":"PressTix s\u2019engage \u00e0 offrir une plateforme fiable et s\u00e9curis\u00e9e pour les organisateurs et les acheteurs de billets, tout en garantissant la qualit\u00e9 et la l\u00e9gitimit\u00e9 des \u00e9v\u00e9nements propos\u00e9s. La pr\u00e9sente politique a pour objectif de d\u00e9finir les r\u00e8gles applicables \u00e0 la cr\u00e9ation, la v\u00e9rification et la publication des \u00e9v\u00e9nements sur la plateforme PressTix.","robots":{"index":"index","follow":"follow","max-snippet":"max-snippet:-1","max-image-preview":"max-image-preview:large","max-video-preview":"max-video-preview:-1"},"canonical":"https:\/\/presstix.com\/info\/politique-de-publication-des-evenements-sur-les-plateformes-presstix\/","og_locale":"fr_FR","og_type":"article","og_title":"Politique de publication des \u00e9v\u00e9nements sur les plateformes PressTix - Tout savoir sur PressTix","og_description":"PressTix s\u2019engage \u00e0 offrir une plateforme fiable et s\u00e9curis\u00e9e pour les organisateurs et les acheteurs de billets, tout en garantissant la qualit\u00e9 et la l\u00e9gitimit\u00e9 des \u00e9v\u00e9nements propos\u00e9s. La pr\u00e9sente politique a pour objectif de d\u00e9finir les r\u00e8gles applicables \u00e0 la cr\u00e9ation, la v\u00e9rification et la publication des \u00e9v\u00e9nements sur la plateforme PressTix.","og_url":"https:\/\/presstix.com\/info\/politique-de-publication-des-evenements-sur-les-plateformes-presstix\/","og_site_name":"Tout savoir sur PressTix","article_publisher":"https:\/\/www.facebook.com\/presstix","article_modified_time":"2026-02-26T06:46:34+00:00","og_image":[{"width":1200,"height":777,"url":"https:\/\/presstix.com\/info\/wp-content\/uploads\/2025\/01\/Arise-IIP-Africa-organizational-structure.jpg","type":"image\/jpeg"}],"twitter_card":"summary_large_image","twitter_misc":{"Dur\u00e9e de lecture estim\u00e9e":"3 minutes"},"schema":{"@context":"https:\/\/schema.org","@graph":[{"@type":"WebPage","@id":"https:\/\/presstix.com\/info\/politique-de-publication-des-evenements-sur-les-plateformes-presstix\/","url":"https:\/\/presstix.com\/info\/politique-de-publication-des-evenements-sur-les-plateformes-presstix\/","name":"Politique de publication des \u00e9v\u00e9nements sur les plateformes PressTix - Tout savoir sur PressTix","isPartOf":{"@id":"https:\/\/presstix.com\/info\/#website"},"datePublished":"2026-02-23T06:39:14+00:00","dateModified":"2026-02-26T06:46:34+00:00","description":"PressTix s\u2019engage \u00e0 offrir une plateforme fiable et s\u00e9curis\u00e9e pour les organisateurs et les acheteurs de billets, tout en garantissant la qualit\u00e9 et la l\u00e9gitimit\u00e9 des \u00e9v\u00e9nements propos\u00e9s. La pr\u00e9sente politique a pour objectif de d\u00e9finir les r\u00e8gles applicables \u00e0 la cr\u00e9ation, la v\u00e9rification et la publication des \u00e9v\u00e9nements sur la plateforme PressTix.","breadcrumb":{"@id":"https:\/\/presstix.com\/info\/politique-de-publication-des-evenements-sur-les-plateformes-presstix\/#breadcrumb"},"inLanguage":"fr-FR","potentialAction":[{"@type":"ReadAction","target":["https:\/\/presstix.com\/info\/politique-de-publication-des-evenements-sur-les-plateformes-presstix\/"]}]},{"@type":"BreadcrumbList","@id":"https:\/\/presstix.com\/info\/politique-de-publication-des-evenements-sur-les-plateformes-presstix\/#breadcrumb","itemListElement":[{"@type":"ListItem","position":1,"name":"Acceuil","item":"https:\/\/presstix.com\/info\/"},{"@type":"ListItem","position":2,"name":"Politique de publication des \u00e9v\u00e9nements sur les plateformes PressTix"}]},{"@type":"WebSite","@id":"https:\/\/presstix.com\/info\/#website","url":"https:\/\/presstix.com\/info\/","name":"PressTix Info","description":"","publisher":{"@id":"https:\/\/presstix.com\/info\/#organization"},"potentialAction":[{"@type":"SearchAction","target":{"@type":"EntryPoint","urlTemplate":"https:\/\/presstix.com\/info\/?s={search_term_string}"},"query-input":{"@type":"PropertyValueSpecification","valueRequired":true,"valueName":"search_term_string"}}],"inLanguage":"fr-FR"},{"@type":"Organization","@id":"https:\/\/presstix.com\/info\/#organization","name":"PressTix","url":"https:\/\/presstix.com\/info\/","logo":{"@type":"ImageObject","inLanguage":"fr-FR","@id":"https:\/\/presstix.com\/info\/#\/schema\/logo\/image\/","url":"https:\/\/i0.wp.com\/presstix.com\/info\/wp-content\/uploads\/2024\/12\/cropped-p-carre-vert.png?fit=512%2C512&ssl=1","contentUrl":"https:\/\/i0.wp.com\/presstix.com\/info\/wp-content\/uploads\/2024\/12\/cropped-p-carre-vert.png?fit=512%2C512&ssl=1","width":512,"height":512,"caption":"PressTix"},"image":{"@id":"https:\/\/presstix.com\/info\/#\/schema\/logo\/image\/"},"sameAs":["https:\/\/www.facebook.com\/presstix","https:\/\/www.linkedin.com\/company\/presstix","https:\/\/twitter.com\/press_tix\/","https:\/\/www.youtube.com\/channel\/UCv608FueLovTZSdmpB9MDTw","https:\/\/www.instagram.com\/presstix\/"]}]}},"_links":{"self":[{"href":"https:\/\/presstix.com\/info\/wp-json\/wp\/v2\/pages\/2870","targetHints":{"allow":["GET"]}}],"collection":[{"href":"https:\/\/presstix.com\/info\/wp-json\/wp\/v2\/pages"}],"about":[{"href":"https:\/\/presstix.com\/info\/wp-json\/wp\/v2\/types\/page"}],"author":[{"embeddable":true,"href":"https:\/\/presstix.com\/info\/wp-json\/wp\/v2\/users\/1"}],"replies":[{"embeddable":true,"href":"https:\/\/presstix.com\/info\/wp-json\/wp\/v2\/comments?post=2870"}],"version-history":[{"count":7,"href":"https:\/\/presstix.com\/info\/wp-json\/wp\/v2\/pages\/2870\/revisions"}],"predecessor-version":[{"id":2921,"href":"https:\/\/presstix.com\/info\/wp-json\/wp\/v2\/pages\/2870\/revisions\/2921"}],"wp:attachment":[{"href":"https:\/\/presstix.com\/info\/wp-json\/wp\/v2\/media?parent=2870"}],"curies":[{"name":"wp","href":"https:\/\/api.w.org\/{rel}","templated":true}]}}