{"id":2533,"date":"2025-07-14T06:00:36","date_gmt":"2025-07-14T06:00:36","guid":{"rendered":"https:\/\/presstix.com\/info\/?page_id=2533"},"modified":"2026-02-23T08:25:12","modified_gmt":"2026-02-23T08:25:12","slug":"boostez-vos-evenements","status":"publish","type":"page","link":"https:\/\/presstix.com\/info\/boostez-vos-evenements\/","title":{"rendered":"Formulaire pour Boostez vos \u00e9v\u00e9nements"},"content":{"rendered":"<h4 style=\"text-align: center;\"><span style=\"color: #000000;\">Veuillez remplir le formulaire ci-dessous pour booster votre \u00e9v\u00e9nement. Nous vous contacterons des r\u00e9ception de votre soumission pour la finalisation.<\/span><\/h4>\n<div class=\"forminator-ui forminator-custom-form forminator-custom-form-2532 forminator-design--default  forminator_ajax\" data-forminator-render=\"0\" data-form=\"forminator-module-2532\" data-uid=\"69fb390bf3bdd\"><br\/><\/div><form\n\t\t\t\tid=\"forminator-module-2532\"\n\t\t\t\tclass=\"forminator-ui forminator-custom-form forminator-custom-form-2532 forminator-design--default  forminator_ajax\"\n\t\t\t\tmethod=\"post\"\n\t\t\t\tdata-forminator-render=\"0\"\n\t\t\t\tdata-form-id=\"2532\"\n\t\t\t\t data-color-option=\"theme\" data-design=\"default\" data-grid=\"open\" style=\"display: none;\"\n\t\t\t\tdata-uid=\"69fb390bf3bdd\"\n\t\t\t><div role=\"alert\" aria-live=\"polite\" class=\"forminator-response-message forminator-error\" aria-hidden=\"true\"><\/div><div class=\"forminator-row\"><div id=\"name-1\" class=\"forminator-field-name forminator-col forminator-col-12 \"><div class=\"forminator-field\"><label for=\"forminator-field-name-1_69fb390bf3bdd\" id=\"forminator-field-name-1_69fb390bf3bdd-label\" class=\"forminator-label\">Votre Nom <span class=\"forminator-required\">*<\/span><\/label><input type=\"text\" name=\"name-1\" value=\"\" placeholder=\"\" id=\"forminator-field-name-1_69fb390bf3bdd\" class=\"forminator-input forminator-name--field\" aria-required=\"true\" autocomplete=\"name\" \/><\/div><\/div><\/div><div class=\"forminator-row\"><div id=\"email-1\" class=\"forminator-field-email forminator-col forminator-col-12 \"><div class=\"forminator-field\"><label for=\"forminator-field-email-1_69fb390bf3bdd\" id=\"forminator-field-email-1_69fb390bf3bdd-label\" class=\"forminator-label\">Votre Email <span class=\"forminator-required\">*<\/span><\/label><input type=\"email\" name=\"email-1\" value=\"\" placeholder=\"\" id=\"forminator-field-email-1_69fb390bf3bdd\" class=\"forminator-input forminator-email--field\" data-required=\"1\" aria-required=\"true\" autocomplete=\"email\" \/><\/div><\/div><\/div><div class=\"forminator-row\"><div id=\"phone-1\" class=\"forminator-field-phone forminator-col forminator-col-12 \"><div class=\"forminator-field\"><label for=\"forminator-field-phone-1_69fb390bf3bdd\" id=\"forminator-field-phone-1_69fb390bf3bdd-label\" class=\"forminator-label\">Votre T\u00e9l\u00e9phone <span class=\"forminator-required\">*<\/span><\/label><input type=\"text\" name=\"phone-1\" value=\"\" placeholder=\"\" id=\"forminator-field-phone-1_69fb390bf3bdd\" class=\"forminator-input forminator-field--phone\" data-required=\"1\" aria-required=\"true\" autocomplete=\"off\" \/><\/div><\/div><\/div><div class=\"forminator-row\"><div id=\"address-1\" class=\"forminator-field-address forminator-col forminator-col-12 \"><div class=\"forminator-row\" data-multiple=\"true\"><div id=\"address-1-city\" class=\"forminator-col forminator-col-6\"><div class=\"forminator-field\"><label for=\"forminator-field-address-1-city_69fb390bf3bdd\" id=\"forminator-field-address-1-city_69fb390bf3bdd-label\" class=\"forminator-label\">Ville<\/label><input type=\"text\" name=\"address-1-city\" placeholder=\"\" id=\"forminator-field-address-1-city_69fb390bf3bdd\" class=\"forminator-input\" data-required=\"\" aria-required=\"false\" autocomplete=\"address-level2\" value=\"\" \/><\/div><\/div><div id=\"address-1-state\" class=\"forminator-col forminator-col-6\"><div class=\"forminator-field\"><label for=\"forminator-field-address-1-state_69fb390bf3bdd\" id=\"forminator-field-address-1-state_69fb390bf3bdd-label\" class=\"forminator-label\">Pays<\/label><input type=\"text\" name=\"address-1-state\" placeholder=\"\" id=\"forminator-field-address-1-state_69fb390bf3bdd\" class=\"forminator-input\" data-required=\"\" aria-required=\"false\" autocomplete=\"address-level1\" value=\"\" \/><\/div><\/div><\/div><\/div><\/div><div class=\"forminator-row\"><div id=\"text-1\" class=\"forminator-field-text forminator-col forminator-col-12 \"><div class=\"forminator-field\"><label for=\"forminator-field-text-1_69fb390bf3bdd\" id=\"forminator-field-text-1_69fb390bf3bdd-label\" class=\"forminator-label\">Nom de l&#039;Entreprise\/Organisation (optionnel)<\/label><input type=\"text\" name=\"text-1\" value=\"\" placeholder=\"\" id=\"forminator-field-text-1_69fb390bf3bdd\" class=\"forminator-input forminator-name--field\" data-required=\"\" \/><\/div><\/div><\/div><div class=\"forminator-row\"><div id=\"url-1\" class=\"forminator-field-url forminator-col forminator-col-12 \"><div class=\"forminator-field\"><label for=\"forminator-field-url-1_69fb390bf3bdd\" id=\"forminator-field-url-1_69fb390bf3bdd-label\" class=\"forminator-label\">URL de l&#039;\u00e9v\u00e9nement que vous souhaiter booster<\/label><input type=\"url\" name=\"url-1\" value=\"\" placeholder=\"\" id=\"forminator-field-url-1_69fb390bf3bdd\" class=\"forminator-input forminator-website--field\" data-required=\"\" aria-required=\"false\" \/><\/div><\/div><\/div><div class=\"forminator-row\"><div id=\"select-1\" class=\"forminator-field-select forminator-col forminator-col-12 \"><div class=\"forminator-field\"><label for=\"forminator-form-2532__field--select-1_69fb390bf3bdd\" id=\"forminator-form-2532__field--select-1_69fb390bf3bdd-label\" class=\"forminator-label\">S\u00e9lectionnez un Plan<\/label><select  id=\"forminator-form-2532__field--select-1_69fb390bf3bdd\" class=\"forminator-select--field forminator-select2 forminator-select2-multiple\" data-required=\"\" name=\"select-1\" data-default-value=\"\" data-hidden-behavior=\"zero\" data-placeholder=\"--- Veuillez s\u00e9lectionner ---\" data-search=\"false\" data-search-placeholder=\"--- Veuillez s\u00e9lectionner ---\" data-checkbox=\"false\" data-allow-clear=\"false\" aria-labelledby=\"forminator-form-2532__field--select-1_69fb390bf3bdd-label\"><option value=\"\"  >--- Veuillez s\u00e9lectionner ---<\/option><option value=\"one\"  data-calculation=\"0\">Boost Standard<\/option><option value=\"two\"  data-calculation=\"0\">Boost Pro<\/option><option value=\"Premium-Plan\"  data-calculation=\"0\">Boost Premium<\/option><option value=\"Boost-Gold\"  data-calculation=\"0\">Boost Gold<\/option><\/select><\/div><\/div><\/div><div class=\"forminator-row\"><div id=\"select-2\" class=\"forminator-field-select forminator-col forminator-col-12 \"><div class=\"forminator-field\"><label for=\"forminator-form-2532__field--select-2_69fb390bf3bdd\" id=\"forminator-form-2532__field--select-2_69fb390bf3bdd-label\" class=\"forminator-label\">Comment comptez vous payer<\/label><select  id=\"forminator-form-2532__field--select-2_69fb390bf3bdd\" class=\"forminator-select--field forminator-select2 forminator-select2-multiple\" data-required=\"\" name=\"select-2\" data-default-value=\"\" data-hidden-behavior=\"zero\" data-placeholder=\"--- Veuillez s\u00e9lectionner ---\" data-search=\"false\" data-search-placeholder=\"--- Veuillez s\u00e9lectionner ---\" data-checkbox=\"false\" data-allow-clear=\"false\" aria-labelledby=\"forminator-form-2532__field--select-2_69fb390bf3bdd-label\"><option value=\"\"  >--- Veuillez s\u00e9lectionner ---<\/option><option value=\"one\"  data-calculation=\"0\">Wave<\/option><option value=\"two\"  data-calculation=\"0\">Orange Money<\/option><option value=\"Bank-card\"  data-calculation=\"0\">Carte bancaire<\/option><option value=\"Check\"  data-calculation=\"0\">Ch\u00e8que<\/option><option value=\"Cash\"  data-calculation=\"0\">Esp\u00e8ces<\/option><\/select><\/div><\/div><\/div><div class=\"forminator-row\"><div id=\"textarea-1\" class=\"forminator-field-textarea forminator-col forminator-col-12 \"><div class=\"forminator-field\"><label for=\"forminator-field-textarea-1_69fb390bf3bdd\" id=\"forminator-field-textarea-1_69fb390bf3bdd-label\" class=\"forminator-label\">Commentaires Suppl\u00e9mentaires (optionnel)<\/label><textarea name=\"textarea-1\" placeholder=\"\" id=\"forminator-field-textarea-1_69fb390bf3bdd\" class=\"forminator-textarea\" rows=\"6\" style=\"--forminator-textarea-min-height:140px;\" ><\/textarea><\/div><\/div><\/div><div class=\"forminator-row\"><div id=\"consent-1\" class=\"forminator-field-consent forminator-col forminator-col-12 \"><div class=\"forminator-field\"><label for=\"forminator-field-consent-1_69fb390bf3bdd\" id=\"forminator-field-consent-1_69fb390bf3bdd-label\" class=\"forminator-label\">Valider <span class=\"forminator-required\">*<\/span><\/label><div class=\"forminator-checkbox__wrapper\"><label id=\"forminator-field-consent-1_69fb390bf3bdd__label\" class=\"forminator-checkbox forminator-consent\"><input type=\"checkbox\" name=\"consent-1\" id=\"forminator-field-consent-1_69fb390bf3bdd\" value=\"checked\" aria-labelledby=\"forminator-field-consent-1_69fb390bf3bdd-label\" aria-describedby=\"forminator-field-consent-1_69fb390bf3bdd__description\" data-required=\"true\" aria-required=\"true\" \/><span class=\"forminator-checkbox-box\" aria-hidden=\"true\"><\/span><\/label><div id=\"forminator-field-consent-1_69fb390bf3bdd__description\" class=\"forminator-checkbox__label forminator-consent__label\"><p>\u201cJe confirme avoir lu et approuv\u00e9 les <a rel=\"noopener\" target=\"_blank\" href=\"https:\/\/presstix.com\/info\/?page_id=2882&amp;preview=true\">Politiques et Conditions pour les offres du Boost<\/a> et que je souhaite m\u2019abonner au forfait s\u00e9lectionn\u00e9.\u201d<\/p><\/div><\/div><\/div><\/div><\/div><input type=\"hidden\" name=\"referer_url\" value=\"\" \/><div class=\"forminator-row forminator-row-last\"><div class=\"forminator-col\"><div class=\"forminator-field\"><button class=\"forminator-button forminator-button-submit\">Soumettre<\/button><\/div><\/div><\/div><input type=\"hidden\" id=\"forminator_nonce\" name=\"forminator_nonce\" value=\"67b51cabf3\" \/><input type=\"hidden\" name=\"_wp_http_referer\" value=\"\/info\/wp-json\/wp\/v2\/pages\/2533\" \/><input type=\"hidden\" name=\"form_id\" value=\"2532\"><input type=\"hidden\" name=\"page_id\" value=\"2533\"><input type=\"hidden\" name=\"form_type\" value=\"default\"><input type=\"hidden\" name=\"current_url\" value=\"https:\/\/presstix.com\/info\/boostez-vos-evenements\/\"><input type=\"hidden\" name=\"render_id\" value=\"0\"><input type=\"hidden\" name=\"action\" value=\"forminator_submit_form_custom-forms\"><\/form>\n","protected":false},"excerpt":{"rendered":"<p>Veuillez remplir le formulaire ci-dessous pour booster votre \u00e9v\u00e9nement. Nous vous contacterons des r\u00e9ception de votre soumission pour la finalisation.<\/p>\n","protected":false},"author":1,"featured_media":0,"parent":0,"menu_order":0,"comment_status":"closed","ping_status":"closed","template":"","meta":{"content-type":"","footnotes":""},"class_list":["post-2533","page","type-page","status-publish","hentry"],"yoast_head":"<!-- This site is optimized with the Yoast SEO plugin v27.5 - https:\/\/yoast.com\/product\/yoast-seo-wordpress\/ -->\n<title>Formulaire pour Boostez vos \u00e9v\u00e9nements - Tout savoir sur PressTix<\/title>\n<meta name=\"robots\" content=\"index, follow, max-snippet:-1, max-image-preview:large, max-video-preview:-1\" \/>\n<link rel=\"canonical\" href=\"https:\/\/presstix.com\/info\/boostez-vos-evenements\/\" \/>\n<meta property=\"og:locale\" content=\"fr_FR\" \/>\n<meta property=\"og:type\" content=\"article\" \/>\n<meta property=\"og:title\" content=\"Formulaire pour Boostez vos \u00e9v\u00e9nements - Tout savoir sur PressTix\" \/>\n<meta property=\"og:description\" content=\"Veuillez remplir le formulaire ci-dessous pour booster votre \u00e9v\u00e9nement. Nous vous contacterons des r\u00e9ception de votre soumission pour la finalisation.\" \/>\n<meta property=\"og:url\" content=\"https:\/\/presstix.com\/info\/boostez-vos-evenements\/\" \/>\n<meta property=\"og:site_name\" content=\"Tout savoir sur PressTix\" \/>\n<meta property=\"article:publisher\" content=\"https:\/\/www.facebook.com\/presstix\" \/>\n<meta property=\"article:modified_time\" content=\"2026-02-23T08:25:12+00:00\" \/>\n<meta property=\"og:image\" content=\"https:\/\/presstix.com\/info\/wp-content\/uploads\/2025\/01\/Arise-IIP-Africa-organizational-structure.jpg\" \/>\n\t<meta property=\"og:image:width\" content=\"1200\" \/>\n\t<meta property=\"og:image:height\" content=\"777\" \/>\n\t<meta property=\"og:image:type\" content=\"image\/jpeg\" \/>\n<meta name=\"twitter:card\" content=\"summary_large_image\" \/>\n<meta name=\"twitter:label1\" content=\"Dur\u00e9e de lecture estim\u00e9e\" \/>\n\t<meta name=\"twitter:data1\" content=\"1 minute\" \/>\n<script type=\"application\/ld+json\" class=\"yoast-schema-graph\">{\"@context\":\"https:\\\/\\\/schema.org\",\"@graph\":[{\"@type\":\"WebPage\",\"@id\":\"https:\\\/\\\/presstix.com\\\/info\\\/boostez-vos-evenements\\\/\",\"url\":\"https:\\\/\\\/presstix.com\\\/info\\\/boostez-vos-evenements\\\/\",\"name\":\"Formulaire pour Boostez vos \u00e9v\u00e9nements - Tout savoir sur PressTix\",\"isPartOf\":{\"@id\":\"https:\\\/\\\/presstix.com\\\/info\\\/#website\"},\"datePublished\":\"2025-07-14T06:00:36+00:00\",\"dateModified\":\"2026-02-23T08:25:12+00:00\",\"breadcrumb\":{\"@id\":\"https:\\\/\\\/presstix.com\\\/info\\\/boostez-vos-evenements\\\/#breadcrumb\"},\"inLanguage\":\"fr-FR\",\"potentialAction\":[{\"@type\":\"ReadAction\",\"target\":[\"https:\\\/\\\/presstix.com\\\/info\\\/boostez-vos-evenements\\\/\"]}]},{\"@type\":\"BreadcrumbList\",\"@id\":\"https:\\\/\\\/presstix.com\\\/info\\\/boostez-vos-evenements\\\/#breadcrumb\",\"itemListElement\":[{\"@type\":\"ListItem\",\"position\":1,\"name\":\"Acceuil\",\"item\":\"https:\\\/\\\/presstix.com\\\/info\\\/\"},{\"@type\":\"ListItem\",\"position\":2,\"name\":\"Formulaire pour Boostez vos \u00e9v\u00e9nements\"}]},{\"@type\":\"WebSite\",\"@id\":\"https:\\\/\\\/presstix.com\\\/info\\\/#website\",\"url\":\"https:\\\/\\\/presstix.com\\\/info\\\/\",\"name\":\"PressTix Info\",\"description\":\"\",\"publisher\":{\"@id\":\"https:\\\/\\\/presstix.com\\\/info\\\/#organization\"},\"potentialAction\":[{\"@type\":\"SearchAction\",\"target\":{\"@type\":\"EntryPoint\",\"urlTemplate\":\"https:\\\/\\\/presstix.com\\\/info\\\/?s={search_term_string}\"},\"query-input\":{\"@type\":\"PropertyValueSpecification\",\"valueRequired\":true,\"valueName\":\"search_term_string\"}}],\"inLanguage\":\"fr-FR\"},{\"@type\":\"Organization\",\"@id\":\"https:\\\/\\\/presstix.com\\\/info\\\/#organization\",\"name\":\"PressTix\",\"url\":\"https:\\\/\\\/presstix.com\\\/info\\\/\",\"logo\":{\"@type\":\"ImageObject\",\"inLanguage\":\"fr-FR\",\"@id\":\"https:\\\/\\\/presstix.com\\\/info\\\/#\\\/schema\\\/logo\\\/image\\\/\",\"url\":\"https:\\\/\\\/i0.wp.com\\\/presstix.com\\\/info\\\/wp-content\\\/uploads\\\/2024\\\/12\\\/cropped-p-carre-vert.png?fit=512%2C512&ssl=1\",\"contentUrl\":\"https:\\\/\\\/i0.wp.com\\\/presstix.com\\\/info\\\/wp-content\\\/uploads\\\/2024\\\/12\\\/cropped-p-carre-vert.png?fit=512%2C512&ssl=1\",\"width\":512,\"height\":512,\"caption\":\"PressTix\"},\"image\":{\"@id\":\"https:\\\/\\\/presstix.com\\\/info\\\/#\\\/schema\\\/logo\\\/image\\\/\"},\"sameAs\":[\"https:\\\/\\\/www.facebook.com\\\/presstix\",\"https:\\\/\\\/www.linkedin.com\\\/company\\\/presstix\",\"https:\\\/\\\/twitter.com\\\/press_tix\\\/\",\"https:\\\/\\\/www.youtube.com\\\/channel\\\/UCv608FueLovTZSdmpB9MDTw\",\"https:\\\/\\\/www.instagram.com\\\/presstix\\\/\"]}]}<\/script>\n<!-- \/ Yoast SEO plugin. -->","yoast_head_json":{"title":"Formulaire pour Boostez vos \u00e9v\u00e9nements - Tout savoir sur PressTix","robots":{"index":"index","follow":"follow","max-snippet":"max-snippet:-1","max-image-preview":"max-image-preview:large","max-video-preview":"max-video-preview:-1"},"canonical":"https:\/\/presstix.com\/info\/boostez-vos-evenements\/","og_locale":"fr_FR","og_type":"article","og_title":"Formulaire pour Boostez vos \u00e9v\u00e9nements - Tout savoir sur PressTix","og_description":"Veuillez remplir le formulaire ci-dessous pour booster votre \u00e9v\u00e9nement. Nous vous contacterons des r\u00e9ception de votre soumission pour la finalisation.","og_url":"https:\/\/presstix.com\/info\/boostez-vos-evenements\/","og_site_name":"Tout savoir sur PressTix","article_publisher":"https:\/\/www.facebook.com\/presstix","article_modified_time":"2026-02-23T08:25:12+00:00","og_image":[{"width":1200,"height":777,"url":"https:\/\/presstix.com\/info\/wp-content\/uploads\/2025\/01\/Arise-IIP-Africa-organizational-structure.jpg","type":"image\/jpeg"}],"twitter_card":"summary_large_image","twitter_misc":{"Dur\u00e9e de lecture estim\u00e9e":"1 minute"},"schema":{"@context":"https:\/\/schema.org","@graph":[{"@type":"WebPage","@id":"https:\/\/presstix.com\/info\/boostez-vos-evenements\/","url":"https:\/\/presstix.com\/info\/boostez-vos-evenements\/","name":"Formulaire pour Boostez vos \u00e9v\u00e9nements - Tout savoir sur PressTix","isPartOf":{"@id":"https:\/\/presstix.com\/info\/#website"},"datePublished":"2025-07-14T06:00:36+00:00","dateModified":"2026-02-23T08:25:12+00:00","breadcrumb":{"@id":"https:\/\/presstix.com\/info\/boostez-vos-evenements\/#breadcrumb"},"inLanguage":"fr-FR","potentialAction":[{"@type":"ReadAction","target":["https:\/\/presstix.com\/info\/boostez-vos-evenements\/"]}]},{"@type":"BreadcrumbList","@id":"https:\/\/presstix.com\/info\/boostez-vos-evenements\/#breadcrumb","itemListElement":[{"@type":"ListItem","position":1,"name":"Acceuil","item":"https:\/\/presstix.com\/info\/"},{"@type":"ListItem","position":2,"name":"Formulaire pour Boostez vos \u00e9v\u00e9nements"}]},{"@type":"WebSite","@id":"https:\/\/presstix.com\/info\/#website","url":"https:\/\/presstix.com\/info\/","name":"PressTix Info","description":"","publisher":{"@id":"https:\/\/presstix.com\/info\/#organization"},"potentialAction":[{"@type":"SearchAction","target":{"@type":"EntryPoint","urlTemplate":"https:\/\/presstix.com\/info\/?s={search_term_string}"},"query-input":{"@type":"PropertyValueSpecification","valueRequired":true,"valueName":"search_term_string"}}],"inLanguage":"fr-FR"},{"@type":"Organization","@id":"https:\/\/presstix.com\/info\/#organization","name":"PressTix","url":"https:\/\/presstix.com\/info\/","logo":{"@type":"ImageObject","inLanguage":"fr-FR","@id":"https:\/\/presstix.com\/info\/#\/schema\/logo\/image\/","url":"https:\/\/i0.wp.com\/presstix.com\/info\/wp-content\/uploads\/2024\/12\/cropped-p-carre-vert.png?fit=512%2C512&ssl=1","contentUrl":"https:\/\/i0.wp.com\/presstix.com\/info\/wp-content\/uploads\/2024\/12\/cropped-p-carre-vert.png?fit=512%2C512&ssl=1","width":512,"height":512,"caption":"PressTix"},"image":{"@id":"https:\/\/presstix.com\/info\/#\/schema\/logo\/image\/"},"sameAs":["https:\/\/www.facebook.com\/presstix","https:\/\/www.linkedin.com\/company\/presstix","https:\/\/twitter.com\/press_tix\/","https:\/\/www.youtube.com\/channel\/UCv608FueLovTZSdmpB9MDTw","https:\/\/www.instagram.com\/presstix\/"]}]}},"_links":{"self":[{"href":"https:\/\/presstix.com\/info\/wp-json\/wp\/v2\/pages\/2533","targetHints":{"allow":["GET"]}}],"collection":[{"href":"https:\/\/presstix.com\/info\/wp-json\/wp\/v2\/pages"}],"about":[{"href":"https:\/\/presstix.com\/info\/wp-json\/wp\/v2\/types\/page"}],"author":[{"embeddable":true,"href":"https:\/\/presstix.com\/info\/wp-json\/wp\/v2\/users\/1"}],"replies":[{"embeddable":true,"href":"https:\/\/presstix.com\/info\/wp-json\/wp\/v2\/comments?post=2533"}],"version-history":[{"count":25,"href":"https:\/\/presstix.com\/info\/wp-json\/wp\/v2\/pages\/2533\/revisions"}],"predecessor-version":[{"id":2894,"href":"https:\/\/presstix.com\/info\/wp-json\/wp\/v2\/pages\/2533\/revisions\/2894"}],"wp:attachment":[{"href":"https:\/\/presstix.com\/info\/wp-json\/wp\/v2\/media?parent=2533"}],"curies":[{"name":"wp","href":"https:\/\/api.w.org\/{rel}","templated":true}]}}