{"id":2354,"date":"2025-05-24T04:37:24","date_gmt":"2025-05-24T04:37:24","guid":{"rendered":"https:\/\/presstix.com\/info\/?page_id=2354"},"modified":"2026-01-04T07:57:10","modified_gmt":"2026-01-04T07:57:10","slug":"quand-vais-je-recevoir-mes-recettes","status":"publish","type":"page","link":"https:\/\/presstix.com\/info\/quand-vais-je-recevoir-mes-recettes\/","title":{"rendered":"Quand vais-je recevoir mes recettes ?"},"content":{"rendered":"<div class=\"wpb-content-wrapper\">[vc_row][vc_column offset=&#8221;vc_hidden-lg vc_hidden-md&#8221;][vc_single_image image=&#8221;1720&#8243; img_size=&#8221;full&#8221; css=&#8221;&#8221;][\/vc_column][\/vc_row][vc_row][vc_column offset=&#8221;vc_hidden-sm vc_hidden-xs&#8221;][vc_single_image image=&#8221;2747&#8243; img_size=&#8221;full&#8221; css=&#8221;&#8221;][\/vc_column][\/vc_row][vc_row][vc_column width=&#8221;2\/3&#8243;][vc_column_text css=&#8221;&#8221;]\n<h3><span style=\"color: #000000;\">Quand vais-je recevoir mes recettes ?<\/span><\/h3>\n<p><span style=\"color: #000000;\">Vous recevrez vos recettes dans un d\u00e9lai de 72 heures apr\u00e8s la fin de votre \u00e9v\u00e9nement. Ce d\u00e9lai est n\u00e9cessaire pour :<\/span><\/p>\n<ul>\n<li><span style=\"color: #000000;\">&#8211; V\u00e9rifier les ventes finales<\/span><\/li>\n<li><span style=\"color: #000000;\">&#8211; Traiter les remboursements \u00e9ventuels<\/span><\/li>\n<li><span style=\"color: #000000;\">&#8211; Garantir la s\u00e9curit\u00e9 des transactions<\/span><\/li>\n<\/ul>\n<h4><span style=\"color: #000000;\">Quels sont les modes de paiement disponibles ?<\/span><\/h4>\n<p><span style=\"color: #000000;\">Vous pouvez choisir le moyen de paiement qui vous convient le mieux :<\/span><\/p>\n<ul>\n<li><span style=\"color: #000000;\">&#8211; Virement bancaire (compte professionnel ou personnel)<\/span><\/li>\n<li><span style=\"color: #000000;\">&#8211; Mobile money (Wave, Orange Money, Free Money, etc.)<\/span><\/li>\n<li><span style=\"color: #000000;\">&#8211; Paiement fractionn\u00e9 (sur demande, pour les gros \u00e9v\u00e9nements)<\/span><\/li>\n<\/ul>\n<h4><span style=\"color: #000000;\">Comment savoir combien je vais toucher ?<\/span><\/h4>\n<p><span style=\"color: #000000;\">Depuis votre tableau de bord PressTix, vous pouvez :<\/span><\/p>\n<ul>\n<li><span style=\"color: #000000;\">&#8211; Suivre vos ventes en temps r\u00e9el<\/span><\/li>\n<li><span style=\"color: #000000;\">&#8211; Visualiser les frais de service appliqu\u00e9s<\/span><\/li>\n<li><span style=\"color: #000000;\">&#8211; T\u00e9l\u00e9charger un relev\u00e9 complet de vos recettes et commissions<\/span><\/li>\n<\/ul>\n<h4><span style=\"color: #000000;\">Besoin d\u2019un paiement anticip\u00e9 ?<\/span><\/h4>\n<p style=\"text-align: justify;\"><span style=\"color: #000000;\">Pour les \u00e9v\u00e9nements majeurs ou les promoteurs r\u00e9guliers, un paiement anticip\u00e9 (partiel ou total) peut \u00eatre n\u00e9goci\u00e9. Contactez notre \u00e9quipe via <span style=\"color: #f58236;\"><a style=\"color: #f58236;\" href=\"mailto:support@presstix.sn\">support@presstix.sn<\/a><\/span> pour discuter des conditions.<\/span><\/p>\n<h4><span style=\"color: #000000;\">S\u00e9curit\u00e9 &amp; transparence<\/span><\/h4>\n<ul>\n<li><span style=\"color: #000000;\">&#8211; Tous les paiements sont tra\u00e7ables et document\u00e9s<\/span><\/li>\n<li><span style=\"color: #000000;\">&#8211; Vos fonds sont s\u00e9curis\u00e9s sur un compte d\u00e9di\u00e9 jusqu\u2019au versement<\/span><\/li>\n<li><span style=\"color: #000000;\">&#8211; Une facture d\u00e9taill\u00e9e vous est fournie automatiquement apr\u00e8s chaque virement<\/span><\/li>\n<\/ul>\n<h4><span style=\"color: #000000;\">Support d\u00e9di\u00e9<\/span><\/h4>\n<p><span style=\"color: #000000;\">Vous avez des questions ? Notre \u00e9quipe est disponible 7j\/7 pour vous accompagner.<\/span><\/p>\n<ul>\n<li><span style=\"color: #000000;\">&#8211; Email : <span style=\"color: #f58236;\"><a style=\"color: #f58236;\" href=\"mailto:support@presstix.sn\">support@presstix.sn<\/a><\/span><\/span><\/li>\n<li><span style=\"color: #000000;\">&#8211; WhatsApp : +221 77 474 8260 \/ 77 655 2749<\/span><\/li>\n<\/ul>\n<hr \/>\n[\/vc_column_text][\/vc_column][vc_column width=&#8221;1\/3&#8243;][vc_column_text css=&#8221;&#8221;]\n<h4 class=\"bwl-kb-category-title\"><span style=\"color: #000000;\"><a style=\"color: #000000;\" title=\"Cr\u00e9er votre compte Organisateur\" href=\"https:\/\/presstix.com\/support\/questions-reponses\/categorie\/creer-votre-compte-organisateur\/\">Plus sur votre compte Organisateur <\/a><\/span><\/h4>\n<p><span style=\"color: #4e874e;\"><a style=\"color: #4e874e;\" title=\"Dois-je ouvrir un compte pour pouvoir acheter un ticket?\" href=\"https:\/\/presstix.com\/support\/questions-reponses\/achat-de-ticket-en-ligne\/dois-je-ouvrir-un-compte-pour-acheter-un-ticket\/\">Dois-je ouvrir un compte pour pouvoir acheter un ticket?<\/a><\/span><\/p>\n<p><span style=\"color: #4e874e;\"><a style=\"color: #4e874e;\" title=\"(Image) Comment g\u00e9rer mes inscriptions aux alertes et newsletters ?\" href=\"https:\/\/presstix.com\/support\/questions-reponses\/compte-utilisateur\/theme-copyright-myths\/\">(Image) Comment g\u00e9rer mes inscriptions aux alertes et newsletters ?<\/a><\/span><\/p>\n<p><span style=\"color: #4e874e;\"><a style=\"color: #4e874e;\" title=\"Comment modifier mes donn\u00e9es personnelles en tant que Promoteur? ?\" href=\"https:\/\/presstix.com\/support\/questions-reponses\/compte-organisateur\/comment-modifier-mes-donnees-personnelles-en-tant-que-promoteur\/\">Comment modifier mes donn\u00e9es personnelles en tant que Promoteur? ?<\/a><\/span><\/p>\n<p><span style=\"color: #4e874e;\"><a style=\"color: #4e874e;\" title=\"(Images) Ou est ma boite de r\u00e9ception et comment lire mes messages?\" href=\"https:\/\/presstix.com\/support\/questions-reponses\/compte-organisateur\/ou-est-ma-boite-de-reception-et-comment-lire-mes-messages\/\">(Images) Ou est ma boite de r\u00e9ception et comment lire mes messages?<\/a><\/span><\/p>\n<p><a title=\"Comment publier mon \u00e9v\u00e9nement sur PressTix ?\" href=\"https:\/\/presstix.com\/support\/questions-reponses\/creation-devenement\/comment-publier-mon-evenement-sur-presstix\/\"><span style=\"color: #4e874e;\">Comment publier mon \u00e9v\u00e9nement sur PressTix ?<\/span><\/a>[\/vc_column_text][vc_empty_space height=&#8221;12px&#8221;][vc_single_image image=&#8221;2697&#8243; img_size=&#8221;full&#8221; css=&#8221;&#8221;][vc_column_text css=&#8221;&#8221;]\n<h4 class=\"bwl-kb-category-title\"><a title=\"Vente de ticket\" href=\"https:\/\/presstix.com\/support\/questions-reponses\/categorie\/vente-de-ticket\/\"><span style=\"color: #000000;\">Vente de ticket<\/span> <\/a><\/h4>\n<p><span style=\"color: #4e874e;\"><a style=\"color: #4e874e;\" title=\"Puis je publier plusieurs \u00e9v\u00e8nements \u00e0 la fois ?\" href=\"https:\/\/presstix.com\/support\/questions-reponses\/compte-organisateur\/puis-je-publier-plusieurs-evenements-a-la-fois\/\">Puis je publier plusieurs \u00e9v\u00e8nements \u00e0 la fois ?<\/a><\/span><\/p>\n<p><span style=\"color: #4e874e;\"><a style=\"color: #4e874e;\" title=\"(Image) Comment puis-je suivre mes ventes en temps r\u00e9el ?\" href=\"https:\/\/presstix.com\/support\/questions-reponses\/app-organisateur\/image-comment-puis-je-suivre-mes-ventes-en-temps-reel\/\">(Image) Comment puis-je suivre mes ventes en temps r\u00e9el ?<\/a><\/span><\/p>\n<p><span style=\"color: #4e874e;\"><a style=\"color: #4e874e;\" title=\"(Vid\u00e9o)Puis-je vendre des billets physiques avec PressTix ?\" href=\"https:\/\/presstix.com\/support\/questions-reponses\/creation-devenement\/videopuis-je-vendre-des-billets-physiques-avec-presstix\/\">(Vid\u00e9o)Puis-je vendre des billets physiques avec PressTix ?<\/a><\/span><\/p>\n<p><span style=\"color: #4e874e;\"><a style=\"color: #4e874e;\" title=\"Combien de tickets puis je vendre sur PressTix ?\" href=\"https:\/\/presstix.com\/support\/questions-reponses\/compte-organisateur\/combien-de-tickets-puis-je-vendre-sur-presstix\/\">Combien de tickets puis je vendre sur PressTix ?<\/a><\/span><\/p>\n<p><a title=\"(Image) Puis accepter des dons pour mon \u00e9v\u00e8nement ?\" href=\"https:\/\/presstix.com\/support\/questions-reponses\/compte-organisateur\/puis-accepter-des-dons-pour-mon-evenement\/\"><span style=\"color: #4e874e;\">(Image) Puis accepter des dons pour mon \u00e9v\u00e8nement ?<\/span><\/a>[\/vc_column_text][\/vc_column][\/vc_row]\n<\/div>","protected":false},"excerpt":{"rendered":"<p>[vc_row][vc_column offset=&#8221;vc_hidden-lg vc_hidden-md&#8221;][vc_single_image image=&#8221;1720&#8243; img_size=&#8221;full&#8221; css=&#8221;&#8221;][\/vc_column][\/vc_row][vc_row][vc_column offset=&#8221;vc_hidden-sm vc_hidden-xs&#8221;][vc_single_image image=&#8221;2747&#8243; img_size=&#8221;full&#8221; css=&#8221;&#8221;][\/vc_column][\/vc_row][vc_row][vc_column width=&#8221;2\/3&#8243;][vc_column_text css=&#8221;&#8221;] Quand vais-je recevoir mes recettes ? Vous recevrez vos recettes dans un d\u00e9lai de 72 heures apr\u00e8s la fin de votre \u00e9v\u00e9nement. Ce d\u00e9lai est n\u00e9cessaire pour : &#8211; V\u00e9rifier les ventes finales &#8211; Traiter les remboursements \u00e9ventuels &#8211; Garantir la s\u00e9curit\u00e9 [&hellip;]<\/p>\n","protected":false},"author":1,"featured_media":1694,"parent":0,"menu_order":0,"comment_status":"closed","ping_status":"closed","template":"","meta":{"content-type":"","footnotes":""},"class_list":["post-2354","page","type-page","status-publish","has-post-thumbnail","hentry"],"yoast_head":"<!-- This site is optimized with the Yoast SEO plugin v27.5 - https:\/\/yoast.com\/product\/yoast-seo-wordpress\/ -->\n<title>Quand vais-je recevoir mes recettes ? - Tout savoir sur PressTix<\/title>\n<meta name=\"description\" content=\"Vous recevrez vos recettes dans un d\u00e9lai de 48 heures apr\u00e8s la fin de votre \u00e9v\u00e9nement. Ce d\u00e9lai est n\u00e9cessaire pour :V\u00e9rifier les ventes finales. Traiter les remboursements \u00e9ventuels. Garantir la s\u00e9curit\u00e9 des transactions\" \/>\n<meta name=\"robots\" content=\"index, follow, max-snippet:-1, max-image-preview:large, max-video-preview:-1\" \/>\n<link rel=\"canonical\" href=\"https:\/\/presstix.com\/info\/quand-vais-je-recevoir-mes-recettes\/\" \/>\n<meta property=\"og:locale\" content=\"fr_FR\" \/>\n<meta property=\"og:type\" content=\"article\" \/>\n<meta property=\"og:title\" content=\"Quand vais-je recevoir mes recettes ? - Tout savoir sur PressTix\" \/>\n<meta property=\"og:description\" content=\"Vous recevrez vos recettes dans un d\u00e9lai de 48 heures apr\u00e8s la fin de votre \u00e9v\u00e9nement. Ce d\u00e9lai est n\u00e9cessaire pour :V\u00e9rifier les ventes finales. Traiter les remboursements \u00e9ventuels. Garantir la s\u00e9curit\u00e9 des transactions\" \/>\n<meta property=\"og:url\" content=\"https:\/\/presstix.com\/info\/quand-vais-je-recevoir-mes-recettes\/\" \/>\n<meta property=\"og:site_name\" content=\"Tout savoir sur PressTix\" \/>\n<meta property=\"article:publisher\" content=\"https:\/\/www.facebook.com\/presstix\" \/>\n<meta property=\"article:modified_time\" content=\"2026-01-04T07:57:10+00:00\" \/>\n<meta property=\"og:image\" content=\"https:\/\/presstix.com\/info\/wp-content\/uploads\/2023\/06\/1520235429161.jpg\" \/>\n\t<meta property=\"og:image:width\" content=\"1396\" \/>\n\t<meta property=\"og:image:height\" content=\"920\" \/>\n\t<meta property=\"og:image:type\" content=\"image\/jpeg\" \/>\n<meta name=\"twitter:card\" content=\"summary_large_image\" \/>\n<meta name=\"twitter:label1\" content=\"Dur\u00e9e de lecture estim\u00e9e\" \/>\n\t<meta name=\"twitter:data1\" content=\"3 minutes\" \/>\n<script type=\"application\/ld+json\" class=\"yoast-schema-graph\">{\"@context\":\"https:\\\/\\\/schema.org\",\"@graph\":[{\"@type\":\"WebPage\",\"@id\":\"https:\\\/\\\/presstix.com\\\/info\\\/quand-vais-je-recevoir-mes-recettes\\\/\",\"url\":\"https:\\\/\\\/presstix.com\\\/info\\\/quand-vais-je-recevoir-mes-recettes\\\/\",\"name\":\"Quand vais-je recevoir mes recettes ? - Tout savoir sur PressTix\",\"isPartOf\":{\"@id\":\"https:\\\/\\\/presstix.com\\\/info\\\/#website\"},\"primaryImageOfPage\":{\"@id\":\"https:\\\/\\\/presstix.com\\\/info\\\/quand-vais-je-recevoir-mes-recettes\\\/#primaryimage\"},\"image\":{\"@id\":\"https:\\\/\\\/presstix.com\\\/info\\\/quand-vais-je-recevoir-mes-recettes\\\/#primaryimage\"},\"thumbnailUrl\":\"https:\\\/\\\/presstix.com\\\/info\\\/wp-content\\\/uploads\\\/2023\\\/06\\\/1520235429161.jpg\",\"datePublished\":\"2025-05-24T04:37:24+00:00\",\"dateModified\":\"2026-01-04T07:57:10+00:00\",\"description\":\"Vous recevrez vos recettes dans un d\u00e9lai de 48 heures apr\u00e8s la fin de votre \u00e9v\u00e9nement. Ce d\u00e9lai est n\u00e9cessaire pour :V\u00e9rifier les ventes finales. Traiter les remboursements \u00e9ventuels. Garantir la s\u00e9curit\u00e9 des transactions\",\"breadcrumb\":{\"@id\":\"https:\\\/\\\/presstix.com\\\/info\\\/quand-vais-je-recevoir-mes-recettes\\\/#breadcrumb\"},\"inLanguage\":\"fr-FR\",\"potentialAction\":[{\"@type\":\"ReadAction\",\"target\":[\"https:\\\/\\\/presstix.com\\\/info\\\/quand-vais-je-recevoir-mes-recettes\\\/\"]}]},{\"@type\":\"ImageObject\",\"inLanguage\":\"fr-FR\",\"@id\":\"https:\\\/\\\/presstix.com\\\/info\\\/quand-vais-je-recevoir-mes-recettes\\\/#primaryimage\",\"url\":\"https:\\\/\\\/presstix.com\\\/info\\\/wp-content\\\/uploads\\\/2023\\\/06\\\/1520235429161.jpg\",\"contentUrl\":\"https:\\\/\\\/presstix.com\\\/info\\\/wp-content\\\/uploads\\\/2023\\\/06\\\/1520235429161.jpg\",\"width\":1396,\"height\":920},{\"@type\":\"BreadcrumbList\",\"@id\":\"https:\\\/\\\/presstix.com\\\/info\\\/quand-vais-je-recevoir-mes-recettes\\\/#breadcrumb\",\"itemListElement\":[{\"@type\":\"ListItem\",\"position\":1,\"name\":\"Acceuil\",\"item\":\"https:\\\/\\\/presstix.com\\\/info\\\/\"},{\"@type\":\"ListItem\",\"position\":2,\"name\":\"Quand vais-je recevoir mes recettes ?\"}]},{\"@type\":\"WebSite\",\"@id\":\"https:\\\/\\\/presstix.com\\\/info\\\/#website\",\"url\":\"https:\\\/\\\/presstix.com\\\/info\\\/\",\"name\":\"PressTix Info\",\"description\":\"\",\"publisher\":{\"@id\":\"https:\\\/\\\/presstix.com\\\/info\\\/#organization\"},\"potentialAction\":[{\"@type\":\"SearchAction\",\"target\":{\"@type\":\"EntryPoint\",\"urlTemplate\":\"https:\\\/\\\/presstix.com\\\/info\\\/?s={search_term_string}\"},\"query-input\":{\"@type\":\"PropertyValueSpecification\",\"valueRequired\":true,\"valueName\":\"search_term_string\"}}],\"inLanguage\":\"fr-FR\"},{\"@type\":\"Organization\",\"@id\":\"https:\\\/\\\/presstix.com\\\/info\\\/#organization\",\"name\":\"PressTix\",\"url\":\"https:\\\/\\\/presstix.com\\\/info\\\/\",\"logo\":{\"@type\":\"ImageObject\",\"inLanguage\":\"fr-FR\",\"@id\":\"https:\\\/\\\/presstix.com\\\/info\\\/#\\\/schema\\\/logo\\\/image\\\/\",\"url\":\"https:\\\/\\\/i0.wp.com\\\/presstix.com\\\/info\\\/wp-content\\\/uploads\\\/2024\\\/12\\\/cropped-p-carre-vert.png?fit=512%2C512&ssl=1\",\"contentUrl\":\"https:\\\/\\\/i0.wp.com\\\/presstix.com\\\/info\\\/wp-content\\\/uploads\\\/2024\\\/12\\\/cropped-p-carre-vert.png?fit=512%2C512&ssl=1\",\"width\":512,\"height\":512,\"caption\":\"PressTix\"},\"image\":{\"@id\":\"https:\\\/\\\/presstix.com\\\/info\\\/#\\\/schema\\\/logo\\\/image\\\/\"},\"sameAs\":[\"https:\\\/\\\/www.facebook.com\\\/presstix\",\"https:\\\/\\\/www.linkedin.com\\\/company\\\/presstix\",\"https:\\\/\\\/twitter.com\\\/press_tix\\\/\",\"https:\\\/\\\/www.youtube.com\\\/channel\\\/UCv608FueLovTZSdmpB9MDTw\",\"https:\\\/\\\/www.instagram.com\\\/presstix\\\/\"]}]}<\/script>\n<!-- \/ Yoast SEO plugin. -->","yoast_head_json":{"title":"Quand vais-je recevoir mes recettes ? - Tout savoir sur PressTix","description":"Vous recevrez vos recettes dans un d\u00e9lai de 48 heures apr\u00e8s la fin de votre \u00e9v\u00e9nement. Ce d\u00e9lai est n\u00e9cessaire pour :V\u00e9rifier les ventes finales. Traiter les remboursements \u00e9ventuels. Garantir la s\u00e9curit\u00e9 des transactions","robots":{"index":"index","follow":"follow","max-snippet":"max-snippet:-1","max-image-preview":"max-image-preview:large","max-video-preview":"max-video-preview:-1"},"canonical":"https:\/\/presstix.com\/info\/quand-vais-je-recevoir-mes-recettes\/","og_locale":"fr_FR","og_type":"article","og_title":"Quand vais-je recevoir mes recettes ? - Tout savoir sur PressTix","og_description":"Vous recevrez vos recettes dans un d\u00e9lai de 48 heures apr\u00e8s la fin de votre \u00e9v\u00e9nement. Ce d\u00e9lai est n\u00e9cessaire pour :V\u00e9rifier les ventes finales. Traiter les remboursements \u00e9ventuels. Garantir la s\u00e9curit\u00e9 des transactions","og_url":"https:\/\/presstix.com\/info\/quand-vais-je-recevoir-mes-recettes\/","og_site_name":"Tout savoir sur PressTix","article_publisher":"https:\/\/www.facebook.com\/presstix","article_modified_time":"2026-01-04T07:57:10+00:00","og_image":[{"width":1396,"height":920,"url":"https:\/\/presstix.com\/info\/wp-content\/uploads\/2023\/06\/1520235429161.jpg","type":"image\/jpeg"}],"twitter_card":"summary_large_image","twitter_misc":{"Dur\u00e9e de lecture estim\u00e9e":"3 minutes"},"schema":{"@context":"https:\/\/schema.org","@graph":[{"@type":"WebPage","@id":"https:\/\/presstix.com\/info\/quand-vais-je-recevoir-mes-recettes\/","url":"https:\/\/presstix.com\/info\/quand-vais-je-recevoir-mes-recettes\/","name":"Quand vais-je recevoir mes recettes ? - Tout savoir sur PressTix","isPartOf":{"@id":"https:\/\/presstix.com\/info\/#website"},"primaryImageOfPage":{"@id":"https:\/\/presstix.com\/info\/quand-vais-je-recevoir-mes-recettes\/#primaryimage"},"image":{"@id":"https:\/\/presstix.com\/info\/quand-vais-je-recevoir-mes-recettes\/#primaryimage"},"thumbnailUrl":"https:\/\/presstix.com\/info\/wp-content\/uploads\/2023\/06\/1520235429161.jpg","datePublished":"2025-05-24T04:37:24+00:00","dateModified":"2026-01-04T07:57:10+00:00","description":"Vous recevrez vos recettes dans un d\u00e9lai de 48 heures apr\u00e8s la fin de votre \u00e9v\u00e9nement. Ce d\u00e9lai est n\u00e9cessaire pour :V\u00e9rifier les ventes finales. Traiter les remboursements \u00e9ventuels. Garantir la s\u00e9curit\u00e9 des transactions","breadcrumb":{"@id":"https:\/\/presstix.com\/info\/quand-vais-je-recevoir-mes-recettes\/#breadcrumb"},"inLanguage":"fr-FR","potentialAction":[{"@type":"ReadAction","target":["https:\/\/presstix.com\/info\/quand-vais-je-recevoir-mes-recettes\/"]}]},{"@type":"ImageObject","inLanguage":"fr-FR","@id":"https:\/\/presstix.com\/info\/quand-vais-je-recevoir-mes-recettes\/#primaryimage","url":"https:\/\/presstix.com\/info\/wp-content\/uploads\/2023\/06\/1520235429161.jpg","contentUrl":"https:\/\/presstix.com\/info\/wp-content\/uploads\/2023\/06\/1520235429161.jpg","width":1396,"height":920},{"@type":"BreadcrumbList","@id":"https:\/\/presstix.com\/info\/quand-vais-je-recevoir-mes-recettes\/#breadcrumb","itemListElement":[{"@type":"ListItem","position":1,"name":"Acceuil","item":"https:\/\/presstix.com\/info\/"},{"@type":"ListItem","position":2,"name":"Quand vais-je recevoir mes recettes ?"}]},{"@type":"WebSite","@id":"https:\/\/presstix.com\/info\/#website","url":"https:\/\/presstix.com\/info\/","name":"PressTix Info","description":"","publisher":{"@id":"https:\/\/presstix.com\/info\/#organization"},"potentialAction":[{"@type":"SearchAction","target":{"@type":"EntryPoint","urlTemplate":"https:\/\/presstix.com\/info\/?s={search_term_string}"},"query-input":{"@type":"PropertyValueSpecification","valueRequired":true,"valueName":"search_term_string"}}],"inLanguage":"fr-FR"},{"@type":"Organization","@id":"https:\/\/presstix.com\/info\/#organization","name":"PressTix","url":"https:\/\/presstix.com\/info\/","logo":{"@type":"ImageObject","inLanguage":"fr-FR","@id":"https:\/\/presstix.com\/info\/#\/schema\/logo\/image\/","url":"https:\/\/i0.wp.com\/presstix.com\/info\/wp-content\/uploads\/2024\/12\/cropped-p-carre-vert.png?fit=512%2C512&ssl=1","contentUrl":"https:\/\/i0.wp.com\/presstix.com\/info\/wp-content\/uploads\/2024\/12\/cropped-p-carre-vert.png?fit=512%2C512&ssl=1","width":512,"height":512,"caption":"PressTix"},"image":{"@id":"https:\/\/presstix.com\/info\/#\/schema\/logo\/image\/"},"sameAs":["https:\/\/www.facebook.com\/presstix","https:\/\/www.linkedin.com\/company\/presstix","https:\/\/twitter.com\/press_tix\/","https:\/\/www.youtube.com\/channel\/UCv608FueLovTZSdmpB9MDTw","https:\/\/www.instagram.com\/presstix\/"]}]}},"_links":{"self":[{"href":"https:\/\/presstix.com\/info\/wp-json\/wp\/v2\/pages\/2354","targetHints":{"allow":["GET"]}}],"collection":[{"href":"https:\/\/presstix.com\/info\/wp-json\/wp\/v2\/pages"}],"about":[{"href":"https:\/\/presstix.com\/info\/wp-json\/wp\/v2\/types\/page"}],"author":[{"embeddable":true,"href":"https:\/\/presstix.com\/info\/wp-json\/wp\/v2\/users\/1"}],"replies":[{"embeddable":true,"href":"https:\/\/presstix.com\/info\/wp-json\/wp\/v2\/comments?post=2354"}],"version-history":[{"count":10,"href":"https:\/\/presstix.com\/info\/wp-json\/wp\/v2\/pages\/2354\/revisions"}],"predecessor-version":[{"id":2827,"href":"https:\/\/presstix.com\/info\/wp-json\/wp\/v2\/pages\/2354\/revisions\/2827"}],"wp:featuredmedia":[{"embeddable":true,"href":"https:\/\/presstix.com\/info\/wp-json\/wp\/v2\/media\/1694"}],"wp:attachment":[{"href":"https:\/\/presstix.com\/info\/wp-json\/wp\/v2\/media?parent=2354"}],"curies":[{"name":"wp","href":"https:\/\/api.w.org\/{rel}","templated":true}]}}