{"id":1937,"date":"2025-01-18T20:00:40","date_gmt":"2025-01-18T20:00:40","guid":{"rendered":"https:\/\/presstix.com\/info\/?page_id=1937"},"modified":"2026-04-02T21:25:21","modified_gmt":"2026-04-02T21:25:21","slug":"faites-votre-promotion","status":"publish","type":"page","link":"https:\/\/presstix.com\/info\/faites-votre-promotion\/","title":{"rendered":"Faites votre Promotion"},"content":{"rendered":"<div class=\"wpb-content-wrapper\">[vc_row][vc_column][vc_column_text css=&#8221;&#8221;]\n<h4><span style=\"color: #000000;\">Faites votre Promotion<\/span><\/h4>\n[\/vc_column_text][\/vc_column][\/vc_row][vc_row][vc_column width=&#8221;2\/3&#8243;][vc_column_text css=&#8221;&#8221;]\n<h4><a href=\"https:\/\/presstix.com\/info\/booster-votre-evenement\/\"><img fetchpriority=\"high\" decoding=\"async\" class=\"aligncenter size-full wp-image-1941\" src=\"https:\/\/presstix.com\/info\/wp-content\/uploads\/2025\/01\/Krontiva-Africa.jpg\" alt=\"\" width=\"1430\" height=\"834\" srcset=\"https:\/\/presstix.com\/info\/wp-content\/uploads\/2025\/01\/Krontiva-Africa.jpg 1430w, https:\/\/presstix.com\/info\/wp-content\/uploads\/2025\/01\/Krontiva-Africa-600x350.jpg 600w, https:\/\/presstix.com\/info\/wp-content\/uploads\/2025\/01\/Krontiva-Africa-300x175.jpg 300w, https:\/\/presstix.com\/info\/wp-content\/uploads\/2025\/01\/Krontiva-Africa-1024x597.jpg 1024w, https:\/\/presstix.com\/info\/wp-content\/uploads\/2025\/01\/Krontiva-Africa-768x448.jpg 768w\" sizes=\"(max-width: 1430px) 100vw, 1430px\" \/><\/a><span style=\"color: #497549;\"><a style=\"color: #497549;\" href=\"https:\/\/presstix.com\/info\/booster-votre-evenement\/\">Boostez vos \u00c9v\u00e9nements<\/a><\/span><\/h4>\n<p><span style=\"color: #000000;\">B\u00e9n\u00e9ficiez d\u2019un engagement 10 fois plus \u00e9lev\u00e9 que les formats d\u2019annonces classiq&#8230;<\/span><a href=\"https:\/\/presstix.com\/info\/booster-votre-evenement\/\"><span style=\"color: #497549;\"> (<\/span><\/a><span style=\"color: #339966;\"><a style=\"color: #339966;\" href=\"https:\/\/presstix.com\/info\/multipliez-la-visibilite-de-votre-evenement\/#top-page\">Lire<\/a><\/span><a href=\"https:\/\/presstix.com\/info\/booster-votre-evenement\/\"><span style=\"color: #497549;\">)<\/span><\/a><\/p>\n<hr \/>\n<h4><span style=\"color: #497549;\"><a href=\"https:\/\/presstix.com\/info\/passez-votre-publicite-sur-presstix\/\"> <img decoding=\"async\" class=\"aligncenter size-full wp-image-1940\" src=\"https:\/\/presstix.com\/info\/wp-content\/uploads\/2025\/01\/new-fellowship.jpg\" alt=\"\" width=\"1440\" height=\"680\" srcset=\"https:\/\/presstix.com\/info\/wp-content\/uploads\/2025\/01\/new-fellowship.jpg 1440w, https:\/\/presstix.com\/info\/wp-content\/uploads\/2025\/01\/new-fellowship-600x283.jpg 600w, https:\/\/presstix.com\/info\/wp-content\/uploads\/2025\/01\/new-fellowship-300x142.jpg 300w, https:\/\/presstix.com\/info\/wp-content\/uploads\/2025\/01\/new-fellowship-1024x484.jpg 1024w, https:\/\/presstix.com\/info\/wp-content\/uploads\/2025\/01\/new-fellowship-768x363.jpg 768w\" sizes=\"(max-width: 1440px) 100vw, 1440px\" \/><\/a><a style=\"color: #497549;\" href=\"https:\/\/presstix.com\/info\/passez-votre-publicite-sur-presstix\/\">Votre Publicit\u00e9 sur PressTix<\/a><\/span><\/h4>\n<p><span style=\"color: #000000;\">\u00a0L\u2019identit\u00e9 visuelle de votre \u00e9v\u00e8nement doit cr\u00e9er dans l\u2019esprit du public une impression favor&#8230;<\/span> <a href=\"https:\/\/presstix.com\/info\/passez-votre-publicite-sur-presstix\/\"><span style=\"color: #497549;\">(Lire)<\/span><\/a><\/p>\n<hr \/>\n<h4><span style=\"color: #497549;\"><a href=\"https:\/\/presstix.com\/info\/decouvrez-le-presstix-digital-network\/\"><img decoding=\"async\" class=\"aligncenter size-full wp-image-1939\" src=\"https:\/\/presstix.com\/info\/wp-content\/uploads\/2025\/01\/dngtjo36ojgnlee9cczh5apcdqfap1vsu7qewaa2dgbkdg8ms0v7dmxsbnmc5toy-.jpg\" alt=\"\" width=\"1820\" height=\"1112\" srcset=\"https:\/\/presstix.com\/info\/wp-content\/uploads\/2025\/01\/dngtjo36ojgnlee9cczh5apcdqfap1vsu7qewaa2dgbkdg8ms0v7dmxsbnmc5toy-.jpg 1820w, https:\/\/presstix.com\/info\/wp-content\/uploads\/2025\/01\/dngtjo36ojgnlee9cczh5apcdqfap1vsu7qewaa2dgbkdg8ms0v7dmxsbnmc5toy--600x367.jpg 600w, https:\/\/presstix.com\/info\/wp-content\/uploads\/2025\/01\/dngtjo36ojgnlee9cczh5apcdqfap1vsu7qewaa2dgbkdg8ms0v7dmxsbnmc5toy--300x183.jpg 300w, https:\/\/presstix.com\/info\/wp-content\/uploads\/2025\/01\/dngtjo36ojgnlee9cczh5apcdqfap1vsu7qewaa2dgbkdg8ms0v7dmxsbnmc5toy--1024x626.jpg 1024w, https:\/\/presstix.com\/info\/wp-content\/uploads\/2025\/01\/dngtjo36ojgnlee9cczh5apcdqfap1vsu7qewaa2dgbkdg8ms0v7dmxsbnmc5toy--768x469.jpg 768w, https:\/\/presstix.com\/info\/wp-content\/uploads\/2025\/01\/dngtjo36ojgnlee9cczh5apcdqfap1vsu7qewaa2dgbkdg8ms0v7dmxsbnmc5toy--1536x938.jpg 1536w\" sizes=\"(max-width: 1820px) 100vw, 1820px\" \/><\/a><a href=\"https:\/\/presstix.com\/info\/decouvrez-le-presstix-digital-network\/\"><span style=\"color: #497549;\">Boostez votre Publicit\u00e9<\/span><\/a><\/span><\/h4>\n<p><span style=\"color: #000000;\">En choisissant de passer votre publicit\u00e9 sur le PressTix Digital Network, vous b\u00e9n\u00e9fici&#8230;<\/span> <a href=\"https:\/\/presstix.com\/info\/decouvrez-le-presstix-digital-network\/\"><span style=\"color: #497549;\">(Lire)<\/span><\/a>[\/vc_column_text][vc_single_image image=&#8221;2978&#8243; img_size=&#8221;full&#8221; onclick=&#8221;custom_link&#8221; css=&#8221;&#8221; link=&#8221;https:\/\/presstix.com\/info\/nos-services-evenementiels\/&#8221;][\/vc_column][vc_column width=&#8221;1\/3&#8243; offset=&#8221;vc_hidden-sm vc_hidden-xs&#8221;][vc_column_text css=&#8221;&#8221;]\n<h4><span style=\"color: #ed7e34;\">Plus sur PressTix<\/span><\/h4>\n<p><span style=\"color: #588758;\"><a style=\"color: #588758;\" href=\"https:\/\/www.youtube.com\/@presstixtv\">&gt; Qui Sommes Nous<\/a><\/span><\/p>\n<p><span style=\"color: #588758;\"><a style=\"color: #588758;\" href=\"https:\/\/presstix.com\/info\/notre-ecosysteme\/\">&gt; Notre EcoSysteme<\/a><\/span><\/p>\n<p><span style=\"color: #588758;\"><a style=\"color: #588758;\" href=\"https:\/\/presstix.com\/info\/notre-positionnement\/\">&gt; Notre Positionnement<\/a><\/span><\/p>\n<p><span style=\"color: #588758;\"><a style=\"color: #588758;\" href=\"https:\/\/presstix.com\/info\/nos-objectifs\/\">&gt;\u00a0<\/a><a style=\"color: #588758;\" href=\"https:\/\/presstix.com\/info\/nos-solutions\/\">Nos Solutions<\/a><\/span><\/p>\n<p><span style=\"color: #588758;\"><a style=\"color: #588758;\" href=\"https:\/\/presstix.com\/info\/decouvrez-le-presstix-digital-network\/\">&gt; Le PressTix Digital Network<\/a><\/span><\/p>\n<p><span style=\"color: #588758;\"><a style=\"color: #588758;\" href=\"https:\/\/presstix.com\/info\/qui-sommes-nous\/#\">&gt; PressTix in the News<\/a><\/span><\/p>\n<p><span style=\"color: #588758;\"><a style=\"color: #588758;\" href=\"https:\/\/presstix.com\/info\/qui-sommes-nous\/#\">&gt; Lead Team<\/a><\/span>[\/vc_column_text][vc_empty_space][vc_single_image image=&#8221;2697&#8243; img_size=&#8221;full&#8221; onclick=&#8221;custom_link&#8221; img_link_target=&#8221;_blank&#8221; css=&#8221;&#8221; link=&#8221;https:\/\/www.youtube.com\/@presstixtv&#8221;][vc_column_text css=&#8221;&#8221;]\n<ul id=\"menu-network\" class=\"menu\">\n<li id=\"menu-item-1134\" class=\"menu-item menu-item-type-custom menu-item-object-custom menu-item-1134\"><a href=\"https:\/\/www.presstix.com\/support\/\"><span style=\"color: #568c56;\">Questions\/R\u00e9ponses<\/span><\/a><\/li>\n<li id=\"menu-item-1093\" class=\"menu-item menu-item-type-custom menu-item-object-custom menu-item-1093\"><span style=\"color: #568c56;\"><a style=\"color: #568c56;\" href=\"https:\/\/presstix.com\/info\/politique-de-confidentialite-de-presstix\/\">Notre Politique de Confidentialit\u00e9<\/a><\/span><\/li>\n<li id=\"menu-item-1488\" class=\"menu-item menu-item-type-custom menu-item-object-custom menu-item-1488\"><span style=\"color: #568c56;\"><a style=\"color: #568c56;\" href=\"https:\/\/presstix.com\/info\/utilisez-presstix-en-toute-securite\/\">Votre S\u00e9curit\u00e9 100% garanti<\/a><\/span><\/li>\n<li id=\"menu-item-1099\" class=\"menu-item menu-item-type-custom menu-item-object-custom menu-item-1099\"><span style=\"color: #568c56;\"><a style=\"color: #568c56;\" href=\"https:\/\/presstix.com\/info\/assistance-technique-de-presstix\/\">Support \u00c9v\u00e8nementiel<\/a><\/span><\/li>\n<li id=\"menu-item-1094\" class=\"menu-item menu-item-type-custom menu-item-object-custom menu-item-1094\"><span style=\"color: #568c56;\"><a style=\"color: #568c56;\" href=\"https:\/\/presstix.com\/info\/evenements-sur-mesure\/\">\u00c9v\u00e8nements sur Mesure<\/a><\/span><\/li>\n<li id=\"menu-item-1095\" class=\"menu-item menu-item-type-custom menu-item-object-custom menu-item-1095\"><span style=\"color: #568c56;\"><a style=\"color: #568c56;\" href=\"https:\/\/presstix.com\/info\/nos-services-web\/\">Marketing \u00c9v\u00e8nementiel<\/a><\/span><\/li>\n<li id=\"menu-item-1096\" class=\"menu-item menu-item-type-custom menu-item-object-custom menu-item-1096\"><span style=\"color: #568c56;\"><a style=\"color: #568c56;\" href=\"https:\/\/presstix.com\/info\/contactez-nous\/\">Contactez Nous<\/a><\/span><\/li>\n<li id=\"menu-item-162\" class=\"menu-item menu-item-type-custom menu-item-object-custom menu-item-162\"><span style=\"color: #568c56;\"><a style=\"color: #568c56;\" href=\"https:\/\/www.presstix.com\/?_gl=1*kxdxr*_ga*MTE2NzE0NzM4NC4xNzM5Mzg2NzMw*_ga_Z51CZHVCMY*czE3NjcwNjMzMjIkbzEwMCRnMSR0MTc2NzA2MzkwNSRqNTkkbDAkaDA.*_ga_J0XBXJKQTC*czE3NjcwNjMzMjIkbzI1JGcxJHQxNzY3MDYzOTA1JGo1OSRsMCRoMA..\">Cr\u00e9er un Compte en 3 steps<\/a><\/span><\/li>\n<li id=\"menu-item-311\" class=\"menu-item menu-item-type-custom menu-item-object-custom menu-item-311\"><span style=\"color: #568c56;\"><a style=\"color: #568c56;\" href=\"https:\/\/presstix.com\/info\/a-propos-de-presstix\/#\">Voir mon Compte<\/a><\/span><\/li>\n<li id=\"menu-item-314\" class=\"menu-item menu-item-type-custom menu-item-object-custom menu-item-314\"><span style=\"color: #568c56;\"><a style=\"color: #568c56;\" href=\"https:\/\/presstix.com\/info\/telechargez-presstix\/\">Installez l\u2019Appli PressTix<\/a><\/span><\/li>\n<li id=\"menu-item-1089\" class=\"menu-item menu-item-type-custom menu-item-object-custom menu-item-1089\"><span style=\"color: #568c56;\"><a style=\"color: #568c56;\" href=\"https:\/\/presstix.com\/info\/achetez-vos-tickets-de-groupe\/\">Vos Tickets de Groupe<\/a><\/span><\/li>\n<li id=\"menu-item-161\" class=\"menu-item menu-item-type-custom menu-item-object-custom menu-item-161\"><span style=\"color: #568c56;\"><a style=\"color: #568c56;\" href=\"https:\/\/presstix.com\/info\/transfert-de-billets\/\">Transf\u00e9rez facilement vos Billets<\/a><\/span><\/li>\n<li id=\"menu-item-1091\" class=\"menu-item menu-item-type-custom menu-item-object-custom menu-item-1091\"><span style=\"color: #568c56;\"><a style=\"color: #568c56;\" href=\"https:\/\/presstix.com\/info\/nos-frais-dutilisation\/\">Nos Frais d\u2019utilisation<\/a><\/span><\/li>\n<li id=\"menu-item-1487\" class=\"menu-item menu-item-type-custom menu-item-object-custom menu-item-1487\"><span style=\"color: #568c56;\"><a style=\"color: #568c56;\" href=\"https:\/\/presstix.com\/info\/annulation-report-et-remboursement\/\">Politique de Remboursement<\/a><\/span><\/li>\n<li id=\"menu-item-1144\" class=\"menu-item menu-item-type-custom menu-item-object-custom menu-item-1144\"><span style=\"color: #568c56;\"><a style=\"color: #568c56;\" href=\"https:\/\/presstix.com\/info\/termes-et-conditions-de-presstix\/\">Nos Conditions d\u2019Utilisation<\/a><\/span><\/li>\n<li id=\"menu-item-1146\" class=\"menu-item menu-item-type-custom menu-item-object-custom menu-item-1146\"><span style=\"color: #568c56;\"><a style=\"color: #568c56;\" href=\"https:\/\/presstix.com\/info\/nos-conditions-generales-de-ventecgv\/\">Nos Conditions de Vente(CGV)<\/a><\/span><\/li>\n<\/ul>\n[\/vc_column_text][vc_empty_space][vc_single_image image=&#8221;2605&#8243; img_size=&#8221;full&#8221; onclick=&#8221;custom_link&#8221; img_link_target=&#8221;_blank&#8221; css=&#8221;&#8221; link=&#8221;https:\/\/www.youtube.com\/@presstixtv&#8221;][\/vc_column][\/vc_row]\n<\/div>","protected":false},"excerpt":{"rendered":"<p>[vc_row][vc_column][vc_column_text css=&#8221;&#8221;] Faites votre Promotion [\/vc_column_text][\/vc_column][\/vc_row][vc_row][vc_column width=&#8221;2\/3&#8243;][vc_column_text css=&#8221;&#8221;] Boostez vos \u00c9v\u00e9nements B\u00e9n\u00e9ficiez d\u2019un engagement 10 fois plus \u00e9lev\u00e9 que les formats d\u2019annonces classiq&#8230; (Lire) Votre Publicit\u00e9 sur PressTix \u00a0L\u2019identit\u00e9 visuelle de votre \u00e9v\u00e8nement doit cr\u00e9er dans l\u2019esprit du public une impression favor&#8230; (Lire) Boostez votre Publicit\u00e9 En choisissant de passer votre publicit\u00e9 sur le PressTix [&hellip;]<\/p>\n","protected":false},"author":1,"featured_media":1959,"parent":0,"menu_order":0,"comment_status":"closed","ping_status":"closed","template":"","meta":{"content-type":"","footnotes":""},"class_list":["post-1937","page","type-page","status-publish","has-post-thumbnail","hentry"],"yoast_head":"<!-- This site is optimized with the Yoast SEO plugin v27.5 - https:\/\/yoast.com\/product\/yoast-seo-wordpress\/ -->\n<title>Faites votre Promotion - Tout savoir sur PressTix<\/title>\n<meta name=\"description\" content=\"De la s\u00e9lection du lieu \u00e0 la logistique totale de l\u2019\u00e9v\u00e9nement, notre mission est d\u2019offrir un service de gestion d\u2019\u00e9v\u00e9nements sophistiqu\u00e9 et professionnel, con\u00e7u en tenant compte de vos buts et objectifs.\" \/>\n<meta name=\"robots\" content=\"index, follow, max-snippet:-1, max-image-preview:large, max-video-preview:-1\" \/>\n<link rel=\"canonical\" href=\"https:\/\/presstix.com\/info\/faites-votre-promotion\/\" \/>\n<meta property=\"og:locale\" content=\"fr_FR\" \/>\n<meta property=\"og:type\" content=\"article\" \/>\n<meta property=\"og:title\" content=\"Faites votre Promotion - Tout savoir sur PressTix\" \/>\n<meta property=\"og:description\" content=\"De la s\u00e9lection du lieu \u00e0 la logistique totale de l\u2019\u00e9v\u00e9nement, notre mission est d\u2019offrir un service de gestion d\u2019\u00e9v\u00e9nements sophistiqu\u00e9 et professionnel, con\u00e7u en tenant compte de vos buts et objectifs.\" \/>\n<meta property=\"og:url\" content=\"https:\/\/presstix.com\/info\/faites-votre-promotion\/\" \/>\n<meta property=\"og:site_name\" content=\"Tout savoir sur PressTix\" \/>\n<meta property=\"article:publisher\" content=\"https:\/\/www.facebook.com\/presstix\" \/>\n<meta property=\"article:modified_time\" content=\"2026-04-02T21:25:21+00:00\" \/>\n<meta property=\"og:image\" content=\"https:\/\/presstix.com\/info\/wp-content\/uploads\/2025\/01\/new-fellowship-1.jpg\" \/>\n\t<meta property=\"og:image:width\" content=\"1440\" \/>\n\t<meta property=\"og:image:height\" content=\"680\" \/>\n\t<meta property=\"og:image:type\" content=\"image\/jpeg\" \/>\n<meta name=\"twitter:card\" content=\"summary_large_image\" \/>\n<meta name=\"twitter:label1\" content=\"Dur\u00e9e de lecture estim\u00e9e\" \/>\n\t<meta name=\"twitter:data1\" content=\"2 minutes\" \/>\n<script type=\"application\/ld+json\" class=\"yoast-schema-graph\">{\"@context\":\"https:\\\/\\\/schema.org\",\"@graph\":[{\"@type\":\"WebPage\",\"@id\":\"https:\\\/\\\/presstix.com\\\/info\\\/faites-votre-promotion\\\/\",\"url\":\"https:\\\/\\\/presstix.com\\\/info\\\/faites-votre-promotion\\\/\",\"name\":\"Faites votre Promotion - Tout savoir sur PressTix\",\"isPartOf\":{\"@id\":\"https:\\\/\\\/presstix.com\\\/info\\\/#website\"},\"primaryImageOfPage\":{\"@id\":\"https:\\\/\\\/presstix.com\\\/info\\\/faites-votre-promotion\\\/#primaryimage\"},\"image\":{\"@id\":\"https:\\\/\\\/presstix.com\\\/info\\\/faites-votre-promotion\\\/#primaryimage\"},\"thumbnailUrl\":\"https:\\\/\\\/presstix.com\\\/info\\\/wp-content\\\/uploads\\\/2025\\\/01\\\/new-fellowship-1.jpg\",\"datePublished\":\"2025-01-18T20:00:40+00:00\",\"dateModified\":\"2026-04-02T21:25:21+00:00\",\"description\":\"De la s\u00e9lection du lieu \u00e0 la logistique totale de l\u2019\u00e9v\u00e9nement, notre mission est d\u2019offrir un service de gestion d\u2019\u00e9v\u00e9nements sophistiqu\u00e9 et professionnel, con\u00e7u en tenant compte de vos buts et objectifs.\",\"breadcrumb\":{\"@id\":\"https:\\\/\\\/presstix.com\\\/info\\\/faites-votre-promotion\\\/#breadcrumb\"},\"inLanguage\":\"fr-FR\",\"potentialAction\":[{\"@type\":\"ReadAction\",\"target\":[\"https:\\\/\\\/presstix.com\\\/info\\\/faites-votre-promotion\\\/\"]}]},{\"@type\":\"ImageObject\",\"inLanguage\":\"fr-FR\",\"@id\":\"https:\\\/\\\/presstix.com\\\/info\\\/faites-votre-promotion\\\/#primaryimage\",\"url\":\"https:\\\/\\\/presstix.com\\\/info\\\/wp-content\\\/uploads\\\/2025\\\/01\\\/new-fellowship-1.jpg\",\"contentUrl\":\"https:\\\/\\\/presstix.com\\\/info\\\/wp-content\\\/uploads\\\/2025\\\/01\\\/new-fellowship-1.jpg\",\"width\":1440,\"height\":680},{\"@type\":\"BreadcrumbList\",\"@id\":\"https:\\\/\\\/presstix.com\\\/info\\\/faites-votre-promotion\\\/#breadcrumb\",\"itemListElement\":[{\"@type\":\"ListItem\",\"position\":1,\"name\":\"Acceuil\",\"item\":\"https:\\\/\\\/presstix.com\\\/info\\\/\"},{\"@type\":\"ListItem\",\"position\":2,\"name\":\"Faites votre Promotion\"}]},{\"@type\":\"WebSite\",\"@id\":\"https:\\\/\\\/presstix.com\\\/info\\\/#website\",\"url\":\"https:\\\/\\\/presstix.com\\\/info\\\/\",\"name\":\"PressTix Info\",\"description\":\"\",\"publisher\":{\"@id\":\"https:\\\/\\\/presstix.com\\\/info\\\/#organization\"},\"potentialAction\":[{\"@type\":\"SearchAction\",\"target\":{\"@type\":\"EntryPoint\",\"urlTemplate\":\"https:\\\/\\\/presstix.com\\\/info\\\/?s={search_term_string}\"},\"query-input\":{\"@type\":\"PropertyValueSpecification\",\"valueRequired\":true,\"valueName\":\"search_term_string\"}}],\"inLanguage\":\"fr-FR\"},{\"@type\":\"Organization\",\"@id\":\"https:\\\/\\\/presstix.com\\\/info\\\/#organization\",\"name\":\"PressTix\",\"url\":\"https:\\\/\\\/presstix.com\\\/info\\\/\",\"logo\":{\"@type\":\"ImageObject\",\"inLanguage\":\"fr-FR\",\"@id\":\"https:\\\/\\\/presstix.com\\\/info\\\/#\\\/schema\\\/logo\\\/image\\\/\",\"url\":\"https:\\\/\\\/i0.wp.com\\\/presstix.com\\\/info\\\/wp-content\\\/uploads\\\/2024\\\/12\\\/cropped-p-carre-vert.png?fit=512%2C512&ssl=1\",\"contentUrl\":\"https:\\\/\\\/i0.wp.com\\\/presstix.com\\\/info\\\/wp-content\\\/uploads\\\/2024\\\/12\\\/cropped-p-carre-vert.png?fit=512%2C512&ssl=1\",\"width\":512,\"height\":512,\"caption\":\"PressTix\"},\"image\":{\"@id\":\"https:\\\/\\\/presstix.com\\\/info\\\/#\\\/schema\\\/logo\\\/image\\\/\"},\"sameAs\":[\"https:\\\/\\\/www.facebook.com\\\/presstix\",\"https:\\\/\\\/www.linkedin.com\\\/company\\\/presstix\",\"https:\\\/\\\/twitter.com\\\/press_tix\\\/\",\"https:\\\/\\\/www.youtube.com\\\/channel\\\/UCv608FueLovTZSdmpB9MDTw\",\"https:\\\/\\\/www.instagram.com\\\/presstix\\\/\"]}]}<\/script>\n<!-- \/ Yoast SEO plugin. -->","yoast_head_json":{"title":"Faites votre Promotion - Tout savoir sur PressTix","description":"De la s\u00e9lection du lieu \u00e0 la logistique totale de l\u2019\u00e9v\u00e9nement, notre mission est d\u2019offrir un service de gestion d\u2019\u00e9v\u00e9nements sophistiqu\u00e9 et professionnel, con\u00e7u en tenant compte de vos buts et objectifs.","robots":{"index":"index","follow":"follow","max-snippet":"max-snippet:-1","max-image-preview":"max-image-preview:large","max-video-preview":"max-video-preview:-1"},"canonical":"https:\/\/presstix.com\/info\/faites-votre-promotion\/","og_locale":"fr_FR","og_type":"article","og_title":"Faites votre Promotion - Tout savoir sur PressTix","og_description":"De la s\u00e9lection du lieu \u00e0 la logistique totale de l\u2019\u00e9v\u00e9nement, notre mission est d\u2019offrir un service de gestion d\u2019\u00e9v\u00e9nements sophistiqu\u00e9 et professionnel, con\u00e7u en tenant compte de vos buts et objectifs.","og_url":"https:\/\/presstix.com\/info\/faites-votre-promotion\/","og_site_name":"Tout savoir sur PressTix","article_publisher":"https:\/\/www.facebook.com\/presstix","article_modified_time":"2026-04-02T21:25:21+00:00","og_image":[{"width":1440,"height":680,"url":"https:\/\/presstix.com\/info\/wp-content\/uploads\/2025\/01\/new-fellowship-1.jpg","type":"image\/jpeg"}],"twitter_card":"summary_large_image","twitter_misc":{"Dur\u00e9e de lecture estim\u00e9e":"2 minutes"},"schema":{"@context":"https:\/\/schema.org","@graph":[{"@type":"WebPage","@id":"https:\/\/presstix.com\/info\/faites-votre-promotion\/","url":"https:\/\/presstix.com\/info\/faites-votre-promotion\/","name":"Faites votre Promotion - Tout savoir sur PressTix","isPartOf":{"@id":"https:\/\/presstix.com\/info\/#website"},"primaryImageOfPage":{"@id":"https:\/\/presstix.com\/info\/faites-votre-promotion\/#primaryimage"},"image":{"@id":"https:\/\/presstix.com\/info\/faites-votre-promotion\/#primaryimage"},"thumbnailUrl":"https:\/\/presstix.com\/info\/wp-content\/uploads\/2025\/01\/new-fellowship-1.jpg","datePublished":"2025-01-18T20:00:40+00:00","dateModified":"2026-04-02T21:25:21+00:00","description":"De la s\u00e9lection du lieu \u00e0 la logistique totale de l\u2019\u00e9v\u00e9nement, notre mission est d\u2019offrir un service de gestion d\u2019\u00e9v\u00e9nements sophistiqu\u00e9 et professionnel, con\u00e7u en tenant compte de vos buts et objectifs.","breadcrumb":{"@id":"https:\/\/presstix.com\/info\/faites-votre-promotion\/#breadcrumb"},"inLanguage":"fr-FR","potentialAction":[{"@type":"ReadAction","target":["https:\/\/presstix.com\/info\/faites-votre-promotion\/"]}]},{"@type":"ImageObject","inLanguage":"fr-FR","@id":"https:\/\/presstix.com\/info\/faites-votre-promotion\/#primaryimage","url":"https:\/\/presstix.com\/info\/wp-content\/uploads\/2025\/01\/new-fellowship-1.jpg","contentUrl":"https:\/\/presstix.com\/info\/wp-content\/uploads\/2025\/01\/new-fellowship-1.jpg","width":1440,"height":680},{"@type":"BreadcrumbList","@id":"https:\/\/presstix.com\/info\/faites-votre-promotion\/#breadcrumb","itemListElement":[{"@type":"ListItem","position":1,"name":"Acceuil","item":"https:\/\/presstix.com\/info\/"},{"@type":"ListItem","position":2,"name":"Faites votre Promotion"}]},{"@type":"WebSite","@id":"https:\/\/presstix.com\/info\/#website","url":"https:\/\/presstix.com\/info\/","name":"PressTix Info","description":"","publisher":{"@id":"https:\/\/presstix.com\/info\/#organization"},"potentialAction":[{"@type":"SearchAction","target":{"@type":"EntryPoint","urlTemplate":"https:\/\/presstix.com\/info\/?s={search_term_string}"},"query-input":{"@type":"PropertyValueSpecification","valueRequired":true,"valueName":"search_term_string"}}],"inLanguage":"fr-FR"},{"@type":"Organization","@id":"https:\/\/presstix.com\/info\/#organization","name":"PressTix","url":"https:\/\/presstix.com\/info\/","logo":{"@type":"ImageObject","inLanguage":"fr-FR","@id":"https:\/\/presstix.com\/info\/#\/schema\/logo\/image\/","url":"https:\/\/i0.wp.com\/presstix.com\/info\/wp-content\/uploads\/2024\/12\/cropped-p-carre-vert.png?fit=512%2C512&ssl=1","contentUrl":"https:\/\/i0.wp.com\/presstix.com\/info\/wp-content\/uploads\/2024\/12\/cropped-p-carre-vert.png?fit=512%2C512&ssl=1","width":512,"height":512,"caption":"PressTix"},"image":{"@id":"https:\/\/presstix.com\/info\/#\/schema\/logo\/image\/"},"sameAs":["https:\/\/www.facebook.com\/presstix","https:\/\/www.linkedin.com\/company\/presstix","https:\/\/twitter.com\/press_tix\/","https:\/\/www.youtube.com\/channel\/UCv608FueLovTZSdmpB9MDTw","https:\/\/www.instagram.com\/presstix\/"]}]}},"_links":{"self":[{"href":"https:\/\/presstix.com\/info\/wp-json\/wp\/v2\/pages\/1937","targetHints":{"allow":["GET"]}}],"collection":[{"href":"https:\/\/presstix.com\/info\/wp-json\/wp\/v2\/pages"}],"about":[{"href":"https:\/\/presstix.com\/info\/wp-json\/wp\/v2\/types\/page"}],"author":[{"embeddable":true,"href":"https:\/\/presstix.com\/info\/wp-json\/wp\/v2\/users\/1"}],"replies":[{"embeddable":true,"href":"https:\/\/presstix.com\/info\/wp-json\/wp\/v2\/comments?post=1937"}],"version-history":[{"count":17,"href":"https:\/\/presstix.com\/info\/wp-json\/wp\/v2\/pages\/1937\/revisions"}],"predecessor-version":[{"id":2981,"href":"https:\/\/presstix.com\/info\/wp-json\/wp\/v2\/pages\/1937\/revisions\/2981"}],"wp:featuredmedia":[{"embeddable":true,"href":"https:\/\/presstix.com\/info\/wp-json\/wp\/v2\/media\/1959"}],"wp:attachment":[{"href":"https:\/\/presstix.com\/info\/wp-json\/wp\/v2\/media?parent=1937"}],"curies":[{"name":"wp","href":"https:\/\/api.w.org\/{rel}","templated":true}]}}