{"id":1913,"date":"2025-01-18T04:28:02","date_gmt":"2025-01-18T04:28:02","guid":{"rendered":"https:\/\/presstix.com\/info\/?page_id=1913"},"modified":"2026-04-02T21:16:57","modified_gmt":"2026-04-02T21:16:57","slug":"nos-services-evenementiels","status":"publish","type":"page","link":"https:\/\/presstix.com\/info\/nos-services-evenementiels\/","title":{"rendered":"Nos Services \u00c9v\u00e9nementiels"},"content":{"rendered":"<div class=\"wpb-content-wrapper\">[vc_row][vc_column][vc_column_text css=&#8221;&#8221;]\n<h2 style=\"text-align: center;\"><span style=\"color: #000000;\">Nos Services \u00c9v\u00e9nementiels<\/span><\/h2>\n[\/vc_column_text][\/vc_column][\/vc_row][vc_row][vc_column width=&#8221;2\/3&#8243;][vc_column_text css=&#8221;&#8221;]\n<h4><span style=\"color: #3d7a3d;\"><a style=\"color: #3d7a3d;\" href=\"https:\/\/presstix.com\/info\/comment-creer-un-evenement-sur-presstix\/\"><img fetchpriority=\"high\" decoding=\"async\" class=\"aligncenter size-full wp-image-1918\" src=\"https:\/\/presstix.com\/info\/wp-content\/uploads\/2025\/01\/COVID-check-TnG_260e9ec131f440453303565db1ac3afa_2000-pd7c7vecwljyxum0bl5ndyt4hhetgzzj7nih727hbw.png\" alt=\"\" width=\"1200\" height=\"550\" srcset=\"https:\/\/presstix.com\/info\/wp-content\/uploads\/2025\/01\/COVID-check-TnG_260e9ec131f440453303565db1ac3afa_2000-pd7c7vecwljyxum0bl5ndyt4hhetgzzj7nih727hbw.png 1200w, https:\/\/presstix.com\/info\/wp-content\/uploads\/2025\/01\/COVID-check-TnG_260e9ec131f440453303565db1ac3afa_2000-pd7c7vecwljyxum0bl5ndyt4hhetgzzj7nih727hbw-600x275.png 600w, https:\/\/presstix.com\/info\/wp-content\/uploads\/2025\/01\/COVID-check-TnG_260e9ec131f440453303565db1ac3afa_2000-pd7c7vecwljyxum0bl5ndyt4hhetgzzj7nih727hbw-300x138.png 300w, https:\/\/presstix.com\/info\/wp-content\/uploads\/2025\/01\/COVID-check-TnG_260e9ec131f440453303565db1ac3afa_2000-pd7c7vecwljyxum0bl5ndyt4hhetgzzj7nih727hbw-1024x469.png 1024w, https:\/\/presstix.com\/info\/wp-content\/uploads\/2025\/01\/COVID-check-TnG_260e9ec131f440453303565db1ac3afa_2000-pd7c7vecwljyxum0bl5ndyt4hhetgzzj7nih727hbw-768x352.png 768w\" sizes=\"(max-width: 1200px) 100vw, 1200px\" \/><\/a><\/span><span style=\"color: #3d7a3d;\"><a style=\"color: #3d7a3d;\" href=\"https:\/\/presstix.com\/info\/comment-creer-un-evenement-sur-presstix\/\">La Billetterie en ligne<\/a><\/span><\/h4>\n<p><span style=\"color: #000000;\">Vendez facilement vos billets en ligne. En ouvrant un compte Organisateur, vous b\u00e9n\u00e9ficiez d\u2019un syst\u00e8me en lign&#8230; <span style=\"color: #3d7a3d;\"><a style=\"color: #3d7a3d;\" href=\"https:\/\/presstix.com\/info\/comment-creer-un-evenement-sur-presstix\/\">(Lire)<\/a><\/span><br \/>\n<\/span><\/p>\n<hr \/>\n<h4><a href=\"https:\/\/presstix.com\/info\/assistance-technique-de-presstix\/\"><span style=\"color: #3d7a3d;\"><img decoding=\"async\" class=\"aligncenter size-full wp-image-1922\" src=\"https:\/\/presstix.com\/info\/wp-content\/uploads\/2025\/01\/54ce4007a46a434f917e34283faa8390_eventnook-kiosk3-1200jpg-e1737173491812.jpg\" alt=\"\" width=\"1200\" height=\"672\" srcset=\"https:\/\/presstix.com\/info\/wp-content\/uploads\/2025\/01\/54ce4007a46a434f917e34283faa8390_eventnook-kiosk3-1200jpg-e1737173491812.jpg 1200w, https:\/\/presstix.com\/info\/wp-content\/uploads\/2025\/01\/54ce4007a46a434f917e34283faa8390_eventnook-kiosk3-1200jpg-e1737173491812-600x336.jpg 600w, https:\/\/presstix.com\/info\/wp-content\/uploads\/2025\/01\/54ce4007a46a434f917e34283faa8390_eventnook-kiosk3-1200jpg-e1737173491812-300x168.jpg 300w, https:\/\/presstix.com\/info\/wp-content\/uploads\/2025\/01\/54ce4007a46a434f917e34283faa8390_eventnook-kiosk3-1200jpg-e1737173491812-1024x573.jpg 1024w, https:\/\/presstix.com\/info\/wp-content\/uploads\/2025\/01\/54ce4007a46a434f917e34283faa8390_eventnook-kiosk3-1200jpg-e1737173491812-768x430.jpg 768w\" sizes=\"(max-width: 1200px) 100vw, 1200px\" \/>Support et Logistique \u00c9v\u00e9nementiel<\/span><\/a><\/h4>\n<p><span style=\"color: #000000;\">Louez le mat\u00e9riel adapt\u00e9 \u00e0 vos besoins pour contr\u00f4ler et g\u00e9rer efficacement les billets \u00e0 l\u2019entr\u00e9e de vos \u00e9v\u00e8ne&#8230;<\/span> <span style=\"color: #4e784e;\"><a style=\"color: #4e784e;\" href=\"https:\/\/presstix.com\/info\/assistance-technique-de-presstix\/\">(Lire)<\/a><\/span><\/p>\n<hr \/>\n<h4><span style=\"color: #588558;\"><a style=\"color: #588558;\" href=\"https:\/\/presstix.com\/info\/evenements-sur-mesure\/\"><img decoding=\"async\" class=\"aligncenter size-full wp-image-1924\" src=\"https:\/\/presstix.com\/info\/wp-content\/uploads\/2025\/01\/img-1871263.jpeg\" alt=\"\" width=\"1008\" height=\"490\" srcset=\"https:\/\/presstix.com\/info\/wp-content\/uploads\/2025\/01\/img-1871263.jpeg 1008w, https:\/\/presstix.com\/info\/wp-content\/uploads\/2025\/01\/img-1871263-600x292.jpeg 600w, https:\/\/presstix.com\/info\/wp-content\/uploads\/2025\/01\/img-1871263-300x146.jpeg 300w, https:\/\/presstix.com\/info\/wp-content\/uploads\/2025\/01\/img-1871263-768x373.jpeg 768w\" sizes=\"(max-width: 1008px) 100vw, 1008px\" \/><\/a><\/span><span style=\"color: #588558;\"><a style=\"color: #588558;\" href=\"https:\/\/presstix.com\/info\/evenements-sur-mesure\/\">Cr\u00e9<\/a><\/span><span style=\"color: #588558;\"><a style=\"color: #588558;\" href=\"https:\/\/presstix.com\/info\/evenements-sur-mesure\/\">ation d&#8217;\u00c9v\u00e9nements sur mesure<\/a><\/span><\/h4>\n<p><span style=\"color: #000000;\">PressTix organise efficacement chaque \u00e9tape de votre \u00e9v\u00e9nement pour vous cr\u00e9er une exp\u00e9rie..<\/span>. <span style=\"color: #588558;\"><a style=\"color: #588558;\" href=\"https:\/\/presstix.com\/info\/evenements-sur-mesure\/\">(Lire)<\/a><\/span><\/p>\n<hr \/>\n<h4><span style=\"color: #588558;\"><a style=\"color: #588558;\" href=\"https:\/\/presstix.com\/info\/nos-services-web\/\"><img loading=\"lazy\" decoding=\"async\" class=\"aligncenter wp-image-1917 size-full\" src=\"https:\/\/presstix.com\/info\/wp-content\/uploads\/2025\/01\/servicenow-banner.webp\" alt=\"\" width=\"2560\" height=\"1280\" srcset=\"https:\/\/presstix.com\/info\/wp-content\/uploads\/2025\/01\/servicenow-banner.webp 2560w, https:\/\/presstix.com\/info\/wp-content\/uploads\/2025\/01\/servicenow-banner-600x300.webp 600w, https:\/\/presstix.com\/info\/wp-content\/uploads\/2025\/01\/servicenow-banner-300x150.webp 300w, https:\/\/presstix.com\/info\/wp-content\/uploads\/2025\/01\/servicenow-banner-1024x512.webp 1024w, https:\/\/presstix.com\/info\/wp-content\/uploads\/2025\/01\/servicenow-banner-768x384.webp 768w, https:\/\/presstix.com\/info\/wp-content\/uploads\/2025\/01\/servicenow-banner-1536x768.webp 1536w, https:\/\/presstix.com\/info\/wp-content\/uploads\/2025\/01\/servicenow-banner-2048x1024.webp 2048w\" sizes=\"(max-width: 2560px) 100vw, 2560px\" \/><\/a>Marketing \u00c9v\u00e9nementiel<\/span><\/h4>\n<p><span style=\"color: #000000;\">En quelques secondes, l\u2019identit\u00e9 visuelle de votre entreprise doit cr\u00e9er dans l\u2019esp &#8230;<\/span> <span style=\"color: #588558;\"><a style=\"color: #588558;\" href=\"https:\/\/presstix.com\/info\/nos-services-web\/\">(Lire)<\/a><\/span>[\/vc_column_text][\/vc_column][vc_column width=&#8221;1\/3&#8243; offset=&#8221;vc_hidden-sm vc_hidden-xs&#8221;][vc_column_text css=&#8221;&#8221;]\n<h4><span style=\"color: #eba43b;\">Plus sur PressTix<\/span><\/h4>\n<p><span style=\"color: #5a915a;\"><a style=\"color: #5a915a;\" href=\"https:\/\/presstix.com\/info\/qui-sommes-nous\/\">&gt; Qui Sommes Nous<\/a><\/span><\/p>\n<p><span style=\"color: #5a915a;\"><a style=\"color: #5a915a;\" href=\"https:\/\/presstix.com\/info\/notre-ecosysteme\/\">&gt; Notre EcoSysteme<\/a><\/span><\/p>\n<p><span style=\"color: #5a915a;\"><a style=\"color: #5a915a;\" href=\"https:\/\/presstix.com\/info\/notre-positionnement\/\">&gt; Notre Positionnement<\/a><\/span><\/p>\n<p><span style=\"color: #5a915a;\"><a style=\"color: #5a915a;\" href=\"https:\/\/presstix.com\/info\/nos-objectifs\/\">&gt;\u00a0<\/a><a style=\"color: #5a915a;\" href=\"https:\/\/presstix.com\/info\/nos-solutions\/\">Nos Solutions<\/a><\/span><\/p>\n<p><span style=\"color: #5a915a;\"><a style=\"color: #5a915a;\" href=\"https:\/\/presstix.com\/info\/decouvrez-le-presstix-digital-network\/\">&gt; Le PressTix Digital Network<\/a><\/span><\/p>\n<p><span style=\"color: #5a915a;\"><a style=\"color: #5a915a;\" href=\"https:\/\/presstix.com\/info\/qui-sommes-nous\/#\">&gt; PressTix in the News<\/a><\/span><\/p>\n<p><a href=\"https:\/\/presstix.com\/info\/qui-sommes-nous\/#\"><span style=\"color: #5a915a;\">&gt; Lead Team<\/span><\/a>[\/vc_column_text][vc_empty_space][vc_single_image image=&#8221;2605&#8243; img_size=&#8221;full&#8221; alignment=&#8221;center&#8221; css=&#8221;&#8221;][vc_empty_space][vc_column_text css=&#8221;&#8221;]\n<ul id=\"menu-network\" class=\"menu\">\n<li id=\"menu-item-1134\" class=\"menu-item menu-item-type-custom menu-item-object-custom menu-item-1134\"><a href=\"https:\/\/www.presstix.com\/support\/\"><span style=\"color: #5a8a5a;\">Questions\/R\u00e9ponses<\/span><\/a><\/li>\n<li id=\"menu-item-1093\" class=\"menu-item menu-item-type-custom menu-item-object-custom menu-item-1093\"><span style=\"color: #5a8a5a;\"><a style=\"color: #5a8a5a;\" href=\"https:\/\/presstix.com\/info\/politique-de-confidentialite-de-presstix\/\">Notre Politique de Confidentialit\u00e9<\/a><\/span><\/li>\n<li id=\"menu-item-1488\" class=\"menu-item menu-item-type-custom menu-item-object-custom menu-item-1488\"><span style=\"color: #5a8a5a;\"><a style=\"color: #5a8a5a;\" href=\"https:\/\/presstix.com\/info\/utilisez-presstix-en-toute-securite\/\">Votre S\u00e9curit\u00e9 100% garanti<\/a><\/span><\/li>\n<li id=\"menu-item-1099\" class=\"menu-item menu-item-type-custom menu-item-object-custom menu-item-1099\"><span style=\"color: #5a8a5a;\"><a style=\"color: #5a8a5a;\" href=\"https:\/\/presstix.com\/info\/assistance-technique-de-presstix\/\">Support \u00c9v\u00e8nementiel<\/a><\/span><\/li>\n<li id=\"menu-item-1094\" class=\"menu-item menu-item-type-custom menu-item-object-custom menu-item-1094\"><span style=\"color: #5a8a5a;\"><a style=\"color: #5a8a5a;\" href=\"https:\/\/presstix.com\/info\/evenements-sur-mesure\/\">\u00c9v\u00e8nements sur Mesure<\/a><\/span><\/li>\n<li id=\"menu-item-1095\" class=\"menu-item menu-item-type-custom menu-item-object-custom menu-item-1095\"><span style=\"color: #5a8a5a;\"><a style=\"color: #5a8a5a;\" href=\"https:\/\/presstix.com\/info\/nos-services-web\/\">Marketing \u00c9v\u00e8nementiel<\/a><\/span><\/li>\n<li id=\"menu-item-1096\" class=\"menu-item menu-item-type-custom menu-item-object-custom menu-item-1096\"><span style=\"color: #5a8a5a;\"><a style=\"color: #5a8a5a;\" href=\"https:\/\/presstix.com\/info\/contactez-nous\/\">Contactez Nous<\/a><\/span><\/li>\n<li id=\"menu-item-162\" class=\"menu-item menu-item-type-custom menu-item-object-custom menu-item-162\"><span style=\"color: #5a8a5a;\"><a style=\"color: #5a8a5a;\" href=\"https:\/\/www.presstix.com\/?_gl=1*kxdxr*_ga*MTE2NzE0NzM4NC4xNzM5Mzg2NzMw*_ga_Z51CZHVCMY*czE3NjcwNjMzMjIkbzEwMCRnMSR0MTc2NzA2MzkwNSRqNTkkbDAkaDA.*_ga_J0XBXJKQTC*czE3NjcwNjMzMjIkbzI1JGcxJHQxNzY3MDYzOTA1JGo1OSRsMCRoMA..\">Cr\u00e9er un Compte en 3 steps<\/a><\/span><\/li>\n<li id=\"menu-item-311\" class=\"menu-item menu-item-type-custom menu-item-object-custom menu-item-311\"><span style=\"color: #5a8a5a;\"><a style=\"color: #5a8a5a;\" href=\"https:\/\/presstix.com\/info\/a-propos-de-presstix\/#\">Voir mon Compte<\/a><\/span><\/li>\n<li id=\"menu-item-314\" class=\"menu-item menu-item-type-custom menu-item-object-custom menu-item-314\"><span style=\"color: #5a8a5a;\"><a style=\"color: #5a8a5a;\" href=\"https:\/\/presstix.com\/info\/telechargez-presstix\/\">Installez l\u2019Appli PressTix<\/a><\/span><\/li>\n<li id=\"menu-item-1089\" class=\"menu-item menu-item-type-custom menu-item-object-custom menu-item-1089\"><span style=\"color: #5a8a5a;\"><a style=\"color: #5a8a5a;\" href=\"https:\/\/presstix.com\/info\/achetez-vos-tickets-de-groupe\/\">Vos Tickets de Groupe<\/a><\/span><\/li>\n<li id=\"menu-item-161\" class=\"menu-item menu-item-type-custom menu-item-object-custom menu-item-161\"><span style=\"color: #5a8a5a;\"><a style=\"color: #5a8a5a;\" href=\"https:\/\/presstix.com\/info\/transfert-de-billets\/\">Transf\u00e9rez facilement vos Billets<\/a><\/span><\/li>\n<li id=\"menu-item-1091\" class=\"menu-item menu-item-type-custom menu-item-object-custom menu-item-1091\"><span style=\"color: #5a8a5a;\"><a style=\"color: #5a8a5a;\" href=\"https:\/\/presstix.com\/info\/nos-frais-dutilisation\/\">Nos Frais d\u2019utilisation<\/a><\/span><\/li>\n<li id=\"menu-item-1487\" class=\"menu-item menu-item-type-custom menu-item-object-custom menu-item-1487\"><span style=\"color: #5a8a5a;\"><a style=\"color: #5a8a5a;\" href=\"https:\/\/presstix.com\/info\/annulation-report-et-remboursement\/\">Politique de Remboursement<\/a><\/span><\/li>\n<li id=\"menu-item-1144\" class=\"menu-item menu-item-type-custom menu-item-object-custom menu-item-1144\"><span style=\"color: #5a8a5a;\"><a style=\"color: #5a8a5a;\" href=\"https:\/\/presstix.com\/info\/termes-et-conditions-de-presstix\/\">Nos Conditions d\u2019Utilisation<\/a><\/span><\/li>\n<li id=\"menu-item-1146\" class=\"menu-item menu-item-type-custom menu-item-object-custom menu-item-1146\"><span style=\"color: #5a8a5a;\"><a style=\"color: #5a8a5a;\" href=\"https:\/\/presstix.com\/info\/nos-conditions-generales-de-ventecgv\/\">Nos Conditions de Vente(CGV)<\/a><\/span><\/li>\n<\/ul>\n[\/vc_column_text][vc_empty_space][vc_single_image image=&#8221;2697&#8243; img_size=&#8221;full&#8221; onclick=&#8221;custom_link&#8221; img_link_target=&#8221;_blank&#8221; css=&#8221;&#8221; link=&#8221;https:\/\/www.youtube.com\/@presstixtv&#8221;][\/vc_column][\/vc_row][vc_row][vc_column][vc_single_image][\/vc_column][\/vc_row]\n<\/div>","protected":false},"excerpt":{"rendered":"<p>[vc_row][vc_column][vc_column_text css=&#8221;&#8221;] Nos Services \u00c9v\u00e9nementiels [\/vc_column_text][\/vc_column][\/vc_row][vc_row][vc_column width=&#8221;2\/3&#8243;][vc_column_text css=&#8221;&#8221;] La Billetterie en ligne Vendez facilement vos billets en ligne. En ouvrant un compte Organisateur, vous b\u00e9n\u00e9ficiez d\u2019un syst\u00e8me en lign&#8230; (Lire) Support et Logistique \u00c9v\u00e9nementiel Louez le mat\u00e9riel adapt\u00e9 \u00e0 vos besoins pour contr\u00f4ler et g\u00e9rer efficacement les billets \u00e0 l\u2019entr\u00e9e de vos \u00e9v\u00e8ne&#8230; (Lire) Cr\u00e9ation [&hellip;]<\/p>\n","protected":false},"author":1,"featured_media":1915,"parent":0,"menu_order":0,"comment_status":"closed","ping_status":"closed","template":"","meta":{"content-type":"","footnotes":""},"class_list":["post-1913","page","type-page","status-publish","has-post-thumbnail","hentry"],"yoast_head":"<!-- This site is optimized with the Yoast SEO plugin v27.5 - https:\/\/yoast.com\/product\/yoast-seo-wordpress\/ -->\n<title>Nos Services \u00c9v\u00e9nementiels - Tout savoir sur PressTix<\/title>\n<meta name=\"description\" content=\"PressTix organise efficacement chaque \u00e9tape de votre \u00e9v\u00e9nement pour vous cr\u00e9er une exp\u00e9rience unique que les participants n\u2019oublieront pas de sit\u00f4t. Nous avons de l\u2019exp\u00e9rience dans le design et la conception de petits et grands \u00e9v\u00e9nements. On se charge de tout pendant que vous vous concentrez sur vous.\" \/>\n<meta name=\"robots\" content=\"index, follow, max-snippet:-1, max-image-preview:large, max-video-preview:-1\" \/>\n<link rel=\"canonical\" href=\"https:\/\/presstix.com\/info\/nos-services-evenementiels\/\" \/>\n<meta property=\"og:locale\" content=\"fr_FR\" \/>\n<meta property=\"og:type\" content=\"article\" \/>\n<meta property=\"og:title\" content=\"Nos Services \u00c9v\u00e9nementiels - Tout savoir sur PressTix\" \/>\n<meta property=\"og:description\" content=\"PressTix organise efficacement chaque \u00e9tape de votre \u00e9v\u00e9nement pour vous cr\u00e9er une exp\u00e9rience unique que les participants n\u2019oublieront pas de sit\u00f4t. Nous avons de l\u2019exp\u00e9rience dans le design et la conception de petits et grands \u00e9v\u00e9nements. On se charge de tout pendant que vous vous concentrez sur vous.\" \/>\n<meta property=\"og:url\" content=\"https:\/\/presstix.com\/info\/nos-services-evenementiels\/\" \/>\n<meta property=\"og:site_name\" content=\"Tout savoir sur PressTix\" \/>\n<meta property=\"article:publisher\" content=\"https:\/\/www.facebook.com\/presstix\" \/>\n<meta property=\"article:modified_time\" content=\"2026-04-02T21:16:57+00:00\" \/>\n<meta property=\"og:image\" content=\"https:\/\/presstix.com\/info\/wp-content\/uploads\/2025\/01\/istockphoto-1201144137-612x612-1.jpg\" \/>\n\t<meta property=\"og:image:width\" content=\"612\" \/>\n\t<meta property=\"og:image:height\" content=\"418\" \/>\n\t<meta property=\"og:image:type\" content=\"image\/jpeg\" \/>\n<meta name=\"twitter:card\" content=\"summary_large_image\" \/>\n<meta name=\"twitter:label1\" content=\"Dur\u00e9e de lecture estim\u00e9e\" \/>\n\t<meta name=\"twitter:data1\" content=\"3 minutes\" \/>\n<script type=\"application\/ld+json\" class=\"yoast-schema-graph\">{\"@context\":\"https:\\\/\\\/schema.org\",\"@graph\":[{\"@type\":\"WebPage\",\"@id\":\"https:\\\/\\\/presstix.com\\\/info\\\/nos-services-evenementiels\\\/\",\"url\":\"https:\\\/\\\/presstix.com\\\/info\\\/nos-services-evenementiels\\\/\",\"name\":\"Nos Services \u00c9v\u00e9nementiels - Tout savoir sur PressTix\",\"isPartOf\":{\"@id\":\"https:\\\/\\\/presstix.com\\\/info\\\/#website\"},\"primaryImageOfPage\":{\"@id\":\"https:\\\/\\\/presstix.com\\\/info\\\/nos-services-evenementiels\\\/#primaryimage\"},\"image\":{\"@id\":\"https:\\\/\\\/presstix.com\\\/info\\\/nos-services-evenementiels\\\/#primaryimage\"},\"thumbnailUrl\":\"https:\\\/\\\/presstix.com\\\/info\\\/wp-content\\\/uploads\\\/2025\\\/01\\\/istockphoto-1201144137-612x612-1.jpg\",\"datePublished\":\"2025-01-18T04:28:02+00:00\",\"dateModified\":\"2026-04-02T21:16:57+00:00\",\"description\":\"PressTix organise efficacement chaque \u00e9tape de votre \u00e9v\u00e9nement pour vous cr\u00e9er une exp\u00e9rience unique que les participants n\u2019oublieront pas de sit\u00f4t. Nous avons de l\u2019exp\u00e9rience dans le design et la conception de petits et grands \u00e9v\u00e9nements. On se charge de tout pendant que vous vous concentrez sur vous.\",\"breadcrumb\":{\"@id\":\"https:\\\/\\\/presstix.com\\\/info\\\/nos-services-evenementiels\\\/#breadcrumb\"},\"inLanguage\":\"fr-FR\",\"potentialAction\":[{\"@type\":\"ReadAction\",\"target\":[\"https:\\\/\\\/presstix.com\\\/info\\\/nos-services-evenementiels\\\/\"]}]},{\"@type\":\"ImageObject\",\"inLanguage\":\"fr-FR\",\"@id\":\"https:\\\/\\\/presstix.com\\\/info\\\/nos-services-evenementiels\\\/#primaryimage\",\"url\":\"https:\\\/\\\/presstix.com\\\/info\\\/wp-content\\\/uploads\\\/2025\\\/01\\\/istockphoto-1201144137-612x612-1.jpg\",\"contentUrl\":\"https:\\\/\\\/presstix.com\\\/info\\\/wp-content\\\/uploads\\\/2025\\\/01\\\/istockphoto-1201144137-612x612-1.jpg\",\"width\":612,\"height\":418,\"caption\":\"Three black african colleagues walking through coworking workspace strategizing on their way to boardroom business meeting\"},{\"@type\":\"BreadcrumbList\",\"@id\":\"https:\\\/\\\/presstix.com\\\/info\\\/nos-services-evenementiels\\\/#breadcrumb\",\"itemListElement\":[{\"@type\":\"ListItem\",\"position\":1,\"name\":\"Acceuil\",\"item\":\"https:\\\/\\\/presstix.com\\\/info\\\/\"},{\"@type\":\"ListItem\",\"position\":2,\"name\":\"Nos Services \u00c9v\u00e9nementiels\"}]},{\"@type\":\"WebSite\",\"@id\":\"https:\\\/\\\/presstix.com\\\/info\\\/#website\",\"url\":\"https:\\\/\\\/presstix.com\\\/info\\\/\",\"name\":\"PressTix Info\",\"description\":\"\",\"publisher\":{\"@id\":\"https:\\\/\\\/presstix.com\\\/info\\\/#organization\"},\"potentialAction\":[{\"@type\":\"SearchAction\",\"target\":{\"@type\":\"EntryPoint\",\"urlTemplate\":\"https:\\\/\\\/presstix.com\\\/info\\\/?s={search_term_string}\"},\"query-input\":{\"@type\":\"PropertyValueSpecification\",\"valueRequired\":true,\"valueName\":\"search_term_string\"}}],\"inLanguage\":\"fr-FR\"},{\"@type\":\"Organization\",\"@id\":\"https:\\\/\\\/presstix.com\\\/info\\\/#organization\",\"name\":\"PressTix\",\"url\":\"https:\\\/\\\/presstix.com\\\/info\\\/\",\"logo\":{\"@type\":\"ImageObject\",\"inLanguage\":\"fr-FR\",\"@id\":\"https:\\\/\\\/presstix.com\\\/info\\\/#\\\/schema\\\/logo\\\/image\\\/\",\"url\":\"https:\\\/\\\/i0.wp.com\\\/presstix.com\\\/info\\\/wp-content\\\/uploads\\\/2024\\\/12\\\/cropped-p-carre-vert.png?fit=512%2C512&ssl=1\",\"contentUrl\":\"https:\\\/\\\/i0.wp.com\\\/presstix.com\\\/info\\\/wp-content\\\/uploads\\\/2024\\\/12\\\/cropped-p-carre-vert.png?fit=512%2C512&ssl=1\",\"width\":512,\"height\":512,\"caption\":\"PressTix\"},\"image\":{\"@id\":\"https:\\\/\\\/presstix.com\\\/info\\\/#\\\/schema\\\/logo\\\/image\\\/\"},\"sameAs\":[\"https:\\\/\\\/www.facebook.com\\\/presstix\",\"https:\\\/\\\/www.linkedin.com\\\/company\\\/presstix\",\"https:\\\/\\\/twitter.com\\\/press_tix\\\/\",\"https:\\\/\\\/www.youtube.com\\\/channel\\\/UCv608FueLovTZSdmpB9MDTw\",\"https:\\\/\\\/www.instagram.com\\\/presstix\\\/\"]}]}<\/script>\n<!-- \/ Yoast SEO plugin. -->","yoast_head_json":{"title":"Nos Services \u00c9v\u00e9nementiels - Tout savoir sur PressTix","description":"PressTix organise efficacement chaque \u00e9tape de votre \u00e9v\u00e9nement pour vous cr\u00e9er une exp\u00e9rience unique que les participants n\u2019oublieront pas de sit\u00f4t. Nous avons de l\u2019exp\u00e9rience dans le design et la conception de petits et grands \u00e9v\u00e9nements. On se charge de tout pendant que vous vous concentrez sur vous.","robots":{"index":"index","follow":"follow","max-snippet":"max-snippet:-1","max-image-preview":"max-image-preview:large","max-video-preview":"max-video-preview:-1"},"canonical":"https:\/\/presstix.com\/info\/nos-services-evenementiels\/","og_locale":"fr_FR","og_type":"article","og_title":"Nos Services \u00c9v\u00e9nementiels - Tout savoir sur PressTix","og_description":"PressTix organise efficacement chaque \u00e9tape de votre \u00e9v\u00e9nement pour vous cr\u00e9er une exp\u00e9rience unique que les participants n\u2019oublieront pas de sit\u00f4t. Nous avons de l\u2019exp\u00e9rience dans le design et la conception de petits et grands \u00e9v\u00e9nements. On se charge de tout pendant que vous vous concentrez sur vous.","og_url":"https:\/\/presstix.com\/info\/nos-services-evenementiels\/","og_site_name":"Tout savoir sur PressTix","article_publisher":"https:\/\/www.facebook.com\/presstix","article_modified_time":"2026-04-02T21:16:57+00:00","og_image":[{"width":612,"height":418,"url":"https:\/\/presstix.com\/info\/wp-content\/uploads\/2025\/01\/istockphoto-1201144137-612x612-1.jpg","type":"image\/jpeg"}],"twitter_card":"summary_large_image","twitter_misc":{"Dur\u00e9e de lecture estim\u00e9e":"3 minutes"},"schema":{"@context":"https:\/\/schema.org","@graph":[{"@type":"WebPage","@id":"https:\/\/presstix.com\/info\/nos-services-evenementiels\/","url":"https:\/\/presstix.com\/info\/nos-services-evenementiels\/","name":"Nos Services \u00c9v\u00e9nementiels - Tout savoir sur PressTix","isPartOf":{"@id":"https:\/\/presstix.com\/info\/#website"},"primaryImageOfPage":{"@id":"https:\/\/presstix.com\/info\/nos-services-evenementiels\/#primaryimage"},"image":{"@id":"https:\/\/presstix.com\/info\/nos-services-evenementiels\/#primaryimage"},"thumbnailUrl":"https:\/\/presstix.com\/info\/wp-content\/uploads\/2025\/01\/istockphoto-1201144137-612x612-1.jpg","datePublished":"2025-01-18T04:28:02+00:00","dateModified":"2026-04-02T21:16:57+00:00","description":"PressTix organise efficacement chaque \u00e9tape de votre \u00e9v\u00e9nement pour vous cr\u00e9er une exp\u00e9rience unique que les participants n\u2019oublieront pas de sit\u00f4t. Nous avons de l\u2019exp\u00e9rience dans le design et la conception de petits et grands \u00e9v\u00e9nements. On se charge de tout pendant que vous vous concentrez sur vous.","breadcrumb":{"@id":"https:\/\/presstix.com\/info\/nos-services-evenementiels\/#breadcrumb"},"inLanguage":"fr-FR","potentialAction":[{"@type":"ReadAction","target":["https:\/\/presstix.com\/info\/nos-services-evenementiels\/"]}]},{"@type":"ImageObject","inLanguage":"fr-FR","@id":"https:\/\/presstix.com\/info\/nos-services-evenementiels\/#primaryimage","url":"https:\/\/presstix.com\/info\/wp-content\/uploads\/2025\/01\/istockphoto-1201144137-612x612-1.jpg","contentUrl":"https:\/\/presstix.com\/info\/wp-content\/uploads\/2025\/01\/istockphoto-1201144137-612x612-1.jpg","width":612,"height":418,"caption":"Three black african colleagues walking through coworking workspace strategizing on their way to boardroom business meeting"},{"@type":"BreadcrumbList","@id":"https:\/\/presstix.com\/info\/nos-services-evenementiels\/#breadcrumb","itemListElement":[{"@type":"ListItem","position":1,"name":"Acceuil","item":"https:\/\/presstix.com\/info\/"},{"@type":"ListItem","position":2,"name":"Nos Services \u00c9v\u00e9nementiels"}]},{"@type":"WebSite","@id":"https:\/\/presstix.com\/info\/#website","url":"https:\/\/presstix.com\/info\/","name":"PressTix Info","description":"","publisher":{"@id":"https:\/\/presstix.com\/info\/#organization"},"potentialAction":[{"@type":"SearchAction","target":{"@type":"EntryPoint","urlTemplate":"https:\/\/presstix.com\/info\/?s={search_term_string}"},"query-input":{"@type":"PropertyValueSpecification","valueRequired":true,"valueName":"search_term_string"}}],"inLanguage":"fr-FR"},{"@type":"Organization","@id":"https:\/\/presstix.com\/info\/#organization","name":"PressTix","url":"https:\/\/presstix.com\/info\/","logo":{"@type":"ImageObject","inLanguage":"fr-FR","@id":"https:\/\/presstix.com\/info\/#\/schema\/logo\/image\/","url":"https:\/\/i0.wp.com\/presstix.com\/info\/wp-content\/uploads\/2024\/12\/cropped-p-carre-vert.png?fit=512%2C512&ssl=1","contentUrl":"https:\/\/i0.wp.com\/presstix.com\/info\/wp-content\/uploads\/2024\/12\/cropped-p-carre-vert.png?fit=512%2C512&ssl=1","width":512,"height":512,"caption":"PressTix"},"image":{"@id":"https:\/\/presstix.com\/info\/#\/schema\/logo\/image\/"},"sameAs":["https:\/\/www.facebook.com\/presstix","https:\/\/www.linkedin.com\/company\/presstix","https:\/\/twitter.com\/press_tix\/","https:\/\/www.youtube.com\/channel\/UCv608FueLovTZSdmpB9MDTw","https:\/\/www.instagram.com\/presstix\/"]}]}},"_links":{"self":[{"href":"https:\/\/presstix.com\/info\/wp-json\/wp\/v2\/pages\/1913","targetHints":{"allow":["GET"]}}],"collection":[{"href":"https:\/\/presstix.com\/info\/wp-json\/wp\/v2\/pages"}],"about":[{"href":"https:\/\/presstix.com\/info\/wp-json\/wp\/v2\/types\/page"}],"author":[{"embeddable":true,"href":"https:\/\/presstix.com\/info\/wp-json\/wp\/v2\/users\/1"}],"replies":[{"embeddable":true,"href":"https:\/\/presstix.com\/info\/wp-json\/wp\/v2\/comments?post=1913"}],"version-history":[{"count":22,"href":"https:\/\/presstix.com\/info\/wp-json\/wp\/v2\/pages\/1913\/revisions"}],"predecessor-version":[{"id":2977,"href":"https:\/\/presstix.com\/info\/wp-json\/wp\/v2\/pages\/1913\/revisions\/2977"}],"wp:featuredmedia":[{"embeddable":true,"href":"https:\/\/presstix.com\/info\/wp-json\/wp\/v2\/media\/1915"}],"wp:attachment":[{"href":"https:\/\/presstix.com\/info\/wp-json\/wp\/v2\/media?parent=1913"}],"curies":[{"name":"wp","href":"https:\/\/api.w.org\/{rel}","templated":true}]}}