{"id":1481,"date":"2022-11-19T00:02:12","date_gmt":"2022-11-19T00:02:12","guid":{"rendered":"https:\/\/www.presstix.com\/info\/?page_id=1481"},"modified":"2026-01-04T03:23:29","modified_gmt":"2026-01-04T03:23:29","slug":"annulation-report-et-remboursement","status":"publish","type":"page","link":"https:\/\/presstix.com\/info\/annulation-report-et-remboursement\/","title":{"rendered":"Annulation, report et remboursement"},"content":{"rendered":"<div class=\"wpb-content-wrapper\">[vc_row][vc_column][vc_single_image image=&#8221;1661&#8243; img_size=&#8221;full&#8221; alignment=&#8221;center&#8221;][\/vc_column][\/vc_row][vc_row][vc_column width=&#8221;2\/3&#8243;][vc_column_text css=&#8221;&#8221;]\n<h5 style=\"text-align: justify;\"><span style=\"color: #000000;\"><strong>Notre Politique de Remboursement<\/strong><\/span><\/h5>\n<p style=\"text-align: justify;\"><span style=\"color: #000000;\">Avant d\u2019acheter un billet, nous recommandons vivement \u00e0 nos utilisateurs de lire attentivement nos politiques de remboursement ainsi que celles du promoteur pour comprendre les conditions qui s\u2019appliquent.<\/span><\/p>\n<p style=\"text-align: justify;\"><span style=\"color: #000000;\">Durant la cr\u00e9ation de l\u2019\u00e9v\u00e8nement, l\u2019organisateur est forc\u00e9 de lister une politique de remboursement affich\u00e9e sur la page de l\u2019\u00e9v\u00e8nement. Ces politiques de remboursements coupl\u00e9es avec celles de PressTix d\u00e9terminent si votre requ\u00eate de remboursement peut \u00eatre approuv\u00e9e ainsi que les d\u00e9lais de traitement.<\/span><\/p>\n<p style=\"text-align: justify;\"><span style=\"color: #000000;\">Un remboursement \u00e0 l\u2019utilisateur ne peut se faire que pour ces 2 conditions. Soit:<\/span><\/p>\n<p style=\"text-align: justify;\"><span style=\"color: #000000;\">\u00a0 \u00a0 \u00a0 \u00a0 \u00a0 \u00a0\u2013 L\u2019\u00e9v\u00e9nement est annul\u00e9.<\/span><\/p>\n<p style=\"text-align: justify;\"><span style=\"color: #000000;\">\u00a0 \u00a0 \u00a0 \u00a0 \u00a0 \u00a0\u2013 L\u2019\u00e9v\u00e8nement est report\u00e9.<\/span><\/p>\n<p style=\"text-align: justify;\"><span style=\"color: #000000;\">Si l\u2019\u00e9v\u00e9nement est annul\u00e9 et qu\u2019une nouvelle date ne soit pas annonc\u00e9e par le promoteur, PressTix s\u2019engage \u00e0 rembourser les utilisateurs ayant achet\u00e9 leurs billets via la plateforme, sous les conditions suivantes :<\/span><\/p>\n<p style=\"text-align: justify;\"><span style=\"color: #000000;\"><strong>\u00a0 \u00a0 \u00a0 \u00a0 \u00a0 \u00a01- Notification officielle<\/strong><\/span><br \/>\n<span style=\"color: #000000;\">L\u2019annulation doit \u00eatre confirm\u00e9e par l\u2019organisateur via un avis \u00e9crit officiel envoy\u00e9 \u00e0 PressTix.<\/span><\/p>\n<p style=\"text-align: justify;\"><span style=\"color: #000000;\"><strong>\u00a0 \u00a0 \u00a0 \u00a0 \u00a0 \u00a02- D\u00e9lai de remboursement<\/strong><\/span><br \/>\n<span style=\"color: #000000;\">Les utilisateurs seront rembours\u00e9s dans un d\u00e9lai de 7 \u00e0 14 jour ouvrable \u00e0 compter de la date de confirmation de l\u2019annulation.<\/span><\/p>\n<p style=\"text-align: justify;\"><span style=\"color: #000000;\"><strong>\u00a0 \u00a0 \u00a0 \u00a0 \u00a0 \u00a03- Montant rembours\u00e9<\/strong><\/span><br \/>\n<span style=\"color: #000000;\">Le prix du billet sera rembours\u00e9 \u00e0 l\u2019acheteur sans les frais de service, les frais de traitement ainsi que la TVA qui ne sont pas remboursables sauf mention contraire dans le contrat avec l\u2019organisateur.<\/span><\/p>\n<p style=\"text-align: justify;\"><span style=\"color: #000000;\"><strong>Cas de report de l\u2019\u00e9v\u00e9nement<\/strong><\/span><br \/>\n<span style=\"color: #000000;\">En cas de report de l\u2019\u00e9v\u00e9nement pour une date ult\u00e9rieure, un remboursement \u00e9ventuel du Billet \u00e0 l\u2019Acheteur sera soumis \u00e0 la d\u00e9cision pr\u00e9alable de PressTix et de l\u2019Organisateur. Si par exemple l\u2019organisateur choisit une nouvelle date qui se situe dans les 30 jours apr\u00e8s la date initiale de l\u2019\u00e9v\u00e9nement, l\u2019acheteur du billet aura deux options :<\/span><\/p>\n<p style=\"text-align: justify;\"><span style=\"color: #000000;\">\u00a0 \u00a0 \u00a0 \u00a0 \u00a0<strong>\u00a0 \u00a01-<\/strong>\u00a0Conserver son billet (Les billets resteront valables pour la nouvelle date.)<\/span><\/p>\n<p style=\"text-align: justify;\"><span style=\"color: #000000;\">\u00a0 \u00a0 \u00a0<strong>\u00a0 \u00a0 \u00a0 \u00a02-<\/strong>\u00a0Demander un remboursement<\/span><\/p>\n<p style=\"text-align: justify;\"><span style=\"color: #000000;\">Les utilisateurs peuvent demander un remboursement dans un d\u00e9lai de 7 jours suivant l\u2019annonce du report officiel. Les m\u00eames modalit\u00e9s de remboursement s\u2019appliquent dans le cas d\u2019une annulation.<\/span><\/p>\n<p style=\"text-align: justify;\"><span style=\"color: #000000;\"><strong>Proc\u00e9dure pour le remboursement<\/strong><\/span><br \/>\n<span style=\"color: #000000;\">Les utilisateurs doivent soumettre une demande de remboursement directement via la plateforme PressTix, en utilisant l\u2019onglet \u201c<strong>Remboursement<\/strong>\u201d.<\/span><\/p>\n<p style=\"text-align: justify;\"><span style=\"color: #000000;\">S\u2019ils ont besoin d\u2019aide, ils peuvent se d\u00e9placer dans les bureaux de PressTix ou appeler le service client\u00e8le au <strong>77 474 8260\/ 77 655 2749<\/strong>.\u00a0<\/span><\/p>\n<p style=\"text-align: justify;\"><span style=\"color: #000000;\">Pour plus d\u2019informations ou d\u2019assistance, veuillez consulter notre\u00a0<a style=\"color: #000000;\" href=\"https:\/\/presstix.com\/support\">Centre d\u2019Aide<\/a>\u00a0ou nous contacter \u00e0\u00a0Support@PressTix.com. Vous pouvez aussi consulter\u00a0nos\u00a0c<span style=\"color: #477347;\"><a style=\"color: #477347;\" href=\"https:\/\/presstix.com\/info\/nos-conditions-generales-de-ventecgv\/\">onditions g\u00e9n\u00e9rales de vente (CGV)<\/a><\/span><span style=\"font-size: 15px; font-weight: 400;\">.<\/span><\/span><\/p>\n[\/vc_column_text][vc_empty_space height=&#8221;12px&#8221;][vc_message message_box_color=&#8221;orange&#8221; css=&#8221;&#8221;]\n<h5 style=\"text-align: center;\"><span style=\"color: #000000;\"><a style=\"color: #000000;\" href=\"https:\/\/presstix.com\/info\/formulaire-de-demande-de-remboursement\/\">Cliquez ici pour demander un remboursement<\/a><\/span><\/h5>\n[\/vc_message][\/vc_column][vc_column width=&#8221;1\/3&#8243; offset=&#8221;vc_hidden-sm vc_hidden-xs&#8221;][vc_column_text css=&#8221;&#8221;]\n<h5><span style=\"color: #000000;\">Questions\/Reponses<\/span><\/h5>\n[\/vc_column_text][vc_column_text css=&#8221;&#8221;]<span style=\"color: #477347;\"><a style=\"color: #477347;\" title=\"Est-il possible d\u2019annuler ou de modifier ma commande ?\" href=\"https:\/\/presstix.com\/support\/questions-reponses\/achat-de-ticket-en-ligne\/est-il-possible-dannuler-ou-modifier-ma-commande\/\">&#8211; Est-il possible d\u2019annuler ou de modifier ma commande ?<\/a><\/span><\/p>\n<p><span style=\"color: #477347;\"><a style=\"color: #477347;\" title=\"Comment dois je demander un remboursement?\" href=\"https:\/\/presstix.com\/support\/questions-reponses\/achat-de-ticket-en-ligne\/comment-dois-je-demander-un-remboursement\/\">&#8211; Comment dois je demander un remboursement?<\/a><\/span><\/p>\n<p><span style=\"color: #477347;\"><a style=\"color: #477347;\" title=\"Avez-vous une garantie d\u2019achat au cas ou j\u2019ai un probl\u00e8me avec mon billet?\" href=\"https:\/\/presstix.com\/support\/questions-reponses\/achat-de-ticket-en-ligne\/avez-vous-une-garantie-dachat-au-cas-jai-un-probleme-avec-mon-billet\/\">&#8211; Avez-vous une garantie d\u2019achat au cas ou j\u2019ai un probl\u00e8me avec mon billet?<\/a><\/span><\/p>\n<p><span style=\"color: #477347;\"><a style=\"color: #477347;\" title=\"Et si je ne peux plus assister \u00e0 un \u00e9v\u00e9nement alors que j\u2019ai d\u00e9j\u00e0 achet\u00e9 le billet?\" href=\"https:\/\/presstix.com\/support\/questions-reponses\/achat-de-ticket-en-ligne\/et-si-je-ne-peux-plus-assister-a-un-evenement-alors-que-jai-deja-achete-le-billet\/\">&#8211; Et si je ne peux plus assister \u00e0 un \u00e9v\u00e9nement alors que j\u2019ai d\u00e9j\u00e0 achet\u00e9 le billet?<\/a><\/span><\/p>\n<p><a title=\"Que faire si l\u2019\u00c9v\u00e9nement a \u00e9t\u00e9 report\u00e9 ou annul\u00e9 a la derni\u00e8re minute?\" href=\"https:\/\/presstix.com\/support\/questions-reponses\/annulation-et-remboursement\/que-faire-si-levenement-a-ete-reporte-ou-annule-a-la-derniere-minute\/\"><span style=\"color: #477347;\">Que faire si l\u2019\u00c9v\u00e9nement a \u00e9t\u00e9 report\u00e9 ou annul\u00e9 a la derni\u00e8re minute?<\/span><\/a>[\/vc_column_text][vc_column_text css=&#8221;&#8221;]\n<div class=\"wpb_text_column wpb_content_element\">\n<div class=\"wpb_wrapper\">\n<h5><span style=\"color: #000000;\">G\u00e9rez votre Compte<\/span><\/h5>\n<\/div>\n<\/div>\n<div class=\"wpb_text_column wpb_content_element\">\n<div class=\"wpb_wrapper\">\n<ul id=\"menu-utilisateurs\" class=\"menu\">\n<li id=\"menu-item-162\" class=\"menu-item menu-item-type-custom menu-item-object-custom menu-item-162\"><span style=\"color: #477347;\"><a style=\"color: #477347;\" href=\"https:\/\/www.presstix.com\/\">Cr\u00e9er un Compte<\/a><\/span><\/li>\n<li id=\"menu-item-311\" class=\"menu-item menu-item-type-custom menu-item-object-custom menu-item-311\"><span style=\"color: #477347;\"><a style=\"color: #477347;\" href=\"https:\/\/presstix.com\/info\/nos-frais-dutilisation\/#\">Voir mon Compte<\/a><\/span><\/li>\n<li id=\"menu-item-314\" class=\"menu-item menu-item-type-custom menu-item-object-custom menu-item-314\"><span style=\"color: #477347;\"><a style=\"color: #477347;\" href=\"https:\/\/presstix.com\/info\/telechargez-presstix\/\">Installez PressTix<\/a><\/span><\/li>\n<li id=\"menu-item-1089\" class=\"menu-item menu-item-type-custom menu-item-object-custom menu-item-1089\"><span style=\"color: #477347;\"><a style=\"color: #477347;\" href=\"https:\/\/presstix.com\/info\/achetez-vos-tickets-de-groupe\/\">Tickets de Groupe<\/a><\/span><\/li>\n<li id=\"menu-item-161\" class=\"menu-item menu-item-type-custom menu-item-object-custom menu-item-161\"><span style=\"color: #477347;\"><a style=\"color: #477347;\" href=\"https:\/\/presstix.com\/info\/transfert-de-billets\/\">Transfert Billets<\/a><\/span><\/li>\n<li id=\"menu-item-1091\" class=\"menu-item menu-item-type-custom menu-item-object-custom current-menu-item menu-item-1091\"><a href=\"https:\/\/presstix.com\/info\/nos-frais-dutilisation\/\"><span style=\"color: #477347;\">Frais d\u2019utilisation<\/span><\/a><\/li>\n<li id=\"menu-item-1487\" class=\"menu-item menu-item-type-custom menu-item-object-custom menu-item-1487\"><span style=\"color: #000000;\">&gt;&gt; Remboursement<\/span><\/li>\n<li id=\"menu-item-1144\" class=\"menu-item menu-item-type-custom menu-item-object-custom menu-item-1144\"><span style=\"color: #477347;\"><a style=\"color: #477347;\" href=\"https:\/\/presstix.com\/info\/termes-et-conditions-de-presstix\/\">Conditions d\u2019Utilisation<\/a><\/span><\/li>\n<li id=\"menu-item-1146\" class=\"menu-item menu-item-type-custom menu-item-object-custom menu-item-1146\"><span style=\"color: #477347;\"><a style=\"color: #477347;\" href=\"https:\/\/presstix.com\/info\/nos-conditions-generales-de-ventecgv\/\">Nos Conditions de Vente<\/a><\/span><\/li>\n<li id=\"menu-item-160\" class=\"menu-item menu-item-type-custom menu-item-object-custom menu-item-160\"><span style=\"color: #477347;\"><a style=\"color: #477347;\" href=\"https:\/\/presstix.com\/info\/a-propos-de-presstix\/\">Qui Sommes Nous<\/a><\/span><\/li>\n<li id=\"menu-item-1134\" class=\"menu-item menu-item-type-custom menu-item-object-custom menu-item-1134\"><span style=\"color: #477347;\"><a style=\"color: #477347;\" href=\"https:\/\/www.presstix.com\/support\/\">Support\/Questions<\/a><\/span><\/li>\n<li id=\"menu-item-1093\" class=\"menu-item menu-item-type-custom menu-item-object-custom menu-item-1093\"><span style=\"color: #477347;\"><a style=\"color: #477347;\" href=\"https:\/\/presstix.com\/info\/politique-de-confidentialite-de-presstix\/\">Politique de Confidentialit\u00e9<\/a><\/span><\/li>\n<li id=\"menu-item-1488\" class=\"menu-item menu-item-type-custom menu-item-object-custom menu-item-1488\"><span style=\"color: #477347;\"><a style=\"color: #477347;\" href=\"https:\/\/presstix.com\/info\/utilisez-presstix-en-toute-securite\/\">Votre S\u00e9curit\u00e9<\/a><\/span><\/li>\n<\/ul>\n<\/div>\n<\/div>\n[\/vc_column_text][vc_empty_space][vc_single_image image=&#8221;2605&#8243; img_size=&#8221;Full&#8221; css=&#8221;&#8221;][\/vc_column][\/vc_row]\n<\/div>","protected":false},"excerpt":{"rendered":"<p>[vc_row][vc_column][vc_single_image image=&#8221;1661&#8243; img_size=&#8221;full&#8221; alignment=&#8221;center&#8221;][\/vc_column][\/vc_row][vc_row][vc_column width=&#8221;2\/3&#8243;][vc_column_text css=&#8221;&#8221;] Notre Politique de Remboursement Avant d\u2019acheter un billet, nous recommandons vivement \u00e0 nos utilisateurs de lire attentivement nos politiques de remboursement ainsi que celles du promoteur pour comprendre les conditions qui s\u2019appliquent. Durant la cr\u00e9ation de l\u2019\u00e9v\u00e8nement, l\u2019organisateur est forc\u00e9 de lister une politique de remboursement affich\u00e9e sur la [&hellip;]<\/p>\n","protected":false},"author":1,"featured_media":1479,"parent":0,"menu_order":0,"comment_status":"closed","ping_status":"closed","template":"","meta":{"content-type":"","footnotes":""},"class_list":["post-1481","page","type-page","status-publish","has-post-thumbnail","hentry"],"yoast_head":"<!-- This site is optimized with the Yoast SEO plugin v27.5 - https:\/\/yoast.com\/product\/yoast-seo-wordpress\/ -->\n<title>Annulation, report et remboursement - Tout savoir sur PressTix<\/title>\n<meta name=\"description\" content=\"Avant d\u2019acheter un billet, nous recommandons vivement \u00e0 nos utilisateurs de lire attentivement nos politiques de remboursement ainsi que celles du promoteur pour comprendre les conditions qui s\u2019appliquent. Durant la cr\u00e9ation de l\u2019\u00e9v\u00e8nement, l\u2019organisateur est forc\u00e9 de lister une politique de remboursement affich\u00e9e sur la page de l\u2019\u00e9v\u00e8nement.\" \/>\n<meta name=\"robots\" content=\"index, follow, max-snippet:-1, max-image-preview:large, max-video-preview:-1\" \/>\n<link rel=\"canonical\" href=\"https:\/\/presstix.com\/info\/annulation-report-et-remboursement\/\" \/>\n<meta property=\"og:locale\" content=\"fr_FR\" \/>\n<meta property=\"og:type\" content=\"article\" \/>\n<meta property=\"og:title\" content=\"Annulation, report et remboursement - Tout savoir sur PressTix\" \/>\n<meta property=\"og:description\" content=\"Avant d\u2019acheter un billet, nous recommandons vivement \u00e0 nos utilisateurs de lire attentivement nos politiques de remboursement ainsi que celles du promoteur pour comprendre les conditions qui s\u2019appliquent. Durant la cr\u00e9ation de l\u2019\u00e9v\u00e8nement, l\u2019organisateur est forc\u00e9 de lister une politique de remboursement affich\u00e9e sur la page de l\u2019\u00e9v\u00e8nement.\" \/>\n<meta property=\"og:url\" content=\"https:\/\/presstix.com\/info\/annulation-report-et-remboursement\/\" \/>\n<meta property=\"og:site_name\" content=\"Tout savoir sur PressTix\" \/>\n<meta property=\"article:publisher\" content=\"https:\/\/www.facebook.com\/presstix\" \/>\n<meta property=\"article:modified_time\" content=\"2026-01-04T03:23:29+00:00\" \/>\n<meta property=\"og:image\" content=\"https:\/\/presstix.com\/info\/wp-content\/uploads\/2022\/11\/79507-19.P35-QH-JF_Article-810x380-1.jpg\" \/>\n\t<meta property=\"og:image:width\" content=\"810\" \/>\n\t<meta property=\"og:image:height\" content=\"380\" \/>\n\t<meta property=\"og:image:type\" content=\"image\/jpeg\" \/>\n<meta name=\"twitter:card\" content=\"summary_large_image\" \/>\n<meta name=\"twitter:label1\" content=\"Dur\u00e9e de lecture estim\u00e9e\" \/>\n\t<meta name=\"twitter:data1\" content=\"4 minutes\" \/>\n<script type=\"application\/ld+json\" class=\"yoast-schema-graph\">{\"@context\":\"https:\\\/\\\/schema.org\",\"@graph\":[{\"@type\":\"WebPage\",\"@id\":\"https:\\\/\\\/presstix.com\\\/info\\\/annulation-report-et-remboursement\\\/\",\"url\":\"https:\\\/\\\/presstix.com\\\/info\\\/annulation-report-et-remboursement\\\/\",\"name\":\"Annulation, report et remboursement - Tout savoir sur PressTix\",\"isPartOf\":{\"@id\":\"https:\\\/\\\/presstix.com\\\/info\\\/#website\"},\"primaryImageOfPage\":{\"@id\":\"https:\\\/\\\/presstix.com\\\/info\\\/annulation-report-et-remboursement\\\/#primaryimage\"},\"image\":{\"@id\":\"https:\\\/\\\/presstix.com\\\/info\\\/annulation-report-et-remboursement\\\/#primaryimage\"},\"thumbnailUrl\":\"https:\\\/\\\/presstix.com\\\/info\\\/wp-content\\\/uploads\\\/2022\\\/11\\\/79507-19.P35-QH-JF_Article-810x380-1.jpg\",\"datePublished\":\"2022-11-19T00:02:12+00:00\",\"dateModified\":\"2026-01-04T03:23:29+00:00\",\"description\":\"Avant d\u2019acheter un billet, nous recommandons vivement \u00e0 nos utilisateurs de lire attentivement nos politiques de remboursement ainsi que celles du promoteur pour comprendre les conditions qui s\u2019appliquent. Durant la cr\u00e9ation de l\u2019\u00e9v\u00e8nement, l\u2019organisateur est forc\u00e9 de lister une politique de remboursement affich\u00e9e sur la page de l\u2019\u00e9v\u00e8nement.\",\"breadcrumb\":{\"@id\":\"https:\\\/\\\/presstix.com\\\/info\\\/annulation-report-et-remboursement\\\/#breadcrumb\"},\"inLanguage\":\"fr-FR\",\"potentialAction\":[{\"@type\":\"ReadAction\",\"target\":[\"https:\\\/\\\/presstix.com\\\/info\\\/annulation-report-et-remboursement\\\/\"]}]},{\"@type\":\"ImageObject\",\"inLanguage\":\"fr-FR\",\"@id\":\"https:\\\/\\\/presstix.com\\\/info\\\/annulation-report-et-remboursement\\\/#primaryimage\",\"url\":\"https:\\\/\\\/presstix.com\\\/info\\\/wp-content\\\/uploads\\\/2022\\\/11\\\/79507-19.P35-QH-JF_Article-810x380-1.jpg\",\"contentUrl\":\"https:\\\/\\\/presstix.com\\\/info\\\/wp-content\\\/uploads\\\/2022\\\/11\\\/79507-19.P35-QH-JF_Article-810x380-1.jpg\",\"width\":810,\"height\":380},{\"@type\":\"BreadcrumbList\",\"@id\":\"https:\\\/\\\/presstix.com\\\/info\\\/annulation-report-et-remboursement\\\/#breadcrumb\",\"itemListElement\":[{\"@type\":\"ListItem\",\"position\":1,\"name\":\"Acceuil\",\"item\":\"https:\\\/\\\/presstix.com\\\/info\\\/\"},{\"@type\":\"ListItem\",\"position\":2,\"name\":\"Annulation, report et remboursement\"}]},{\"@type\":\"WebSite\",\"@id\":\"https:\\\/\\\/presstix.com\\\/info\\\/#website\",\"url\":\"https:\\\/\\\/presstix.com\\\/info\\\/\",\"name\":\"PressTix Info\",\"description\":\"\",\"publisher\":{\"@id\":\"https:\\\/\\\/presstix.com\\\/info\\\/#organization\"},\"potentialAction\":[{\"@type\":\"SearchAction\",\"target\":{\"@type\":\"EntryPoint\",\"urlTemplate\":\"https:\\\/\\\/presstix.com\\\/info\\\/?s={search_term_string}\"},\"query-input\":{\"@type\":\"PropertyValueSpecification\",\"valueRequired\":true,\"valueName\":\"search_term_string\"}}],\"inLanguage\":\"fr-FR\"},{\"@type\":\"Organization\",\"@id\":\"https:\\\/\\\/presstix.com\\\/info\\\/#organization\",\"name\":\"PressTix\",\"url\":\"https:\\\/\\\/presstix.com\\\/info\\\/\",\"logo\":{\"@type\":\"ImageObject\",\"inLanguage\":\"fr-FR\",\"@id\":\"https:\\\/\\\/presstix.com\\\/info\\\/#\\\/schema\\\/logo\\\/image\\\/\",\"url\":\"https:\\\/\\\/i0.wp.com\\\/presstix.com\\\/info\\\/wp-content\\\/uploads\\\/2024\\\/12\\\/cropped-p-carre-vert.png?fit=512%2C512&ssl=1\",\"contentUrl\":\"https:\\\/\\\/i0.wp.com\\\/presstix.com\\\/info\\\/wp-content\\\/uploads\\\/2024\\\/12\\\/cropped-p-carre-vert.png?fit=512%2C512&ssl=1\",\"width\":512,\"height\":512,\"caption\":\"PressTix\"},\"image\":{\"@id\":\"https:\\\/\\\/presstix.com\\\/info\\\/#\\\/schema\\\/logo\\\/image\\\/\"},\"sameAs\":[\"https:\\\/\\\/www.facebook.com\\\/presstix\",\"https:\\\/\\\/www.linkedin.com\\\/company\\\/presstix\",\"https:\\\/\\\/twitter.com\\\/press_tix\\\/\",\"https:\\\/\\\/www.youtube.com\\\/channel\\\/UCv608FueLovTZSdmpB9MDTw\",\"https:\\\/\\\/www.instagram.com\\\/presstix\\\/\"]}]}<\/script>\n<!-- \/ Yoast SEO plugin. -->","yoast_head_json":{"title":"Annulation, report et remboursement - Tout savoir sur PressTix","description":"Avant d\u2019acheter un billet, nous recommandons vivement \u00e0 nos utilisateurs de lire attentivement nos politiques de remboursement ainsi que celles du promoteur pour comprendre les conditions qui s\u2019appliquent. Durant la cr\u00e9ation de l\u2019\u00e9v\u00e8nement, l\u2019organisateur est forc\u00e9 de lister une politique de remboursement affich\u00e9e sur la page de l\u2019\u00e9v\u00e8nement.","robots":{"index":"index","follow":"follow","max-snippet":"max-snippet:-1","max-image-preview":"max-image-preview:large","max-video-preview":"max-video-preview:-1"},"canonical":"https:\/\/presstix.com\/info\/annulation-report-et-remboursement\/","og_locale":"fr_FR","og_type":"article","og_title":"Annulation, report et remboursement - Tout savoir sur PressTix","og_description":"Avant d\u2019acheter un billet, nous recommandons vivement \u00e0 nos utilisateurs de lire attentivement nos politiques de remboursement ainsi que celles du promoteur pour comprendre les conditions qui s\u2019appliquent. Durant la cr\u00e9ation de l\u2019\u00e9v\u00e8nement, l\u2019organisateur est forc\u00e9 de lister une politique de remboursement affich\u00e9e sur la page de l\u2019\u00e9v\u00e8nement.","og_url":"https:\/\/presstix.com\/info\/annulation-report-et-remboursement\/","og_site_name":"Tout savoir sur PressTix","article_publisher":"https:\/\/www.facebook.com\/presstix","article_modified_time":"2026-01-04T03:23:29+00:00","og_image":[{"width":810,"height":380,"url":"https:\/\/presstix.com\/info\/wp-content\/uploads\/2022\/11\/79507-19.P35-QH-JF_Article-810x380-1.jpg","type":"image\/jpeg"}],"twitter_card":"summary_large_image","twitter_misc":{"Dur\u00e9e de lecture estim\u00e9e":"4 minutes"},"schema":{"@context":"https:\/\/schema.org","@graph":[{"@type":"WebPage","@id":"https:\/\/presstix.com\/info\/annulation-report-et-remboursement\/","url":"https:\/\/presstix.com\/info\/annulation-report-et-remboursement\/","name":"Annulation, report et remboursement - Tout savoir sur PressTix","isPartOf":{"@id":"https:\/\/presstix.com\/info\/#website"},"primaryImageOfPage":{"@id":"https:\/\/presstix.com\/info\/annulation-report-et-remboursement\/#primaryimage"},"image":{"@id":"https:\/\/presstix.com\/info\/annulation-report-et-remboursement\/#primaryimage"},"thumbnailUrl":"https:\/\/presstix.com\/info\/wp-content\/uploads\/2022\/11\/79507-19.P35-QH-JF_Article-810x380-1.jpg","datePublished":"2022-11-19T00:02:12+00:00","dateModified":"2026-01-04T03:23:29+00:00","description":"Avant d\u2019acheter un billet, nous recommandons vivement \u00e0 nos utilisateurs de lire attentivement nos politiques de remboursement ainsi que celles du promoteur pour comprendre les conditions qui s\u2019appliquent. Durant la cr\u00e9ation de l\u2019\u00e9v\u00e8nement, l\u2019organisateur est forc\u00e9 de lister une politique de remboursement affich\u00e9e sur la page de l\u2019\u00e9v\u00e8nement.","breadcrumb":{"@id":"https:\/\/presstix.com\/info\/annulation-report-et-remboursement\/#breadcrumb"},"inLanguage":"fr-FR","potentialAction":[{"@type":"ReadAction","target":["https:\/\/presstix.com\/info\/annulation-report-et-remboursement\/"]}]},{"@type":"ImageObject","inLanguage":"fr-FR","@id":"https:\/\/presstix.com\/info\/annulation-report-et-remboursement\/#primaryimage","url":"https:\/\/presstix.com\/info\/wp-content\/uploads\/2022\/11\/79507-19.P35-QH-JF_Article-810x380-1.jpg","contentUrl":"https:\/\/presstix.com\/info\/wp-content\/uploads\/2022\/11\/79507-19.P35-QH-JF_Article-810x380-1.jpg","width":810,"height":380},{"@type":"BreadcrumbList","@id":"https:\/\/presstix.com\/info\/annulation-report-et-remboursement\/#breadcrumb","itemListElement":[{"@type":"ListItem","position":1,"name":"Acceuil","item":"https:\/\/presstix.com\/info\/"},{"@type":"ListItem","position":2,"name":"Annulation, report et remboursement"}]},{"@type":"WebSite","@id":"https:\/\/presstix.com\/info\/#website","url":"https:\/\/presstix.com\/info\/","name":"PressTix Info","description":"","publisher":{"@id":"https:\/\/presstix.com\/info\/#organization"},"potentialAction":[{"@type":"SearchAction","target":{"@type":"EntryPoint","urlTemplate":"https:\/\/presstix.com\/info\/?s={search_term_string}"},"query-input":{"@type":"PropertyValueSpecification","valueRequired":true,"valueName":"search_term_string"}}],"inLanguage":"fr-FR"},{"@type":"Organization","@id":"https:\/\/presstix.com\/info\/#organization","name":"PressTix","url":"https:\/\/presstix.com\/info\/","logo":{"@type":"ImageObject","inLanguage":"fr-FR","@id":"https:\/\/presstix.com\/info\/#\/schema\/logo\/image\/","url":"https:\/\/i0.wp.com\/presstix.com\/info\/wp-content\/uploads\/2024\/12\/cropped-p-carre-vert.png?fit=512%2C512&ssl=1","contentUrl":"https:\/\/i0.wp.com\/presstix.com\/info\/wp-content\/uploads\/2024\/12\/cropped-p-carre-vert.png?fit=512%2C512&ssl=1","width":512,"height":512,"caption":"PressTix"},"image":{"@id":"https:\/\/presstix.com\/info\/#\/schema\/logo\/image\/"},"sameAs":["https:\/\/www.facebook.com\/presstix","https:\/\/www.linkedin.com\/company\/presstix","https:\/\/twitter.com\/press_tix\/","https:\/\/www.youtube.com\/channel\/UCv608FueLovTZSdmpB9MDTw","https:\/\/www.instagram.com\/presstix\/"]}]}},"_links":{"self":[{"href":"https:\/\/presstix.com\/info\/wp-json\/wp\/v2\/pages\/1481","targetHints":{"allow":["GET"]}}],"collection":[{"href":"https:\/\/presstix.com\/info\/wp-json\/wp\/v2\/pages"}],"about":[{"href":"https:\/\/presstix.com\/info\/wp-json\/wp\/v2\/types\/page"}],"author":[{"embeddable":true,"href":"https:\/\/presstix.com\/info\/wp-json\/wp\/v2\/users\/1"}],"replies":[{"embeddable":true,"href":"https:\/\/presstix.com\/info\/wp-json\/wp\/v2\/comments?post=1481"}],"version-history":[{"count":21,"href":"https:\/\/presstix.com\/info\/wp-json\/wp\/v2\/pages\/1481\/revisions"}],"predecessor-version":[{"id":2812,"href":"https:\/\/presstix.com\/info\/wp-json\/wp\/v2\/pages\/1481\/revisions\/2812"}],"wp:featuredmedia":[{"embeddable":true,"href":"https:\/\/presstix.com\/info\/wp-json\/wp\/v2\/media\/1479"}],"wp:attachment":[{"href":"https:\/\/presstix.com\/info\/wp-json\/wp\/v2\/media?parent=1481"}],"curies":[{"name":"wp","href":"https:\/\/api.w.org\/{rel}","templated":true}]}}