{"id":1131,"date":"2022-09-14T20:32:25","date_gmt":"2022-09-14T20:32:25","guid":{"rendered":"https:\/\/www.presstix.com\/info\/?page_id=1131"},"modified":"2026-01-04T03:37:51","modified_gmt":"2026-01-04T03:37:51","slug":"transfert-de-billets","status":"publish","type":"page","link":"https:\/\/presstix.com\/info\/transfert-de-billets\/","title":{"rendered":"Transferez vos Billets"},"content":{"rendered":"<div class=\"wpb-content-wrapper\">[vc_row][vc_column][vc_single_image image=&#8221;2128&#8243; img_size=&#8221;full&#8221; alignment=&#8221;center&#8221; css=&#8221;&#8221;][vc_empty_space height=&#8221;10px&#8221;][\/vc_column][\/vc_row][vc_row][vc_column width=&#8221;2\/3&#8243;][vc_column_text css=&#8221;&#8221;]\n<h4><span style=\"color: #000000;\">Transf\u00e9rer vos billets du bout des doigts<\/span><\/h4>\n<p style=\"text-align: justify;\"><span style=\"color: #000000;\">Vous avez achet\u00e9 un ou des billets que vous souhaitez transf\u00e9rer \u00e0 la personne de votre choix, nous vous offrons un syst\u00e8me int\u00e9gr\u00e9 de transfert de billets \u00e0 m\u00eame l\u2019interface de PressTix, permettant de transf\u00e9rer un nombre illimit\u00e9 de fois, selon vos besoins.<\/span><\/p>\n<h5><span style=\"color: #000000;\"><strong>Les 10 \u00c9tapes \u00e0 suivre :<\/strong><\/span><\/h5>\n<p><span style=\"color: #000000;\">\u00a0 \u00a0 \u00a01- Connectez-vous \u00e0 votre compte en ligne.<\/span><\/p>\n<p><span style=\"color: #000000;\">\u00a0 \u00a0 \u00a02- Trouvez l\u2019\u00e9v\u00e8nement en question.<\/span><\/p>\n<p><span style=\"color: #000000;\">\u00a0 \u00a0 \u00a03- Choisissez le nombre et le type de billet d\u00e9sir\u00e9.<\/span><\/p>\n<p><span style=\"color: #000000;\">\u00a0 \u00a0 \u00a04- Passez \u00e0 la Caisse.<\/span><\/p>\n<p><span style=\"color: #000000;\">\u00a0 \u00a0 \u00a05- Apr\u00e8s avoir pay\u00e9, naviguez jusqu\u2019\u00e0 votre rubrique <strong>&#8220;Mes billets<\/strong>&#8220;.<\/span><\/p>\n<p><span style=\"color: #000000;\">\u00a0 \u00a0 \u00a07- Cliquez sur le billet pour l&#8217;ouvrir.\u00a0<\/span><\/p>\n<p><span style=\"color: #000000;\">\u00a0 \u00a0 \u00a08- Trouvez la section \u00ab <strong>Transf\u00e9rer Billet<\/strong> \u00bb en bas du billet.<\/span><\/p>\n<p><span style=\"color: #000000;\">\u00a0 \u00a0 \u00a09- Remplissez le formulaire qui s\u2019affiche en inscrivant le pr\u00e9nom, le nom et l\u2019adresse courriel de la personne qui recevra le billet. Si vous avez un message, ajoutez le.\u00a0<\/span><\/p>\n<p><span style=\"color: #000000;\">\u00a0 \u00a0 \u00a010- Cliquez sue &#8220;<strong>Envoyer<\/strong>&#8220;.<\/span><\/p>\n<p><span style=\"color: #000000;\">C\u2019est tout. La personne cibl\u00e9e recevra le ticket en message dans sa boite de r\u00e9ception.<\/span>[\/vc_column_text][\/vc_column][vc_column width=&#8221;1\/3&#8243; offset=&#8221;vc_hidden-sm vc_hidden-xs&#8221;][vc_column_text css=&#8221;&#8221;]\n<div class=\"wpb_text_column wpb_content_element\">\n<div class=\"wpb_wrapper\">\n<h5><span style=\"color: #000000;\">G\u00e9rez votre Compte<\/span><\/h5>\n<\/div>\n<\/div>\n<div class=\"wpb_text_column wpb_content_element\">\n<div class=\"wpb_wrapper\">\n<ul id=\"menu-utilisateurs\" class=\"menu\">\n<li id=\"menu-item-162\" class=\"menu-item menu-item-type-custom menu-item-object-custom menu-item-162\"><span style=\"color: #477347;\"><a style=\"color: #477347;\" href=\"https:\/\/www.presstix.com\/\">Cr\u00e9er un Compte<\/a><\/span><\/li>\n<li id=\"menu-item-311\" class=\"menu-item menu-item-type-custom menu-item-object-custom menu-item-311\"><span style=\"color: #477347;\"><a style=\"color: #477347;\" href=\"https:\/\/presstix.com\/info\/nos-frais-dutilisation\/#\">Voir mon Compte<\/a><\/span><\/li>\n<li id=\"menu-item-314\" class=\"menu-item menu-item-type-custom menu-item-object-custom menu-item-314\"><span style=\"color: #477347;\"><a style=\"color: #477347;\" href=\"https:\/\/presstix.com\/info\/telechargez-presstix\/\">Installez PressTix<\/a><\/span><\/li>\n<li id=\"menu-item-1089\" class=\"menu-item menu-item-type-custom menu-item-object-custom menu-item-1089\"><span style=\"color: #477347;\"><a style=\"color: #477347;\" href=\"https:\/\/presstix.com\/info\/achetez-vos-tickets-de-groupe\/\">Tickets de Groupe<\/a><\/span><\/li>\n<li id=\"menu-item-161\" class=\"menu-item menu-item-type-custom menu-item-object-custom menu-item-161\"><span style=\"color: #000000;\">&gt;&gt; Transfert Billets<\/span><\/li>\n<li id=\"menu-item-1091\" class=\"menu-item menu-item-type-custom menu-item-object-custom current-menu-item menu-item-1091\"><a href=\"https:\/\/presstix.com\/info\/nos-frais-dutilisation\/\"><span style=\"color: #477347;\">Frais d\u2019utilisation<\/span><\/a><\/li>\n<li id=\"menu-item-1487\" class=\"menu-item menu-item-type-custom menu-item-object-custom menu-item-1487\"><span style=\"color: #477347;\"><a style=\"color: #477347;\" href=\"https:\/\/presstix.com\/info\/annulation-report-et-remboursement\/\">Remboursement<\/a><\/span><\/li>\n<li id=\"menu-item-1144\" class=\"menu-item menu-item-type-custom menu-item-object-custom menu-item-1144\"><span style=\"color: #477347;\"><a style=\"color: #477347;\" href=\"https:\/\/presstix.com\/info\/termes-et-conditions-de-presstix\/\">Conditions d\u2019Utilisation<\/a><\/span><\/li>\n<li id=\"menu-item-1146\" class=\"menu-item menu-item-type-custom menu-item-object-custom menu-item-1146\"><span style=\"color: #477347;\"><a style=\"color: #477347;\" href=\"https:\/\/presstix.com\/info\/nos-conditions-generales-de-ventecgv\/\">Nos Conditions de Vente<\/a><\/span><\/li>\n<li id=\"menu-item-160\" class=\"menu-item menu-item-type-custom menu-item-object-custom menu-item-160\"><span style=\"color: #477347;\"><a style=\"color: #477347;\" href=\"https:\/\/presstix.com\/info\/a-propos-de-presstix\/\">Qui Sommes Nous<\/a><\/span><\/li>\n<li id=\"menu-item-1134\" class=\"menu-item menu-item-type-custom menu-item-object-custom menu-item-1134\"><span style=\"color: #477347;\"><a style=\"color: #477347;\" href=\"https:\/\/www.presstix.com\/support\/\">Support\/Questions<\/a><\/span><\/li>\n<li id=\"menu-item-1093\" class=\"menu-item menu-item-type-custom menu-item-object-custom menu-item-1093\"><span style=\"color: #477347;\"><a style=\"color: #477347;\" href=\"https:\/\/presstix.com\/info\/politique-de-confidentialite-de-presstix\/\">Politique de Confidentialit\u00e9<\/a><\/span><\/li>\n<li id=\"menu-item-1488\" class=\"menu-item menu-item-type-custom menu-item-object-custom menu-item-1488\"><span style=\"color: #477347;\"><a style=\"color: #477347;\" href=\"https:\/\/presstix.com\/info\/utilisez-presstix-en-toute-securite\/\">Votre S\u00e9curit\u00e9<\/a><\/span><\/li>\n<\/ul>\n<\/div>\n<\/div>\n[\/vc_column_text][\/vc_column][\/vc_row][vc_row css=&#8221;.vc_custom_1668494021406{background-image: url(https:\/\/presstix.com\/info\/wp-content\/uploads\/2022\/10\/Screenshot-2022-10-30-at-04-01-19-Creer-un-Evenement-sur-PressTix-\u2013-Presstix-Info-\u2013-Tout-savoir-sur-PressTix-e1667116991356.png?id=1351) !important;}&#8221;][vc_column][vc_row_inner][vc_column_inner width=&#8221;1\/2&#8243; offset=&#8221;vc_hidden-sm vc_hidden-xs&#8221;][vc_single_image image=&#8221;1349&#8243; img_size=&#8221;full&#8221;][\/vc_column_inner][vc_column_inner width=&#8221;1\/2&#8243; offset=&#8221;vc_hidden-sm vc_hidden-xs&#8221;][vc_column_text]\n<h4 class=\"MuiTypography-root MuiTypography-h4\"><span style=\"color: #000000;\">Pour un accompagnement personnalis\u00e9<\/span><\/h4>\n<p class=\"MuiTypography-root MuiTypography-body1 MuiTypography-colorTextSecondary\"><span style=\"color: #000000;\">Vous souhaitez disposer de notre aide pour transf\u00e9rer vos billets ?<\/span><\/p>\n<p class=\"MuiTypography-root MuiTypography-body1 MuiTypography-colorTextSecondary\"><span style=\"color: #000000;\">Contactez-nous pour ou parlez a notre Service Clientele pour avoir de l&#8217;aide.<\/span><\/p>\n[\/vc_column_text][vc_btn title=&#8221;Demandez de l&#8217;Aide&#8221; color=&#8221;success&#8221; link=&#8221;url:https%3A%2F%2Fwww.presstix.com%2Finfo%2Fcontactez-nous%2F&#8221;][\/vc_column_inner][\/vc_row_inner][vc_row_inner][vc_column_inner width=&#8221;1\/2&#8243; offset=&#8221;vc_hidden-lg vc_hidden-md&#8221;][vc_column_text css=&#8221;&#8221;]\n<h4 class=\"MuiTypography-root MuiTypography-h4\"><span style=\"color: #000000;\">Pour un accompagnement personnalis\u00e9<\/span><\/h4>\n<p class=\"MuiTypography-root MuiTypography-body1 MuiTypography-colorTextSecondary\"><span style=\"color: #000000;\">Vous souhaitez disposer de notre aide pour transf\u00e9rer vos billets ?<\/span><\/p>\n<p class=\"MuiTypography-root MuiTypography-body1 MuiTypography-colorTextSecondary\"><span style=\"color: #000000;\">Visitez notre page <span style=\"color: #509472;\"><a style=\"color: #509472;\" href=\"https:\/\/www.presstix.com\/support\/\" target=\"_blank\" rel=\"noopener\">Support<\/a> <\/span>ou <span style=\"color: #60947a;\"><a style=\"color: #60947a;\" href=\"https:\/\/presstix.com\/info\/contactez-nous\/\">Parlez a notre Service Clientele<\/a><\/span> pour avoir de l&#8217;aide.<\/span><\/p>\n[\/vc_column_text][\/vc_column_inner][vc_column_inner width=&#8221;1\/2&#8243; offset=&#8221;vc_hidden-lg vc_hidden-md&#8221;][vc_single_image image=&#8221;1349&#8243; img_size=&#8221;full&#8221;][vc_empty_space][vc_btn title=&#8221;Demandez de l&#8217;Aide&#8221; color=&#8221;success&#8221; align=&#8221;center&#8221; css=&#8221;&#8221; link=&#8221;url:https%3A%2F%2Fwww.presstix.com%2Finfo%2Fcontactez-nous%2F&#8221;][\/vc_column_inner][\/vc_row_inner][\/vc_column][\/vc_row]\n<\/div>","protected":false},"excerpt":{"rendered":"<p>[vc_row][vc_column][vc_single_image image=&#8221;2128&#8243; img_size=&#8221;full&#8221; alignment=&#8221;center&#8221; css=&#8221;&#8221;][vc_empty_space height=&#8221;10px&#8221;][\/vc_column][\/vc_row][vc_row][vc_column width=&#8221;2\/3&#8243;][vc_column_text css=&#8221;&#8221;] Transf\u00e9rer vos billets du bout des doigts Vous avez achet\u00e9 un ou des billets que vous souhaitez transf\u00e9rer \u00e0 la personne de votre choix, nous vous offrons un syst\u00e8me int\u00e9gr\u00e9 de transfert de billets \u00e0 m\u00eame l\u2019interface de PressTix, permettant de transf\u00e9rer un nombre illimit\u00e9 de fois, [&hellip;]<\/p>\n","protected":false},"author":1,"featured_media":786,"parent":0,"menu_order":0,"comment_status":"closed","ping_status":"closed","template":"","meta":{"content-type":"","footnotes":""},"class_list":["post-1131","page","type-page","status-publish","has-post-thumbnail","hentry"],"yoast_head":"<!-- This site is optimized with the Yoast SEO plugin v27.5 - https:\/\/yoast.com\/product\/yoast-seo-wordpress\/ -->\n<title>Transferez vos Billets - Tout savoir sur PressTix<\/title>\n<meta name=\"description\" content=\"Vous avez achet\u00e9 un ou des billets \u00e9lectroniques que vous souhaitez transf\u00e9rer \u00e0 la personne de votre choix, nous vous offrons un syst\u00e8me int\u00e9gr\u00e9 de transfert de billets \u00e0 m\u00eame l\u2019interface de PressTix, permettant de transf\u00e9rer un nombre illimit\u00e9 de fois, selon vos besoins.\" \/>\n<meta name=\"robots\" content=\"index, follow, max-snippet:-1, max-image-preview:large, max-video-preview:-1\" \/>\n<link rel=\"canonical\" href=\"https:\/\/presstix.com\/info\/transfert-de-billets\/\" \/>\n<meta property=\"og:locale\" content=\"fr_FR\" \/>\n<meta property=\"og:type\" content=\"article\" \/>\n<meta property=\"og:title\" content=\"Transferez vos Billets - Tout savoir sur PressTix\" \/>\n<meta property=\"og:description\" content=\"Vous avez achet\u00e9 un ou des billets \u00e9lectroniques que vous souhaitez transf\u00e9rer \u00e0 la personne de votre choix, nous vous offrons un syst\u00e8me int\u00e9gr\u00e9 de transfert de billets \u00e0 m\u00eame l\u2019interface de PressTix, permettant de transf\u00e9rer un nombre illimit\u00e9 de fois, selon vos besoins.\" \/>\n<meta property=\"og:url\" content=\"https:\/\/presstix.com\/info\/transfert-de-billets\/\" \/>\n<meta property=\"og:site_name\" content=\"Tout savoir sur PressTix\" \/>\n<meta property=\"article:publisher\" content=\"https:\/\/www.facebook.com\/presstix\" \/>\n<meta property=\"article:modified_time\" content=\"2026-01-04T03:37:51+00:00\" \/>\n<meta property=\"og:image\" content=\"https:\/\/presstix.com\/info\/wp-content\/uploads\/2022\/08\/benefits-of-using-ticketing-software.png\" \/>\n\t<meta property=\"og:image:width\" content=\"1813\" \/>\n\t<meta property=\"og:image:height\" content=\"861\" \/>\n\t<meta property=\"og:image:type\" content=\"image\/png\" \/>\n<meta name=\"twitter:card\" content=\"summary_large_image\" \/>\n<meta name=\"twitter:label1\" content=\"Dur\u00e9e de lecture estim\u00e9e\" \/>\n\t<meta name=\"twitter:data1\" content=\"2 minutes\" \/>\n<script type=\"application\/ld+json\" class=\"yoast-schema-graph\">{\"@context\":\"https:\\\/\\\/schema.org\",\"@graph\":[{\"@type\":\"WebPage\",\"@id\":\"https:\\\/\\\/presstix.com\\\/info\\\/transfert-de-billets\\\/\",\"url\":\"https:\\\/\\\/presstix.com\\\/info\\\/transfert-de-billets\\\/\",\"name\":\"Transferez vos Billets - Tout savoir sur PressTix\",\"isPartOf\":{\"@id\":\"https:\\\/\\\/presstix.com\\\/info\\\/#website\"},\"primaryImageOfPage\":{\"@id\":\"https:\\\/\\\/presstix.com\\\/info\\\/transfert-de-billets\\\/#primaryimage\"},\"image\":{\"@id\":\"https:\\\/\\\/presstix.com\\\/info\\\/transfert-de-billets\\\/#primaryimage\"},\"thumbnailUrl\":\"https:\\\/\\\/presstix.com\\\/info\\\/wp-content\\\/uploads\\\/2022\\\/08\\\/benefits-of-using-ticketing-software.png\",\"datePublished\":\"2022-09-14T20:32:25+00:00\",\"dateModified\":\"2026-01-04T03:37:51+00:00\",\"description\":\"Vous avez achet\u00e9 un ou des billets \u00e9lectroniques que vous souhaitez transf\u00e9rer \u00e0 la personne de votre choix, nous vous offrons un syst\u00e8me int\u00e9gr\u00e9 de transfert de billets \u00e0 m\u00eame l\u2019interface de PressTix, permettant de transf\u00e9rer un nombre illimit\u00e9 de fois, selon vos besoins.\",\"breadcrumb\":{\"@id\":\"https:\\\/\\\/presstix.com\\\/info\\\/transfert-de-billets\\\/#breadcrumb\"},\"inLanguage\":\"fr-FR\",\"potentialAction\":[{\"@type\":\"ReadAction\",\"target\":[\"https:\\\/\\\/presstix.com\\\/info\\\/transfert-de-billets\\\/\"]}]},{\"@type\":\"ImageObject\",\"inLanguage\":\"fr-FR\",\"@id\":\"https:\\\/\\\/presstix.com\\\/info\\\/transfert-de-billets\\\/#primaryimage\",\"url\":\"https:\\\/\\\/presstix.com\\\/info\\\/wp-content\\\/uploads\\\/2022\\\/08\\\/benefits-of-using-ticketing-software.png\",\"contentUrl\":\"https:\\\/\\\/presstix.com\\\/info\\\/wp-content\\\/uploads\\\/2022\\\/08\\\/benefits-of-using-ticketing-software.png\",\"width\":1813,\"height\":861},{\"@type\":\"BreadcrumbList\",\"@id\":\"https:\\\/\\\/presstix.com\\\/info\\\/transfert-de-billets\\\/#breadcrumb\",\"itemListElement\":[{\"@type\":\"ListItem\",\"position\":1,\"name\":\"Acceuil\",\"item\":\"https:\\\/\\\/presstix.com\\\/info\\\/\"},{\"@type\":\"ListItem\",\"position\":2,\"name\":\"Transferez vos Billets\"}]},{\"@type\":\"WebSite\",\"@id\":\"https:\\\/\\\/presstix.com\\\/info\\\/#website\",\"url\":\"https:\\\/\\\/presstix.com\\\/info\\\/\",\"name\":\"PressTix Info\",\"description\":\"\",\"publisher\":{\"@id\":\"https:\\\/\\\/presstix.com\\\/info\\\/#organization\"},\"potentialAction\":[{\"@type\":\"SearchAction\",\"target\":{\"@type\":\"EntryPoint\",\"urlTemplate\":\"https:\\\/\\\/presstix.com\\\/info\\\/?s={search_term_string}\"},\"query-input\":{\"@type\":\"PropertyValueSpecification\",\"valueRequired\":true,\"valueName\":\"search_term_string\"}}],\"inLanguage\":\"fr-FR\"},{\"@type\":\"Organization\",\"@id\":\"https:\\\/\\\/presstix.com\\\/info\\\/#organization\",\"name\":\"PressTix\",\"url\":\"https:\\\/\\\/presstix.com\\\/info\\\/\",\"logo\":{\"@type\":\"ImageObject\",\"inLanguage\":\"fr-FR\",\"@id\":\"https:\\\/\\\/presstix.com\\\/info\\\/#\\\/schema\\\/logo\\\/image\\\/\",\"url\":\"https:\\\/\\\/i0.wp.com\\\/presstix.com\\\/info\\\/wp-content\\\/uploads\\\/2024\\\/12\\\/cropped-p-carre-vert.png?fit=512%2C512&ssl=1\",\"contentUrl\":\"https:\\\/\\\/i0.wp.com\\\/presstix.com\\\/info\\\/wp-content\\\/uploads\\\/2024\\\/12\\\/cropped-p-carre-vert.png?fit=512%2C512&ssl=1\",\"width\":512,\"height\":512,\"caption\":\"PressTix\"},\"image\":{\"@id\":\"https:\\\/\\\/presstix.com\\\/info\\\/#\\\/schema\\\/logo\\\/image\\\/\"},\"sameAs\":[\"https:\\\/\\\/www.facebook.com\\\/presstix\",\"https:\\\/\\\/www.linkedin.com\\\/company\\\/presstix\",\"https:\\\/\\\/twitter.com\\\/press_tix\\\/\",\"https:\\\/\\\/www.youtube.com\\\/channel\\\/UCv608FueLovTZSdmpB9MDTw\",\"https:\\\/\\\/www.instagram.com\\\/presstix\\\/\"]}]}<\/script>\n<!-- \/ Yoast SEO plugin. -->","yoast_head_json":{"title":"Transferez vos Billets - Tout savoir sur PressTix","description":"Vous avez achet\u00e9 un ou des billets \u00e9lectroniques que vous souhaitez transf\u00e9rer \u00e0 la personne de votre choix, nous vous offrons un syst\u00e8me int\u00e9gr\u00e9 de transfert de billets \u00e0 m\u00eame l\u2019interface de PressTix, permettant de transf\u00e9rer un nombre illimit\u00e9 de fois, selon vos besoins.","robots":{"index":"index","follow":"follow","max-snippet":"max-snippet:-1","max-image-preview":"max-image-preview:large","max-video-preview":"max-video-preview:-1"},"canonical":"https:\/\/presstix.com\/info\/transfert-de-billets\/","og_locale":"fr_FR","og_type":"article","og_title":"Transferez vos Billets - Tout savoir sur PressTix","og_description":"Vous avez achet\u00e9 un ou des billets \u00e9lectroniques que vous souhaitez transf\u00e9rer \u00e0 la personne de votre choix, nous vous offrons un syst\u00e8me int\u00e9gr\u00e9 de transfert de billets \u00e0 m\u00eame l\u2019interface de PressTix, permettant de transf\u00e9rer un nombre illimit\u00e9 de fois, selon vos besoins.","og_url":"https:\/\/presstix.com\/info\/transfert-de-billets\/","og_site_name":"Tout savoir sur PressTix","article_publisher":"https:\/\/www.facebook.com\/presstix","article_modified_time":"2026-01-04T03:37:51+00:00","og_image":[{"width":1813,"height":861,"url":"https:\/\/presstix.com\/info\/wp-content\/uploads\/2022\/08\/benefits-of-using-ticketing-software.png","type":"image\/png"}],"twitter_card":"summary_large_image","twitter_misc":{"Dur\u00e9e de lecture estim\u00e9e":"2 minutes"},"schema":{"@context":"https:\/\/schema.org","@graph":[{"@type":"WebPage","@id":"https:\/\/presstix.com\/info\/transfert-de-billets\/","url":"https:\/\/presstix.com\/info\/transfert-de-billets\/","name":"Transferez vos Billets - Tout savoir sur PressTix","isPartOf":{"@id":"https:\/\/presstix.com\/info\/#website"},"primaryImageOfPage":{"@id":"https:\/\/presstix.com\/info\/transfert-de-billets\/#primaryimage"},"image":{"@id":"https:\/\/presstix.com\/info\/transfert-de-billets\/#primaryimage"},"thumbnailUrl":"https:\/\/presstix.com\/info\/wp-content\/uploads\/2022\/08\/benefits-of-using-ticketing-software.png","datePublished":"2022-09-14T20:32:25+00:00","dateModified":"2026-01-04T03:37:51+00:00","description":"Vous avez achet\u00e9 un ou des billets \u00e9lectroniques que vous souhaitez transf\u00e9rer \u00e0 la personne de votre choix, nous vous offrons un syst\u00e8me int\u00e9gr\u00e9 de transfert de billets \u00e0 m\u00eame l\u2019interface de PressTix, permettant de transf\u00e9rer un nombre illimit\u00e9 de fois, selon vos besoins.","breadcrumb":{"@id":"https:\/\/presstix.com\/info\/transfert-de-billets\/#breadcrumb"},"inLanguage":"fr-FR","potentialAction":[{"@type":"ReadAction","target":["https:\/\/presstix.com\/info\/transfert-de-billets\/"]}]},{"@type":"ImageObject","inLanguage":"fr-FR","@id":"https:\/\/presstix.com\/info\/transfert-de-billets\/#primaryimage","url":"https:\/\/presstix.com\/info\/wp-content\/uploads\/2022\/08\/benefits-of-using-ticketing-software.png","contentUrl":"https:\/\/presstix.com\/info\/wp-content\/uploads\/2022\/08\/benefits-of-using-ticketing-software.png","width":1813,"height":861},{"@type":"BreadcrumbList","@id":"https:\/\/presstix.com\/info\/transfert-de-billets\/#breadcrumb","itemListElement":[{"@type":"ListItem","position":1,"name":"Acceuil","item":"https:\/\/presstix.com\/info\/"},{"@type":"ListItem","position":2,"name":"Transferez vos Billets"}]},{"@type":"WebSite","@id":"https:\/\/presstix.com\/info\/#website","url":"https:\/\/presstix.com\/info\/","name":"PressTix Info","description":"","publisher":{"@id":"https:\/\/presstix.com\/info\/#organization"},"potentialAction":[{"@type":"SearchAction","target":{"@type":"EntryPoint","urlTemplate":"https:\/\/presstix.com\/info\/?s={search_term_string}"},"query-input":{"@type":"PropertyValueSpecification","valueRequired":true,"valueName":"search_term_string"}}],"inLanguage":"fr-FR"},{"@type":"Organization","@id":"https:\/\/presstix.com\/info\/#organization","name":"PressTix","url":"https:\/\/presstix.com\/info\/","logo":{"@type":"ImageObject","inLanguage":"fr-FR","@id":"https:\/\/presstix.com\/info\/#\/schema\/logo\/image\/","url":"https:\/\/i0.wp.com\/presstix.com\/info\/wp-content\/uploads\/2024\/12\/cropped-p-carre-vert.png?fit=512%2C512&ssl=1","contentUrl":"https:\/\/i0.wp.com\/presstix.com\/info\/wp-content\/uploads\/2024\/12\/cropped-p-carre-vert.png?fit=512%2C512&ssl=1","width":512,"height":512,"caption":"PressTix"},"image":{"@id":"https:\/\/presstix.com\/info\/#\/schema\/logo\/image\/"},"sameAs":["https:\/\/www.facebook.com\/presstix","https:\/\/www.linkedin.com\/company\/presstix","https:\/\/twitter.com\/press_tix\/","https:\/\/www.youtube.com\/channel\/UCv608FueLovTZSdmpB9MDTw","https:\/\/www.instagram.com\/presstix\/"]}]}},"_links":{"self":[{"href":"https:\/\/presstix.com\/info\/wp-json\/wp\/v2\/pages\/1131","targetHints":{"allow":["GET"]}}],"collection":[{"href":"https:\/\/presstix.com\/info\/wp-json\/wp\/v2\/pages"}],"about":[{"href":"https:\/\/presstix.com\/info\/wp-json\/wp\/v2\/types\/page"}],"author":[{"embeddable":true,"href":"https:\/\/presstix.com\/info\/wp-json\/wp\/v2\/users\/1"}],"replies":[{"embeddable":true,"href":"https:\/\/presstix.com\/info\/wp-json\/wp\/v2\/comments?post=1131"}],"version-history":[{"count":23,"href":"https:\/\/presstix.com\/info\/wp-json\/wp\/v2\/pages\/1131\/revisions"}],"predecessor-version":[{"id":2815,"href":"https:\/\/presstix.com\/info\/wp-json\/wp\/v2\/pages\/1131\/revisions\/2815"}],"wp:featuredmedia":[{"embeddable":true,"href":"https:\/\/presstix.com\/info\/wp-json\/wp\/v2\/media\/786"}],"wp:attachment":[{"href":"https:\/\/presstix.com\/info\/wp-json\/wp\/v2\/media?parent=1131"}],"curies":[{"name":"wp","href":"https:\/\/api.w.org\/{rel}","templated":true}]}}