{"id":1018,"date":"2022-08-31T22:57:07","date_gmt":"2022-08-31T22:57:07","guid":{"rendered":"https:\/\/www.presstix.com\/info\/?page_id=1018"},"modified":"2025-01-19T09:33:19","modified_gmt":"2025-01-19T09:33:19","slug":"demo-gratuite","status":"publish","type":"page","link":"https:\/\/presstix.com\/info\/demo-gratuite\/","title":{"rendered":"D\u00e9mo gratuite"},"content":{"rendered":"<div class=\"wpb-content-wrapper\">[vc_row][vc_column][vc_single_image image=&#8221;1971&#8243; img_size=&#8221;full&#8221; alignment=&#8221;center&#8221; css=&#8221;&#8221;][\/vc_column][\/vc_row][vc_row][vc_column width=&#8221;1\/2&#8243;][vc_column_text]\n<h4 style=\"text-align: justify;\"><span style=\"color: #000000;\">R\u00e9servez une D\u00e9mo gratuite<\/span><\/h4>\n<p style=\"text-align: justify;\"><span style=\"color: #000000;\">En tant que Promoteur d\u2019\u00e9v\u00e8nements, vous pouvez r\u00e9server une consultation pour une d\u00e9monstration gratuite de PressTix et de ses avantages.<\/span><\/p>\n<p style=\"text-align: justify;\"><span style=\"color: #000000;\">Nous calerons un rendez-vous avec une \u00e9quipe sp\u00e9cialement d\u00e9di\u00e9e pour r\u00e9pondre \u00e0 toutes les questions que vous pourrez avoir.<\/span><\/p>\n<p style=\"text-align: justify;\"><span style=\"color: #000000;\">Remplissez le formulaire ce dessous et nous vous contacterons le plus t\u00f4t possible.<\/span><\/p>\n[\/vc_column_text][vc_empty_space]\n<div class=\"wpcf7 no-js\" id=\"wpcf7-f1065-o1\" lang=\"en-US\" dir=\"ltr\" data-wpcf7-id=\"1065\">\n<div class=\"screen-reader-response\"><p role=\"status\" aria-live=\"polite\" aria-atomic=\"true\"><\/p> <ul><\/ul><\/div>\n<form action=\"\/info\/wp-json\/wp\/v2\/pages\/1018#wpcf7-f1065-o1\" method=\"post\" class=\"wpcf7-form init\" aria-label=\"Contact form\" novalidate=\"novalidate\" data-status=\"init\">\n<fieldset class=\"hidden-fields-container\"><input type=\"hidden\" name=\"_wpcf7\" value=\"1065\" \/><input type=\"hidden\" name=\"_wpcf7_version\" value=\"6.1.5\" \/><input type=\"hidden\" name=\"_wpcf7_locale\" value=\"en_US\" \/><input type=\"hidden\" name=\"_wpcf7_unit_tag\" value=\"wpcf7-f1065-o1\" \/><input type=\"hidden\" name=\"_wpcf7_container_post\" value=\"0\" \/><input type=\"hidden\" name=\"_wpcf7_posted_data_hash\" value=\"\" \/>\n<\/fieldset>\n<div class=\"row\">\n\t<div class=\"col-12 col-lg-6\">\n\t\t<div class=\"form-group mt-2 mb-3\">\n\t\t\t<p><span class=\"wpcf7-form-control-wrap\" data-name=\"your-name\"><input size=\"40\" maxlength=\"400\" class=\"wpcf7-form-control wpcf7-text wpcf7-validates-as-required form-control\" aria-required=\"true\" aria-invalid=\"false\" placeholder=\"Nom\" value=\"\" type=\"text\" name=\"your-name\" \/><\/span>\n\t\t\t<\/p>\n\t\t<\/div>\n\t<\/div>\n\t<div class=\"col-12 col-lg-6\">\n\t\t<div class=\"form-group mt-2 mb-3\">\n\t\t\t<p><span class=\"wpcf7-form-control-wrap\" data-name=\"your-email\"><input size=\"40\" maxlength=\"400\" class=\"wpcf7-form-control wpcf7-email wpcf7-validates-as-required wpcf7-text wpcf7-validates-as-email form-control\" aria-required=\"true\" aria-invalid=\"false\" placeholder=\"Addresse Email\" value=\"\" type=\"email\" name=\"your-email\" \/><\/span>\n\t\t\t<\/p>\n\t\t<\/div>\n\t<\/div>\n\t<p><span class=\"wpcf7-form-control-wrap\" data-name=\"tel-134\"><input size=\"40\" maxlength=\"400\" class=\"wpcf7-form-control wpcf7-tel wpcf7-text wpcf7-validates-as-tel\" aria-invalid=\"false\" placeholder=\"Votre T\u00e9l\u00e9phone\" value=\"\" type=\"tel\" name=\"tel-134\" \/><\/span>\n\t<\/p>\n<\/div>\n<p>Votre lieu de r\u00e9sidence <span class=\"wpcf7-form-control-wrap\" data-name=\"menu-15\"><select class=\"wpcf7-form-control wpcf7-select wpcf7-validates-as-required\" aria-required=\"true\" aria-invalid=\"false\" name=\"menu-15\"><option value=\"Dakar\">Dakar<\/option><option value=\"Thies\">Thies<\/option><option value=\"Saint Louis\">Saint Louis<\/option><option value=\"Louga\">Louga<\/option><option value=\"Matam\">Matam<\/option><option value=\"Diourbel\">Diourbel<\/option><option value=\"Fatick\">Fatick<\/option><option value=\"Kaolack\">Kaolack<\/option><option value=\"Kaffrine\">Kaffrine<\/option><option value=\"Kolda\">Kolda<\/option><option value=\"Ziguinchor\">Ziguinchor<\/option><option value=\"Sedhiou\">Sedhiou<\/option><option value=\"Kedougou\">Kedougou<\/option><option value=\"Tambacounda\">Tambacounda<\/option><\/select><\/span>\n<\/p>\n<p><span class=\"wpcf7-form-control-wrap\" data-name=\"checkbox-169\"><span class=\"wpcf7-form-control wpcf7-checkbox\"><span class=\"wpcf7-list-item first last\"><label><input type=\"checkbox\" name=\"checkbox-169[]\" value=\"Avez-vous un compte Utilisateur?\" \/><span class=\"wpcf7-list-item-label\">Avez-vous un compte Utilisateur?<\/span><\/label><\/span><\/span><\/span><br \/>\n<span class=\"wpcf7-form-control-wrap\" data-name=\"checkbox-432\"><span class=\"wpcf7-form-control wpcf7-checkbox\"><span class=\"wpcf7-list-item first last\"><label><input type=\"checkbox\" name=\"checkbox-432[]\" value=\"Avez-vous un compte Promoteur ?\" \/><span class=\"wpcf7-list-item-label\">Avez-vous un compte Promoteur ?<\/span><\/label><\/span><\/span><\/span>\n<\/p>\n<p>Vous \u00eates<br \/>\n<span class=\"wpcf7-form-control-wrap\" data-name=\"checkbox-610\"><span class=\"wpcf7-form-control wpcf7-checkbox\"><span class=\"wpcf7-list-item first\"><label><input type=\"checkbox\" name=\"checkbox-610[]\" value=\"Promoteur d\u2019\u00e9v\u00e8nements\" \/><span class=\"wpcf7-list-item-label\">Promoteur d\u2019\u00e9v\u00e8nements<\/span><\/label><\/span><span class=\"wpcf7-list-item\"><label><input type=\"checkbox\" name=\"checkbox-610[]\" value=\"Entreprise\" \/><span class=\"wpcf7-list-item-label\">Entreprise<\/span><\/label><\/span><span class=\"wpcf7-list-item last\"><label><input type=\"checkbox\" name=\"checkbox-610[]\" value=\"Particulier\" \/><span class=\"wpcf7-list-item-label\">Particulier<\/span><\/label><\/span><\/span><\/span><br \/>\n<\/p>\n<div class=\"row\">\n\t<div class=\"col-12 col-lg-12\">\n\t\t<div class=\"form-group mt-2 mb-3\">\n\t\t\t<p><span class=\"wpcf7-form-control-wrap\" data-name=\"your-subject\"><input size=\"40\" maxlength=\"400\" class=\"wpcf7-form-control wpcf7-text wpcf7-validates-as-required form-control\" aria-required=\"true\" aria-invalid=\"false\" placeholder=\"Sujet\" value=\"\" type=\"text\" name=\"your-subject\" \/><\/span>\n\t\t\t<\/p>\n\t\t<\/div>\n\t<\/div>\n<\/div>\n<div class=\"row\">\n\t<div class=\"col-12 col-lg-12\">\n\t\t<div class=\"form-group mt-2 mb-3\">\n\t\t\t<p><span class=\"wpcf7-form-control-wrap\" data-name=\"your-message\"><textarea cols=\"40\" rows=\"4\" maxlength=\"2000\" class=\"wpcf7-form-control wpcf7-textarea form-control\" aria-invalid=\"false\" placeholder=\"Votre Message\" name=\"your-message\"><\/textarea><\/span>\n\t\t\t<\/p>\n\t\t<\/div>\n\t<\/div>\n<\/div>\n<div class=\"row\">\n\t<div class=\"col-12 col-lg-12 mt-2\">\n\t\t<p><input class=\"wpcf7-form-control wpcf7-submit has-spinner btn\" type=\"submit\" value=\"R\u00e9servez votre D\u00e9mo\" \/>\n\t\t<\/p>\n\t<\/div>\n<\/div><div class=\"wpcf7-response-output\" aria-hidden=\"true\"><\/div>\n<\/form>\n<\/div>\n[vc_empty_space][\/vc_column][vc_column width=&#8221;1\/2&#8243;][vc_column_text]\n<h4 style=\"text-align: justify;\"><span style=\"color: #000000;\">PressTix Webinaires<\/span><\/h4>\n<p style=\"text-align: justify;\"><span style=\"color: #000000;\">Apprenez et obtenez des conseils sur la fa\u00e7on de g\u00e9rer votre page d\u2019\u00e9v\u00e8nements, comment communiquer avec vos visiteurs, comment promouvoir efficacement votre \u00e9v\u00e9nement, envoyer des promos et email marketing, offrir des ristournes, et plus encore !<\/span><\/p>\n[\/vc_column_text][vc_single_image image=&#8221;1067&#8243; img_size=&#8221;full&#8221; alignment=&#8221;center&#8221;][vc_empty_space]<form id=\"subscribe-form\" action=\"https:\/\/presstix.com\/info\/wp-content\/plugins\/naxos-addons\/inc\/ajax.php\" method=\"post\">\r\n\t\t\t\t\t<div class=\"input-group mb-3\">\r\n\t\t\t\t\t\t<input type=\"email\" name=\"email\" class=\"form-control field-subscribe\" placeholder=\"Enter Your Email Address\" required \/>\r\n\t\t\t\t\t<\/div>\r\n\t\t\t\t\t<p class=\"mb-0\"><button type=\"submit\" class=\"btn w-100\">Subscribe<\/button><\/p>\r\n\t\t\t\t<\/form>\r\n\t\t\t\t<h3 id=\"subscribe-result\" class=\"text-center text-white\"><span style=\"color: #000000;\">Merci pour l&#8217;inscription<\/span><\/p>\n<p><span style=\"color: #000000;\">PressTix Team<\/span><\/h3>[\/vc_column][\/vc_row]\n<\/div>","protected":false},"excerpt":{"rendered":"<p>[vc_row][vc_column][vc_single_image image=&#8221;1971&#8243; img_size=&#8221;full&#8221; alignment=&#8221;center&#8221; css=&#8221;&#8221;][\/vc_column][\/vc_row][vc_row][vc_column width=&#8221;1\/2&#8243;][vc_column_text] R\u00e9servez une D\u00e9mo gratuite En tant que Promoteur d\u2019\u00e9v\u00e8nements, vous pouvez r\u00e9server une consultation pour une d\u00e9monstration gratuite de PressTix et de ses avantages. Nous calerons un rendez-vous avec une \u00e9quipe sp\u00e9cialement d\u00e9di\u00e9e pour r\u00e9pondre \u00e0 toutes les questions que vous pourrez avoir. Remplissez le formulaire ce dessous et [&hellip;]<\/p>\n","protected":false},"author":1,"featured_media":1956,"parent":0,"menu_order":0,"comment_status":"closed","ping_status":"closed","template":"","meta":{"content-type":"","footnotes":""},"class_list":["post-1018","page","type-page","status-publish","has-post-thumbnail","hentry"],"yoast_head":"<!-- This site is optimized with the Yoast SEO plugin v27.5 - https:\/\/yoast.com\/product\/yoast-seo-wordpress\/ -->\n<title>D\u00e9mo gratuite - Tout savoir sur PressTix<\/title>\n<meta name=\"description\" content=\"Apprenez et obtenez des conseils sur la fa\u00e7on de g\u00e9rer votre page d\u2019\u00e9v\u00e8nements, comment communiquer avec vos visiteurs, comment promouvoir efficacement votre \u00e9v\u00e9nement, envoyer des promos et email marketing, offrir des ristournes, et plus encore !\" \/>\n<meta name=\"robots\" content=\"index, follow, max-snippet:-1, max-image-preview:large, max-video-preview:-1\" \/>\n<link rel=\"canonical\" href=\"https:\/\/presstix.com\/info\/demo-gratuite\/\" \/>\n<meta property=\"og:locale\" content=\"fr_FR\" \/>\n<meta property=\"og:type\" content=\"article\" \/>\n<meta property=\"og:title\" content=\"D\u00e9mo gratuite - Tout savoir sur PressTix\" \/>\n<meta property=\"og:description\" content=\"Apprenez et obtenez des conseils sur la fa\u00e7on de g\u00e9rer votre page d\u2019\u00e9v\u00e8nements, comment communiquer avec vos visiteurs, comment promouvoir efficacement votre \u00e9v\u00e9nement, envoyer des promos et email marketing, offrir des ristournes, et plus encore !\" \/>\n<meta property=\"og:url\" content=\"https:\/\/presstix.com\/info\/demo-gratuite\/\" \/>\n<meta property=\"og:site_name\" content=\"Tout savoir sur PressTix\" \/>\n<meta property=\"article:publisher\" content=\"https:\/\/www.facebook.com\/presstix\" \/>\n<meta property=\"article:modified_time\" content=\"2025-01-19T09:33:19+00:00\" \/>\n<meta property=\"og:image\" content=\"https:\/\/presstix.com\/info\/wp-content\/uploads\/2025\/01\/handsome-black-man-using-modern-laptop-yellow_116547-16959.webp\" \/>\n\t<meta property=\"og:image:width\" content=\"2000\" \/>\n\t<meta property=\"og:image:height\" content=\"1333\" \/>\n\t<meta property=\"og:image:type\" content=\"image\/webp\" \/>\n<meta name=\"twitter:card\" content=\"summary_large_image\" \/>\n<meta name=\"twitter:label1\" content=\"Dur\u00e9e de lecture estim\u00e9e\" \/>\n\t<meta name=\"twitter:data1\" content=\"2 minutes\" \/>\n<script type=\"application\/ld+json\" class=\"yoast-schema-graph\">{\"@context\":\"https:\\\/\\\/schema.org\",\"@graph\":[{\"@type\":\"WebPage\",\"@id\":\"https:\\\/\\\/presstix.com\\\/info\\\/demo-gratuite\\\/\",\"url\":\"https:\\\/\\\/presstix.com\\\/info\\\/demo-gratuite\\\/\",\"name\":\"D\u00e9mo gratuite - Tout savoir sur PressTix\",\"isPartOf\":{\"@id\":\"https:\\\/\\\/presstix.com\\\/info\\\/#website\"},\"primaryImageOfPage\":{\"@id\":\"https:\\\/\\\/presstix.com\\\/info\\\/demo-gratuite\\\/#primaryimage\"},\"image\":{\"@id\":\"https:\\\/\\\/presstix.com\\\/info\\\/demo-gratuite\\\/#primaryimage\"},\"thumbnailUrl\":\"https:\\\/\\\/presstix.com\\\/info\\\/wp-content\\\/uploads\\\/2025\\\/01\\\/handsome-black-man-using-modern-laptop-yellow_116547-16959.webp\",\"datePublished\":\"2022-08-31T22:57:07+00:00\",\"dateModified\":\"2025-01-19T09:33:19+00:00\",\"description\":\"Apprenez et obtenez des conseils sur la fa\u00e7on de g\u00e9rer votre page d\u2019\u00e9v\u00e8nements, comment communiquer avec vos visiteurs, comment promouvoir efficacement votre \u00e9v\u00e9nement, envoyer des promos et email marketing, offrir des ristournes, et plus encore !\",\"breadcrumb\":{\"@id\":\"https:\\\/\\\/presstix.com\\\/info\\\/demo-gratuite\\\/#breadcrumb\"},\"inLanguage\":\"fr-FR\",\"potentialAction\":[{\"@type\":\"ReadAction\",\"target\":[\"https:\\\/\\\/presstix.com\\\/info\\\/demo-gratuite\\\/\"]}]},{\"@type\":\"ImageObject\",\"inLanguage\":\"fr-FR\",\"@id\":\"https:\\\/\\\/presstix.com\\\/info\\\/demo-gratuite\\\/#primaryimage\",\"url\":\"https:\\\/\\\/presstix.com\\\/info\\\/wp-content\\\/uploads\\\/2025\\\/01\\\/handsome-black-man-using-modern-laptop-yellow_116547-16959.webp\",\"contentUrl\":\"https:\\\/\\\/presstix.com\\\/info\\\/wp-content\\\/uploads\\\/2025\\\/01\\\/handsome-black-man-using-modern-laptop-yellow_116547-16959.webp\",\"width\":2000,\"height\":1333},{\"@type\":\"BreadcrumbList\",\"@id\":\"https:\\\/\\\/presstix.com\\\/info\\\/demo-gratuite\\\/#breadcrumb\",\"itemListElement\":[{\"@type\":\"ListItem\",\"position\":1,\"name\":\"Acceuil\",\"item\":\"https:\\\/\\\/presstix.com\\\/info\\\/\"},{\"@type\":\"ListItem\",\"position\":2,\"name\":\"D\u00e9mo gratuite\"}]},{\"@type\":\"WebSite\",\"@id\":\"https:\\\/\\\/presstix.com\\\/info\\\/#website\",\"url\":\"https:\\\/\\\/presstix.com\\\/info\\\/\",\"name\":\"PressTix Info\",\"description\":\"\",\"publisher\":{\"@id\":\"https:\\\/\\\/presstix.com\\\/info\\\/#organization\"},\"potentialAction\":[{\"@type\":\"SearchAction\",\"target\":{\"@type\":\"EntryPoint\",\"urlTemplate\":\"https:\\\/\\\/presstix.com\\\/info\\\/?s={search_term_string}\"},\"query-input\":{\"@type\":\"PropertyValueSpecification\",\"valueRequired\":true,\"valueName\":\"search_term_string\"}}],\"inLanguage\":\"fr-FR\"},{\"@type\":\"Organization\",\"@id\":\"https:\\\/\\\/presstix.com\\\/info\\\/#organization\",\"name\":\"PressTix\",\"url\":\"https:\\\/\\\/presstix.com\\\/info\\\/\",\"logo\":{\"@type\":\"ImageObject\",\"inLanguage\":\"fr-FR\",\"@id\":\"https:\\\/\\\/presstix.com\\\/info\\\/#\\\/schema\\\/logo\\\/image\\\/\",\"url\":\"https:\\\/\\\/i0.wp.com\\\/presstix.com\\\/info\\\/wp-content\\\/uploads\\\/2024\\\/12\\\/cropped-p-carre-vert.png?fit=512%2C512&ssl=1\",\"contentUrl\":\"https:\\\/\\\/i0.wp.com\\\/presstix.com\\\/info\\\/wp-content\\\/uploads\\\/2024\\\/12\\\/cropped-p-carre-vert.png?fit=512%2C512&ssl=1\",\"width\":512,\"height\":512,\"caption\":\"PressTix\"},\"image\":{\"@id\":\"https:\\\/\\\/presstix.com\\\/info\\\/#\\\/schema\\\/logo\\\/image\\\/\"},\"sameAs\":[\"https:\\\/\\\/www.facebook.com\\\/presstix\",\"https:\\\/\\\/www.linkedin.com\\\/company\\\/presstix\",\"https:\\\/\\\/twitter.com\\\/press_tix\\\/\",\"https:\\\/\\\/www.youtube.com\\\/channel\\\/UCv608FueLovTZSdmpB9MDTw\",\"https:\\\/\\\/www.instagram.com\\\/presstix\\\/\"]}]}<\/script>\n<!-- \/ Yoast SEO plugin. -->","yoast_head_json":{"title":"D\u00e9mo gratuite - Tout savoir sur PressTix","description":"Apprenez et obtenez des conseils sur la fa\u00e7on de g\u00e9rer votre page d\u2019\u00e9v\u00e8nements, comment communiquer avec vos visiteurs, comment promouvoir efficacement votre \u00e9v\u00e9nement, envoyer des promos et email marketing, offrir des ristournes, et plus encore !","robots":{"index":"index","follow":"follow","max-snippet":"max-snippet:-1","max-image-preview":"max-image-preview:large","max-video-preview":"max-video-preview:-1"},"canonical":"https:\/\/presstix.com\/info\/demo-gratuite\/","og_locale":"fr_FR","og_type":"article","og_title":"D\u00e9mo gratuite - Tout savoir sur PressTix","og_description":"Apprenez et obtenez des conseils sur la fa\u00e7on de g\u00e9rer votre page d\u2019\u00e9v\u00e8nements, comment communiquer avec vos visiteurs, comment promouvoir efficacement votre \u00e9v\u00e9nement, envoyer des promos et email marketing, offrir des ristournes, et plus encore !","og_url":"https:\/\/presstix.com\/info\/demo-gratuite\/","og_site_name":"Tout savoir sur PressTix","article_publisher":"https:\/\/www.facebook.com\/presstix","article_modified_time":"2025-01-19T09:33:19+00:00","og_image":[{"width":2000,"height":1333,"url":"https:\/\/presstix.com\/info\/wp-content\/uploads\/2025\/01\/handsome-black-man-using-modern-laptop-yellow_116547-16959.webp","type":"image\/webp"}],"twitter_card":"summary_large_image","twitter_misc":{"Dur\u00e9e de lecture estim\u00e9e":"2 minutes"},"schema":{"@context":"https:\/\/schema.org","@graph":[{"@type":"WebPage","@id":"https:\/\/presstix.com\/info\/demo-gratuite\/","url":"https:\/\/presstix.com\/info\/demo-gratuite\/","name":"D\u00e9mo gratuite - Tout savoir sur PressTix","isPartOf":{"@id":"https:\/\/presstix.com\/info\/#website"},"primaryImageOfPage":{"@id":"https:\/\/presstix.com\/info\/demo-gratuite\/#primaryimage"},"image":{"@id":"https:\/\/presstix.com\/info\/demo-gratuite\/#primaryimage"},"thumbnailUrl":"https:\/\/presstix.com\/info\/wp-content\/uploads\/2025\/01\/handsome-black-man-using-modern-laptop-yellow_116547-16959.webp","datePublished":"2022-08-31T22:57:07+00:00","dateModified":"2025-01-19T09:33:19+00:00","description":"Apprenez et obtenez des conseils sur la fa\u00e7on de g\u00e9rer votre page d\u2019\u00e9v\u00e8nements, comment communiquer avec vos visiteurs, comment promouvoir efficacement votre \u00e9v\u00e9nement, envoyer des promos et email marketing, offrir des ristournes, et plus encore !","breadcrumb":{"@id":"https:\/\/presstix.com\/info\/demo-gratuite\/#breadcrumb"},"inLanguage":"fr-FR","potentialAction":[{"@type":"ReadAction","target":["https:\/\/presstix.com\/info\/demo-gratuite\/"]}]},{"@type":"ImageObject","inLanguage":"fr-FR","@id":"https:\/\/presstix.com\/info\/demo-gratuite\/#primaryimage","url":"https:\/\/presstix.com\/info\/wp-content\/uploads\/2025\/01\/handsome-black-man-using-modern-laptop-yellow_116547-16959.webp","contentUrl":"https:\/\/presstix.com\/info\/wp-content\/uploads\/2025\/01\/handsome-black-man-using-modern-laptop-yellow_116547-16959.webp","width":2000,"height":1333},{"@type":"BreadcrumbList","@id":"https:\/\/presstix.com\/info\/demo-gratuite\/#breadcrumb","itemListElement":[{"@type":"ListItem","position":1,"name":"Acceuil","item":"https:\/\/presstix.com\/info\/"},{"@type":"ListItem","position":2,"name":"D\u00e9mo gratuite"}]},{"@type":"WebSite","@id":"https:\/\/presstix.com\/info\/#website","url":"https:\/\/presstix.com\/info\/","name":"PressTix Info","description":"","publisher":{"@id":"https:\/\/presstix.com\/info\/#organization"},"potentialAction":[{"@type":"SearchAction","target":{"@type":"EntryPoint","urlTemplate":"https:\/\/presstix.com\/info\/?s={search_term_string}"},"query-input":{"@type":"PropertyValueSpecification","valueRequired":true,"valueName":"search_term_string"}}],"inLanguage":"fr-FR"},{"@type":"Organization","@id":"https:\/\/presstix.com\/info\/#organization","name":"PressTix","url":"https:\/\/presstix.com\/info\/","logo":{"@type":"ImageObject","inLanguage":"fr-FR","@id":"https:\/\/presstix.com\/info\/#\/schema\/logo\/image\/","url":"https:\/\/i0.wp.com\/presstix.com\/info\/wp-content\/uploads\/2024\/12\/cropped-p-carre-vert.png?fit=512%2C512&ssl=1","contentUrl":"https:\/\/i0.wp.com\/presstix.com\/info\/wp-content\/uploads\/2024\/12\/cropped-p-carre-vert.png?fit=512%2C512&ssl=1","width":512,"height":512,"caption":"PressTix"},"image":{"@id":"https:\/\/presstix.com\/info\/#\/schema\/logo\/image\/"},"sameAs":["https:\/\/www.facebook.com\/presstix","https:\/\/www.linkedin.com\/company\/presstix","https:\/\/twitter.com\/press_tix\/","https:\/\/www.youtube.com\/channel\/UCv608FueLovTZSdmpB9MDTw","https:\/\/www.instagram.com\/presstix\/"]}]}},"_links":{"self":[{"href":"https:\/\/presstix.com\/info\/wp-json\/wp\/v2\/pages\/1018","targetHints":{"allow":["GET"]}}],"collection":[{"href":"https:\/\/presstix.com\/info\/wp-json\/wp\/v2\/pages"}],"about":[{"href":"https:\/\/presstix.com\/info\/wp-json\/wp\/v2\/types\/page"}],"author":[{"embeddable":true,"href":"https:\/\/presstix.com\/info\/wp-json\/wp\/v2\/users\/1"}],"replies":[{"embeddable":true,"href":"https:\/\/presstix.com\/info\/wp-json\/wp\/v2\/comments?post=1018"}],"version-history":[{"count":23,"href":"https:\/\/presstix.com\/info\/wp-json\/wp\/v2\/pages\/1018\/revisions"}],"predecessor-version":[{"id":1972,"href":"https:\/\/presstix.com\/info\/wp-json\/wp\/v2\/pages\/1018\/revisions\/1972"}],"wp:featuredmedia":[{"embeddable":true,"href":"https:\/\/presstix.com\/info\/wp-json\/wp\/v2\/media\/1956"}],"wp:attachment":[{"href":"https:\/\/presstix.com\/info\/wp-json\/wp\/v2\/media?parent=1018"}],"curies":[{"name":"wp","href":"https:\/\/api.w.org\/{rel}","templated":true}]}}